{"id":714,"date":"2020-10-30T11:51:08","date_gmt":"2020-10-30T10:51:08","guid":{"rendered":"https:\/\/monsieursaucisson.com\/nl\/product\/droge-peper-worst\/"},"modified":"2026-04-23T18:12:02","modified_gmt":"2026-04-23T16:12:02","slug":"franzoesische-pfeffersalami","status":"publish","type":"product","link":"https:\/\/monsieursaucisson.com\/de\/franzoesische-pfeffersalami\/","title":{"rendered":"Franz\u00f6sische Pfeffersalami"},"content":{"rendered":"<h2>Saucisson aux poivre &#8211; Franz\u00f6sische Pfeffersalami<\/h2>\n<p>Ein absolutes Muss! Im Gegensatz zu den meisten Salamis ist diese franz\u00f6sische Salami mit Pfeffer ummantelt. Der Pfeffer verleiht der luftgetrockneten Pfeffersalami einen pikanten und w\u00fcrzigen Geschmack. Einfach lecker. Diese Pfeffersalami ist etwas f\u00fcr echte Liebhaber scharfer Speisen. Auf den ersten Blick scheint sie gar nicht so scharf zu schmecken, aber der w\u00fcrzige Nachgeschmack ist ein Highlight. Monsieur Saucisson zieht es vor, diese Saucisson zu essen, bevor er mit Freunden ausgeht. Ein Bier dazu und los geht&#8217;s!<\/p>\n","protected":false},"excerpt":{"rendered":"<p>Diese Pfeffersalami ist etwas f\u00fcr echte Liebhaber scharfer Speisen. Die Pfeffersalami ist auf der Au\u00dfenseite mit schwarzem Pfeffer bestreut. Auf den ersten Blick scheint der pikante Geschmack gar nicht so schlecht zu sein, aber die Wurst hat einen guten, anhaltenden und pikanten Nachgeschmack.<\/p>\n<p>Diese Wurst ist an ihrem wei\u00dfen Faden zu erkennen.<\/p>\n","protected":false},"featured_media":964,"template":"","meta":{"_acf_changed":false,"iawp_total_views":444,"editor_notices":[]},"product_brand":[],"product_cat":[15,82,81,85],"product_tag":[],"class_list":{"0":"post-714","1":"product","2":"type-product","3":"status-publish","4":"has-post-thumbnail","6":"product_cat-alle-produkte","7":"product_cat-franzoesische-salami","8":"product_cat-luftgetrocknete-salami","9":"product_cat-saucisson-sec-franzosische-salami","11":"first","12":"instock","13":"taxable","14":"shipping-taxable","15":"purchasable","16":"product-type-simple"},"acf":[],"_links":{"self":[{"href":"https:\/\/monsieursaucisson.com\/de\/wp-json\/wp\/v2\/product\/714","targetHints":{"allow":["GET"]}}],"collection":[{"href":"https:\/\/monsieursaucisson.com\/de\/wp-json\/wp\/v2\/product"}],"about":[{"href":"https:\/\/monsieursaucisson.com\/de\/wp-json\/wp\/v2\/types\/product"}],"wp:featuredmedia":[{"embeddable":true,"href":"https:\/\/monsieursaucisson.com\/de\/wp-json\/wp\/v2\/media\/964"}],"wp:attachment":[{"href":"https:\/\/monsieursaucisson.com\/de\/wp-json\/wp\/v2\/media?parent=714"}],"wp:term":[{"taxonomy":"product_brand","embeddable":true,"href":"https:\/\/monsieursaucisson.com\/de\/wp-json\/wp\/v2\/product_brand?post=714"},{"taxonomy":"product_cat","embeddable":true,"href":"https:\/\/monsieursaucisson.com\/de\/wp-json\/wp\/v2\/product_cat?post=714"},{"taxonomy":"product_tag","embeddable":true,"href":"https:\/\/monsieursaucisson.com\/de\/wp-json\/wp\/v2\/product_tag?post=714"}],"curies":[{"name":"wp","href":"https:\/\/api.w.org\/{rel}","templated":true}]}}