{"id":713,"date":"2020-10-30T11:51:07","date_gmt":"2020-10-30T10:51:07","guid":{"rendered":"https:\/\/monsieursaucisson.com\/nl\/product\/pikante-droge-worst\/"},"modified":"2026-04-28T16:51:32","modified_gmt":"2026-04-28T14:51:32","slug":"mild-wuerzige-salami","status":"publish","type":"product","link":"https:\/\/monsieursaucisson.com\/de\/mild-wuerzige-salami\/","title":{"rendered":"Mild w\u00fcrzige Salami"},"content":{"rendered":"<h3>Saucisson Pimento &#8211; eine mild w\u00fcrzige Salami<\/h3>\n<p>Schon mal was von &#8222;Borreln&#8220;geh\u00f6rt? In den Niederlanden ist das &#8222;Borreln&#8220; Gang und g\u00e4be. Ein Borrel ist ein gem\u00fctliches Beisammensein unter Kollegen oder Freunden. Hierbei geh\u00f6ren nicht nur Getr\u00e4nke, sondern auch verschiedene Leckereien dazu. Borrelsnacks, auch Borrelhapjes genannt, sind so etwas wie die Tapas der niederl\u00e4ndischen K\u00fcche. Und hier kommt unsere mild w\u00fcrzige Salami isdn Spiel, denn diese Wurst ist einfach nur perfekt daf\u00fcr.<\/p>\n<p>Wir von Monsieur Saucisson verstehen uns auf die Kunst, eine perfekte Borrel-Tafel (Brotzeittafel, Vespertafel, Wurst-oder H\u00e4ppchenplatte) zusammenzustellen, und diese mild-w\u00fcrzige Salami ist definitiv ein wesentlicher Bestandteil davon. Unsere Produkte sind immer frisch vom Bauernhof, und es ist unsere Leidenschaft, Liebhabern feiner Delikatessen authentische Aromen und Geschm\u00e4cker zu bieten.<\/p>\n<p>&nbsp;<\/p>\n","protected":false},"excerpt":{"rendered":"<p>Wenn Sie es gerne etwas w\u00fcrziger m\u00f6gen, ist diese mild w\u00fcrzige Salami genau das Richtige f\u00fcr Sie. Wenn Sie diese luftgetrocknete Wurst probieren, denken Sie erstmal: &#8222;Scharf&#8230;? Das ist ja gar nicht so schlimm.&#8220; Zehn Sekunden sp\u00e4ter kommt der herrlich mild-w\u00fcrzige Geschmack und dieser verbleibt auch noch eine Weile sch\u00f6n im Mund.<\/p>\n<p>Piment d&#8217;Espelette wird aus <a href=\"https:\/\/de.wikipedia.org\/wiki\/Gorria\" target=\"_blank\" rel=\"noopener\">Gorriaschoten<\/a> gewonnen, die Seeleute im 16. Jahrhundert aus S\u00fcdamerika nach Frankreich brachten. Sie suchen doch noch etwas Sch\u00e4rferes? Dann probieren Sie doch mal unsere <a href=\"https:\/\/monsieursaucisson.com\/de\/extra-scharfe-salami\/\">extra scharfe Salami<\/a>!<\/p>\n<p>Diese Wurst ist an ihrer gelb-blauen Schnur zu erkennen.<\/p>\n","protected":false},"featured_media":965,"template":"","meta":{"_acf_changed":false,"iawp_total_views":106,"editor_notices":[]},"product_brand":[],"product_cat":[15,82,81,85],"product_tag":[],"class_list":{"0":"post-713","1":"product","2":"type-product","3":"status-publish","4":"has-post-thumbnail","6":"product_cat-alle-produkte","7":"product_cat-franzoesische-salami","8":"product_cat-luftgetrocknete-salami","9":"product_cat-saucisson-sec-franzosische-salami","11":"first","12":"instock","13":"taxable","14":"shipping-taxable","15":"purchasable","16":"product-type-simple"},"acf":[],"_links":{"self":[{"href":"https:\/\/monsieursaucisson.com\/de\/wp-json\/wp\/v2\/product\/713","targetHints":{"allow":["GET"]}}],"collection":[{"href":"https:\/\/monsieursaucisson.com\/de\/wp-json\/wp\/v2\/product"}],"about":[{"href":"https:\/\/monsieursaucisson.com\/de\/wp-json\/wp\/v2\/types\/product"}],"wp:featuredmedia":[{"embeddable":true,"href":"https:\/\/monsieursaucisson.com\/de\/wp-json\/wp\/v2\/media\/965"}],"wp:attachment":[{"href":"https:\/\/monsieursaucisson.com\/de\/wp-json\/wp\/v2\/media?parent=713"}],"wp:term":[{"taxonomy":"product_brand","embeddable":true,"href":"https:\/\/monsieursaucisson.com\/de\/wp-json\/wp\/v2\/product_brand?post=713"},{"taxonomy":"product_cat","embeddable":true,"href":"https:\/\/monsieursaucisson.com\/de\/wp-json\/wp\/v2\/product_cat?post=713"},{"taxonomy":"product_tag","embeddable":true,"href":"https:\/\/monsieursaucisson.com\/de\/wp-json\/wp\/v2\/product_tag?post=713"}],"curies":[{"name":"wp","href":"https:\/\/api.w.org\/{rel}","templated":true}]}}