{"id":712,"date":"2020-10-30T11:51:07","date_gmt":"2020-10-30T10:51:07","guid":{"rendered":"https:\/\/monsieursaucisson.com\/nl\/product\/droge-worst-kruiden\/"},"modified":"2026-04-24T12:00:35","modified_gmt":"2026-04-24T10:00:35","slug":"salami-mit-kraeuter-der-provence","status":"publish","type":"product","link":"https:\/\/monsieursaucisson.com\/de\/salami-mit-kraeuter-der-provence\/","title":{"rendered":"Franz\u00f6sische Salami mit Kr\u00e4uter der Provence"},"content":{"rendered":"<h2>Saucisson aux herbes &#8211; Franz\u00f6sische Salami mit Kr\u00e4uter der Provence<\/h2>\n<p>Die Salami mit Kr\u00e4uter der Provence (Saucisson aux herbes) mit provenzalischem Kr\u00e4utermantel ist eine w\u00fcrzige Salami mit Kr\u00e4utern der Provence. Das Besondere ist, dass die Zusammensetzung dieser W\u00fcrzmischung immer unterschiedlich ist. Diese Salami ist mit Rosmarin und Thymian ummantelt. Provenzalische Kr\u00e4uter werden oft in Kombination mit Wildgerichten verwendet und zum W\u00fcrzen von Saucen. Die Salami mit Kr\u00e4uter der Provence schmeckt herrlich zu einem guten Glas Rotwein.<\/p>\n","protected":false},"excerpt":{"rendered":"<p>Die franz\u00f6sische Salami Saucisson aux herbes mit provenzalischen Kr\u00e4uter Mantel ist eine sch\u00f6ne w\u00fcrzige Wurst mit Herbes de Provence. K\u00f6stlich mit einem kr\u00e4ftigen Glas Rotwein. Die Zusammensetzung dieser Gew\u00fcrzmischung ist immer anders. Diese Saucisson wird mit Rosmarin und Thymian \u00fcberzogen.<\/p>\n<p>Die Wurst ist an der wei\u00dfen Schnur zu erkennen.<\/p>\n","protected":false},"featured_media":966,"template":"","meta":{"_acf_changed":false,"iawp_total_views":469,"editor_notices":[]},"product_brand":[],"product_cat":[15,82,81,85],"product_tag":[],"class_list":{"0":"post-712","1":"product","2":"type-product","3":"status-publish","4":"has-post-thumbnail","6":"product_cat-alle-produkte","7":"product_cat-franzoesische-salami","8":"product_cat-luftgetrocknete-salami","9":"product_cat-saucisson-sec-franzosische-salami","11":"first","12":"instock","13":"taxable","14":"shipping-taxable","15":"purchasable","16":"product-type-simple"},"acf":[],"_links":{"self":[{"href":"https:\/\/monsieursaucisson.com\/de\/wp-json\/wp\/v2\/product\/712","targetHints":{"allow":["GET"]}}],"collection":[{"href":"https:\/\/monsieursaucisson.com\/de\/wp-json\/wp\/v2\/product"}],"about":[{"href":"https:\/\/monsieursaucisson.com\/de\/wp-json\/wp\/v2\/types\/product"}],"wp:featuredmedia":[{"embeddable":true,"href":"https:\/\/monsieursaucisson.com\/de\/wp-json\/wp\/v2\/media\/966"}],"wp:attachment":[{"href":"https:\/\/monsieursaucisson.com\/de\/wp-json\/wp\/v2\/media?parent=712"}],"wp:term":[{"taxonomy":"product_brand","embeddable":true,"href":"https:\/\/monsieursaucisson.com\/de\/wp-json\/wp\/v2\/product_brand?post=712"},{"taxonomy":"product_cat","embeddable":true,"href":"https:\/\/monsieursaucisson.com\/de\/wp-json\/wp\/v2\/product_cat?post=712"},{"taxonomy":"product_tag","embeddable":true,"href":"https:\/\/monsieursaucisson.com\/de\/wp-json\/wp\/v2\/product_tag?post=712"}],"curies":[{"name":"wp","href":"https:\/\/api.w.org\/{rel}","templated":true}]}}