{"id":711,"date":"2020-10-30T11:51:06","date_gmt":"2020-10-30T10:51:06","guid":{"rendered":"https:\/\/monsieursaucisson.com\/nl\/product\/droge-worst-vijgen\/"},"modified":"2026-04-23T13:21:03","modified_gmt":"2026-04-23T11:21:03","slug":"franzoesische-salami-mit-feigen","status":"publish","type":"product","link":"https:\/\/monsieursaucisson.com\/de\/franzoesische-salami-mit-feigen\/","title":{"rendered":"Franz\u00f6sische Salami mit Feigen"},"content":{"rendered":"<h2>Saucisson figues &#8211; Franz\u00f6sische Salami mit Feigen<\/h2>\n<p>Monsieur Saucisson sagt: &#8218;Saucisson de figues&#8216;, Sie sagen: &#8222;Salami mit Feigen&#8220;. Eine Wurst, die durch ihre Struktur charakterisiert wird, denn durch die Feigen hat diese luftgetrocknete Salami einen anderen Biss, da die Kerne ihr eine knusprige Note verleihen. Zusammen mit dem s\u00fc\u00dfen Nachgeschmack, ergibt dies eine ganz besondere Saucisson-Salami. Im Jahr 2012 belegte diese Salami mit Feigen in Frankreich den ersten Platz bei einem Wettbewerb zur Einf\u00fchrung neuer Geschmacksrichtungen. Das zeigt, wie k\u00f6stlich diese Wurst ist!<\/p>\n","protected":false},"excerpt":{"rendered":"<p>Ein echter Geheimtipp ist diese schmackhafte franz\u00f6sische Salami mit Feigen. Das Schweinefleisch wird mit dem Fruchtfleisch von Feigen vermischt. Die Feigen machen die Rohwurst etwas s\u00fc\u00dfer und knackiger.<\/p>\n<p>Im Jahr 2012 hat diese Wurst \u00fcbrigens den ersten Platz in Frankreich bei einem Wettbewerb zur Einf\u00fchrung neuer Geschmacksrichtungen belegt. Tr\u00e8s bon!<\/p>\n<p>Diese Wurst ist an der rot-blauen Schnur zu erkennen.<\/p>\n","protected":false},"featured_media":970,"template":"","meta":{"_acf_changed":false,"iawp_total_views":351,"editor_notices":[]},"product_brand":[],"product_cat":[15,82,81,85],"product_tag":[],"class_list":{"0":"post-711","1":"product","2":"type-product","3":"status-publish","4":"has-post-thumbnail","6":"product_cat-alle-produkte","7":"product_cat-franzoesische-salami","8":"product_cat-luftgetrocknete-salami","9":"product_cat-saucisson-sec-franzosische-salami","11":"first","12":"instock","13":"taxable","14":"shipping-taxable","15":"purchasable","16":"product-type-simple"},"acf":[],"_links":{"self":[{"href":"https:\/\/monsieursaucisson.com\/de\/wp-json\/wp\/v2\/product\/711","targetHints":{"allow":["GET"]}}],"collection":[{"href":"https:\/\/monsieursaucisson.com\/de\/wp-json\/wp\/v2\/product"}],"about":[{"href":"https:\/\/monsieursaucisson.com\/de\/wp-json\/wp\/v2\/types\/product"}],"wp:featuredmedia":[{"embeddable":true,"href":"https:\/\/monsieursaucisson.com\/de\/wp-json\/wp\/v2\/media\/970"}],"wp:attachment":[{"href":"https:\/\/monsieursaucisson.com\/de\/wp-json\/wp\/v2\/media?parent=711"}],"wp:term":[{"taxonomy":"product_brand","embeddable":true,"href":"https:\/\/monsieursaucisson.com\/de\/wp-json\/wp\/v2\/product_brand?post=711"},{"taxonomy":"product_cat","embeddable":true,"href":"https:\/\/monsieursaucisson.com\/de\/wp-json\/wp\/v2\/product_cat?post=711"},{"taxonomy":"product_tag","embeddable":true,"href":"https:\/\/monsieursaucisson.com\/de\/wp-json\/wp\/v2\/product_tag?post=711"}],"curies":[{"name":"wp","href":"https:\/\/api.w.org\/{rel}","templated":true}]}}