{"id":710,"date":"2020-10-30T11:51:06","date_gmt":"2020-10-30T10:51:06","guid":{"rendered":"https:\/\/monsieursaucisson.com\/nl\/product\/droge-worst-walnoot\/"},"modified":"2026-04-07T22:10:39","modified_gmt":"2026-04-07T20:10:39","slug":"walnuss-salami","status":"publish","type":"product","link":"https:\/\/monsieursaucisson.com\/de\/walnuss-salami\/","title":{"rendered":"Franz\u00f6sische Walnuss Salami"},"content":{"rendered":"<h2>Saucisson Noix &#8211; Franz\u00f6sische Walnuss Salami<\/h2>\n<p>Eine typische luftgetrocknete Fuet-Salami mit Waln\u00fcssen. Diese Trockenwurst ist reichhaltig mit ganzen Walnussst\u00fccken gef\u00fcllt und der Nussgehalt kann von Scheibe zu Scheibe variieren. Die Walnuss verleiht dieser franz\u00f6sischen Salami einen knusprigen und cremigen Geschmack.<\/p>\n<p>&nbsp;<\/p>\n","protected":false},"excerpt":{"rendered":"<p>Die franz\u00f6sische Walnuss Salami &#8211; Saucisson noix &#8211; ist gro\u00dfz\u00fcgig gef\u00fcllt mit ganzen Walnussst\u00fccken. Der Anteil der N\u00fcsse kann per Wurstscheibe variieren. Die Walnuss verleiht der Wurst einen knusprigen und cremigen Geschmack.<\/p>\n<p>Diese Wurst ist an der dunkelgr\u00fcnen Schnur zu erkennen.<\/p>\n","protected":false},"featured_media":1103,"template":"","meta":{"_acf_changed":false,"iawp_total_views":839,"editor_notices":[]},"product_brand":[],"product_cat":[81,82,85,15],"product_tag":[],"class_list":{"0":"post-710","1":"product","2":"type-product","3":"status-publish","4":"has-post-thumbnail","6":"product_cat-luftgetrocknete-salami","7":"product_cat-franzoesische-salami","8":"product_cat-saucisson-sec-franzosische-salami","9":"product_cat-alle-produkte","11":"first","12":"instock","13":"taxable","14":"shipping-taxable","15":"purchasable","16":"product-type-simple"},"acf":[],"_links":{"self":[{"href":"https:\/\/monsieursaucisson.com\/de\/wp-json\/wp\/v2\/product\/710","targetHints":{"allow":["GET"]}}],"collection":[{"href":"https:\/\/monsieursaucisson.com\/de\/wp-json\/wp\/v2\/product"}],"about":[{"href":"https:\/\/monsieursaucisson.com\/de\/wp-json\/wp\/v2\/types\/product"}],"wp:featuredmedia":[{"embeddable":true,"href":"https:\/\/monsieursaucisson.com\/de\/wp-json\/wp\/v2\/media\/1103"}],"wp:attachment":[{"href":"https:\/\/monsieursaucisson.com\/de\/wp-json\/wp\/v2\/media?parent=710"}],"wp:term":[{"taxonomy":"product_brand","embeddable":true,"href":"https:\/\/monsieursaucisson.com\/de\/wp-json\/wp\/v2\/product_brand?post=710"},{"taxonomy":"product_cat","embeddable":true,"href":"https:\/\/monsieursaucisson.com\/de\/wp-json\/wp\/v2\/product_cat?post=710"},{"taxonomy":"product_tag","embeddable":true,"href":"https:\/\/monsieursaucisson.com\/de\/wp-json\/wp\/v2\/product_tag?post=710"}],"curies":[{"name":"wp","href":"https:\/\/api.w.org\/{rel}","templated":true}]}}