{"id":709,"date":"2020-10-30T11:51:05","date_gmt":"2020-10-30T10:51:05","guid":{"rendered":"https:\/\/monsieursaucisson.com\/nl\/product\/knoflookworst\/"},"modified":"2026-04-08T15:50:30","modified_gmt":"2026-04-08T13:50:30","slug":"knoblauch-salami","status":"publish","type":"product","link":"https:\/\/monsieursaucisson.com\/de\/knoblauch-salami\/","title":{"rendered":"Franz\u00f6sische Knoblauch-Salami"},"content":{"rendered":"<h2>Saucisson a l&#8217;ai &#8211; Franz\u00f6sische Knoblauch-Salami<\/h2>\n<p>Auf der Suche nach einer k\u00f6stlichen Knoblauchwurst? Wir presentieren Ihnen die ber\u00fchmteste und beliebteste Wurst Europas: die Knoblauch-Salami! Die meisten Menschen kennen diese Knoblauchwurst als Salami, denn so wird sie auch in Italien genannt. Die franz\u00f6sische Knoblauch-Salami &#8211; Saucisson a l&#8217;ail &#8211; ist ein echter Klassiker. Sie geh\u00f6rt zu den meistverkauften Salamis und Sie werden diese k\u00f6stliche Salami lieben &#8211; so franz\u00f6sisch. Und, schlie\u00dflich ist ja auch ziemlich viel Knoblauch in der Salami. Diese Knoblauchwurst schmeckt k\u00f6stlich zu verschiedenen Weinsorten. Jeder liebt die Knoblauch-Salami und Knoblauch ist ja auch noch gesund!<\/p>\n","protected":false},"excerpt":{"rendered":"<p>Die ber\u00fchmteste Wurst der Welt. Die Knoblauch-Salami. Die meisten Leute kennen sie als &#8222;die Salami&#8220;,\u00a0 aber das ist eigentlich eine italienische Rohwurst. Diese Saucisson wird am besten zu zweit gegessen, denn das sorgt f\u00fcr mehr Romantik.<\/p>\n<p>Diese Wurst ist an der wei\u00dfen Schnur zu erkennen.<\/p>\n","protected":false},"featured_media":1101,"template":"","meta":{"_acf_changed":false,"iawp_total_views":709,"editor_notices":[]},"product_brand":[],"product_cat":[81,82,85,15],"product_tag":[],"class_list":{"0":"post-709","1":"product","2":"type-product","3":"status-publish","4":"has-post-thumbnail","6":"product_cat-luftgetrocknete-salami","7":"product_cat-franzoesische-salami","8":"product_cat-saucisson-sec-franzosische-salami","9":"product_cat-alle-produkte","11":"first","12":"instock","13":"taxable","14":"shipping-taxable","15":"purchasable","16":"product-type-simple"},"acf":[],"_links":{"self":[{"href":"https:\/\/monsieursaucisson.com\/de\/wp-json\/wp\/v2\/product\/709","targetHints":{"allow":["GET"]}}],"collection":[{"href":"https:\/\/monsieursaucisson.com\/de\/wp-json\/wp\/v2\/product"}],"about":[{"href":"https:\/\/monsieursaucisson.com\/de\/wp-json\/wp\/v2\/types\/product"}],"wp:featuredmedia":[{"embeddable":true,"href":"https:\/\/monsieursaucisson.com\/de\/wp-json\/wp\/v2\/media\/1101"}],"wp:attachment":[{"href":"https:\/\/monsieursaucisson.com\/de\/wp-json\/wp\/v2\/media?parent=709"}],"wp:term":[{"taxonomy":"product_brand","embeddable":true,"href":"https:\/\/monsieursaucisson.com\/de\/wp-json\/wp\/v2\/product_brand?post=709"},{"taxonomy":"product_cat","embeddable":true,"href":"https:\/\/monsieursaucisson.com\/de\/wp-json\/wp\/v2\/product_cat?post=709"},{"taxonomy":"product_tag","embeddable":true,"href":"https:\/\/monsieursaucisson.com\/de\/wp-json\/wp\/v2\/product_tag?post=709"}],"curies":[{"name":"wp","href":"https:\/\/api.w.org\/{rel}","templated":true}]}}