{"id":708,"date":"2020-10-30T11:51:05","date_gmt":"2020-10-30T10:51:05","guid":{"rendered":"https:\/\/monsieursaucisson.com\/nl\/product\/droge-worst-bleu-dauvergne\/"},"modified":"2026-04-09T05:21:08","modified_gmt":"2026-04-09T03:21:08","slug":"salami-mit-blauschimmelkaese","status":"publish","type":"product","link":"https:\/\/monsieursaucisson.com\/de\/salami-mit-blauschimmelkaese\/","title":{"rendered":"Franz\u00f6sische Salami mit Blauschimmelk\u00e4se"},"content":{"rendered":"<h2>Saucisson Blue D&#8217;Auvergne &#8211; Franz\u00f6sische Salami mit Blauschimmelk\u00e4se<\/h2>\n<p>Diese franz\u00f6sische Salami mit Blauschimmelk\u00e4se ist DER Verkaufsschlager schlechthin von Monsieur Saucisson. Die Salami mit dem Blauschimmelk\u00e4se Bleu d&#8217;Auvergne wurde von unseren Kunden zum besten Urlaubsgeschmack gew\u00e4hlt. Kr\u00e4ftig, aber nicht zu aufdringlich. Der Blauschimmelk\u00e4se verleiht der Salami-Wurst einen cremigen K\u00e4segeschmack, der sch\u00f6n auf der Zunge zergeht. M\u00f6gen Sie oder Ihre G\u00e4ste keinen Blauschimmelk\u00e4se? Das ist kein Problem, denn diese franz\u00f6sische Salami ist vor allem sehr cremig im Geschmack und entspricht nicht dem, was Sie von einem Blauschimmelk\u00e4se erwarten w\u00fcrden. Fast jeder mag diese luftgetrocknete Salami mit Blauschimmelk\u00e4se! M\u00f6chten Sie M\u00f6gen Sie es noch etwas w\u00fcrziger? Dann probieren Sie unbedingt unsere franz\u00f6sische <strong><a href=\"https:\/\/monsieursaucisson.com\/de\/salami-mit-roquefort-kaese\/\">Salami mit Roquefort K\u00e4se<\/a><\/strong>!<\/p>\n","protected":false},"excerpt":{"rendered":"<p>Der Verkaufsschlager von Monsieur Saucisson. Die Trockenwurst mit Bleu d&#8217;Auvergne Blauschimmelk\u00e4se wurde von unseren Kunden zum Geschmack der Ferien gew\u00e4hlt. Kr\u00e4ftig, aber nicht zu aufdringlich. Der Blauschimmelk\u00e4se verleiht der Wurst einen cremigen K\u00e4segeschmack, der sch\u00f6n auf der Zunge zergeht.<\/p>\n<p>Diese Wurst ist an der blau-gelben Schnur zu erkennen.<\/p>\n","protected":false},"featured_media":1104,"template":"","meta":{"_acf_changed":false,"iawp_total_views":1140,"editor_notices":[]},"product_brand":[],"product_cat":[15,82,81,85],"product_tag":[],"class_list":{"0":"post-708","1":"product","2":"type-product","3":"status-publish","4":"has-post-thumbnail","6":"product_cat-alle-produkte","7":"product_cat-franzoesische-salami","8":"product_cat-luftgetrocknete-salami","9":"product_cat-saucisson-sec-franzosische-salami","11":"first","12":"instock","13":"taxable","14":"shipping-taxable","15":"purchasable","16":"product-type-simple"},"acf":[],"_links":{"self":[{"href":"https:\/\/monsieursaucisson.com\/de\/wp-json\/wp\/v2\/product\/708","targetHints":{"allow":["GET"]}}],"collection":[{"href":"https:\/\/monsieursaucisson.com\/de\/wp-json\/wp\/v2\/product"}],"about":[{"href":"https:\/\/monsieursaucisson.com\/de\/wp-json\/wp\/v2\/types\/product"}],"wp:featuredmedia":[{"embeddable":true,"href":"https:\/\/monsieursaucisson.com\/de\/wp-json\/wp\/v2\/media\/1104"}],"wp:attachment":[{"href":"https:\/\/monsieursaucisson.com\/de\/wp-json\/wp\/v2\/media?parent=708"}],"wp:term":[{"taxonomy":"product_brand","embeddable":true,"href":"https:\/\/monsieursaucisson.com\/de\/wp-json\/wp\/v2\/product_brand?post=708"},{"taxonomy":"product_cat","embeddable":true,"href":"https:\/\/monsieursaucisson.com\/de\/wp-json\/wp\/v2\/product_cat?post=708"},{"taxonomy":"product_tag","embeddable":true,"href":"https:\/\/monsieursaucisson.com\/de\/wp-json\/wp\/v2\/product_tag?post=708"}],"curies":[{"name":"wp","href":"https:\/\/api.w.org\/{rel}","templated":true}]}}