{"id":707,"date":"2020-10-30T11:51:04","date_gmt":"2020-10-30T10:51:04","guid":{"rendered":"https:\/\/monsieursaucisson.com\/nl\/product\/droge-worst-5-pepers\/"},"modified":"2026-04-11T02:18:39","modified_gmt":"2026-04-11T00:18:39","slug":"saucisson-salami-mit-pfefferkoernern","status":"publish","type":"product","link":"https:\/\/monsieursaucisson.com\/de\/saucisson-salami-mit-pfefferkoernern\/","title":{"rendered":"Franz\u00f6sische Salami mit 5 verschiedenen Pfefferk\u00f6rnern"},"content":{"rendered":"<h2>Saucisson cinq baies &#8211; Franz\u00f6sische Salami mit 5 verschiedenen Pfefferk\u00f6rnern<\/h2>\n<p>Durch die 5 verschiedenen Pfeffersorten ist diese Pfeffersalami &#8211; Saucisson cinq baies w\u00fcrzig und nur leicht pikant. In der Salami mit Pfefferk\u00f6rnern werden ganze Pfefferk\u00f6rner verarbeitet, so dass der Geschmack von Scheibe zu Scheibe variiert. Es ist spannend, was Sie bei dieser Saucisson pro Scheibe schmecken werden &#8211; mal w\u00fcrzig, mal pikant. Sie erkennen diese franz\u00f6sische Salami an ihrem wei\u00df-lilafarbenen Faden. Schmeckt und riecht sehr lecker.<\/p>\n<p>F\u00fcr alle, die es scharf m\u00f6gen, geht es <strong><a href=\"https:\/\/monsieursaucisson.com\/de\/?s=scharf&amp;submit=\">hier<\/a><\/strong> lang!<\/p>\n","protected":false},"excerpt":{"rendered":"<p>Diese Salami mit Pfefferk\u00f6rnern &#8211; Saucisson cinq baies &#8211; ist durch die Verwendung von 5 verschiedenen Pfeffersorten w\u00fcrzig und nur leicht pikant. In der Wurst werden ganze Pfefferk\u00f6rner verarbeitet, so dass der Geschmack von Scheibe zu Scheibe variiert &#8211; einfach nur k\u00f6stlich!<\/p>\n<p>Diese Wurst ist an dem wei\u00df-violetten Faden zu erkennen.<\/p>\n","protected":false},"featured_media":1102,"template":"","meta":{"_acf_changed":false,"iawp_total_views":225,"editor_notices":[]},"product_brand":[],"product_cat":[81,82,85,15],"product_tag":[],"class_list":{"0":"post-707","1":"product","2":"type-product","3":"status-publish","4":"has-post-thumbnail","6":"product_cat-luftgetrocknete-salami","7":"product_cat-franzoesische-salami","8":"product_cat-saucisson-sec-franzosische-salami","9":"product_cat-alle-produkte","11":"first","12":"instock","13":"taxable","14":"shipping-taxable","15":"purchasable","16":"product-type-simple"},"acf":[],"_links":{"self":[{"href":"https:\/\/monsieursaucisson.com\/de\/wp-json\/wp\/v2\/product\/707","targetHints":{"allow":["GET"]}}],"collection":[{"href":"https:\/\/monsieursaucisson.com\/de\/wp-json\/wp\/v2\/product"}],"about":[{"href":"https:\/\/monsieursaucisson.com\/de\/wp-json\/wp\/v2\/types\/product"}],"wp:featuredmedia":[{"embeddable":true,"href":"https:\/\/monsieursaucisson.com\/de\/wp-json\/wp\/v2\/media\/1102"}],"wp:attachment":[{"href":"https:\/\/monsieursaucisson.com\/de\/wp-json\/wp\/v2\/media?parent=707"}],"wp:term":[{"taxonomy":"product_brand","embeddable":true,"href":"https:\/\/monsieursaucisson.com\/de\/wp-json\/wp\/v2\/product_brand?post=707"},{"taxonomy":"product_cat","embeddable":true,"href":"https:\/\/monsieursaucisson.com\/de\/wp-json\/wp\/v2\/product_cat?post=707"},{"taxonomy":"product_tag","embeddable":true,"href":"https:\/\/monsieursaucisson.com\/de\/wp-json\/wp\/v2\/product_tag?post=707"}],"curies":[{"name":"wp","href":"https:\/\/api.w.org\/{rel}","templated":true}]}}