{"id":5925,"date":"2024-11-07T10:20:34","date_gmt":"2024-11-07T09:20:34","guid":{"rendered":"https:\/\/monsieursaucisson.com\/de\/?post_type=product&#038;p=5925"},"modified":"2026-03-25T13:55:29","modified_gmt":"2026-03-25T12:55:29","slug":"salzmandeln-valencia-mandeln-naturel","status":"publish","type":"product","link":"https:\/\/monsieursaucisson.com\/de\/salzmandeln-valencia-mandeln-naturel\/","title":{"rendered":"Salzmandeln &#8211; Valencia Mandeln Naturel"},"content":{"rendered":"<h2><strong>Salzmandeln &#8211; Valencia Mandeln Naturel<\/strong><\/h2>\n<p>Die Valencia Salzmandeln Naturel sind ein echter Klassiker und begeistern immer wieder. Diese Mandeln werden kurz blanchiert, wodurch sie einen weichen, aber knackigen Biss erhalten. Anschlie\u00dfend werden sie leicht gesalzen, um einen leichten, w\u00fcrzigen Geschmack zu erhalten. Diese knusprigen Leckerbissen sind die perfekte Erg\u00e4nzung f\u00fcr eine Vespertafel, vor allem, wenn sie gemeinsam mit einer Auswahl unserer Rohw\u00fcrste wie dem <a href=\"https:\/\/monsieursaucisson.com\/de\/fuet-edelsalami-haselnuss\/\">Fuet mit Haselnuss<\/a> oder der <a href=\"https:\/\/monsieursaucisson.com\/de\/knoblauch-salami\/\" target=\"_blank\" rel=\"noopener\">Saucisson mit Knoblauch<\/a> serviert werden. Die Kombination aus den k\u00f6stlichen Salzmandeln und der Wurst ergibt ein unwiderstehliches Gleichgewicht der Aromen. Ideal zu jedem Getr\u00e4nk oder einfach als leckerer Snack zwischendurch.<\/p>\n<p><a href=\"https:\/\/monsieursaucisson.com\/de\/nuesse-nussmischungen\/\" target=\"_blank\" rel=\"noopener\"><em>Snack-Attack: hier gehts zu den anderen Nussmischungen!<\/em><\/a><\/p>\n","protected":false},"excerpt":{"rendered":"<p>Die<em> Valencia-Salzmandeln sind ein Klassiker<\/em>, der Sie nie entt\u00e4uschen wird. Diese Mandeln werden kurz blanchiert, wodurch sie einen weichen, aber knackigen Biss erhalten. Anschlie\u00dfend werden die Salzmandeln leicht gesalzen, was ihnen einen dezenten, vollmundigen Geschmack verleiht.<\/p>\n","protected":false},"featured_media":5926,"template":"","meta":{"_acf_changed":false,"iawp_total_views":229,"editor_notices":[]},"product_brand":[],"product_cat":[348,346,317],"product_tag":[],"class_list":{"0":"post-5925","1":"product","2":"type-product","3":"status-publish","4":"has-post-thumbnail","6":"product_cat-neu","7":"product_cat-neu-und-aktionen","8":"product_cat-nuesse-nussmischungen","10":"first","11":"instock","12":"taxable","13":"shipping-taxable","14":"purchasable","15":"product-type-simple"},"acf":[],"_links":{"self":[{"href":"https:\/\/monsieursaucisson.com\/de\/wp-json\/wp\/v2\/product\/5925","targetHints":{"allow":["GET"]}}],"collection":[{"href":"https:\/\/monsieursaucisson.com\/de\/wp-json\/wp\/v2\/product"}],"about":[{"href":"https:\/\/monsieursaucisson.com\/de\/wp-json\/wp\/v2\/types\/product"}],"wp:featuredmedia":[{"embeddable":true,"href":"https:\/\/monsieursaucisson.com\/de\/wp-json\/wp\/v2\/media\/5926"}],"wp:attachment":[{"href":"https:\/\/monsieursaucisson.com\/de\/wp-json\/wp\/v2\/media?parent=5925"}],"wp:term":[{"taxonomy":"product_brand","embeddable":true,"href":"https:\/\/monsieursaucisson.com\/de\/wp-json\/wp\/v2\/product_brand?post=5925"},{"taxonomy":"product_cat","embeddable":true,"href":"https:\/\/monsieursaucisson.com\/de\/wp-json\/wp\/v2\/product_cat?post=5925"},{"taxonomy":"product_tag","embeddable":true,"href":"https:\/\/monsieursaucisson.com\/de\/wp-json\/wp\/v2\/product_tag?post=5925"}],"curies":[{"name":"wp","href":"https:\/\/api.w.org\/{rel}","templated":true}]}}