{"id":5923,"date":"2024-11-07T12:35:49","date_gmt":"2024-11-07T11:35:49","guid":{"rendered":"https:\/\/monsieursaucisson.com\/de\/?post_type=product&#038;p=5923"},"modified":"2026-03-25T13:50:28","modified_gmt":"2026-03-25T12:50:28","slug":"valencia-mandeln-trueffel","status":"publish","type":"product","link":"https:\/\/monsieursaucisson.com\/de\/valencia-mandeln-trueffel\/","title":{"rendered":"Valencia Mandeln Tr\u00fcffel"},"content":{"rendered":"<h2>Valencia Mandeln Tr\u00fcffel &#8211; Luxus auf dem Teller<\/h2>\n<p>Sie m\u00f6chten Ihren G\u00e4sten einen Hauch von Luxus bieten? Dann sind die Valencia Mandel-Tr\u00fcffel genau das Richtige. Die leicht blanchierten Mandeln sind mit zartem Tr\u00fcffelaroma umh\u00fcllt und bieten ein schmackhaftes, cremiges Gaumenerlebnis. Diese Mandeln passen perfekt zu unserer <strong><a href=\"https:\/\/monsieursaucisson.com\/de\/trueffelsalami\/\">exklusiven franz\u00f6sischen Tr\u00fcffelsalami<\/a> <\/strong>oder zu der <a href=\"https:\/\/monsieursaucisson.com\/de\/saint-emilion-terrine\/\"><strong>Saint Emilion Terrine (Winzerterrine)<\/strong><\/a> &#8211; und bringen den Luxus franz\u00f6sischer Delikatessen direkt auf Ihren Teller! Der feine Tr\u00fcffelgeschmack macht die Valencia Mandeln Tr\u00fcffel geradezu perfekt f\u00fcr einen Abend mit Freunden, ein schickes Abendessen oder einfach f\u00fcr die Feinschmecker unter uns, die raffinierte Aromen lieben. G\u00f6nnen Sie sich diesen luxuri\u00f6sen Genuss!<\/p>\n<p><em>Die Valencia Mandeln Tr\u00fcffel sind nicht nur der perfekte Knabberspa\u00df<\/em> f\u00fcr die Liebhaber von exklusiven Speisen, sondern auch der perfekte Snack, um Ihr Vespermen\u00fc auf ein h\u00f6heres Niveau zu bringen. Vereinen Sie die vollen Aromen unserer luftgetrockneten Salamis mit diesen Delikatessen zu einem k\u00f6stlichen und vollendeten Moment!<\/p>\n<p><a href=\"https:\/\/monsieursaucisson.com\/de\/nuesse-nussmischungen\/\" target=\"_blank\" rel=\"noopener\">Snack-Attack: hier gehts zu den anderen Nussmischungen!<\/a><\/p>\n","protected":false},"excerpt":{"rendered":"<p>Sie suchen das gewisse Extra? Sie suchen nach einer luxuri\u00f6sen Note f\u00fcr Ihre G\u00e4ste? <em>Die Valencia Mandeln Tr\u00fcffel sind die Antwort!<\/em> Nach einer leichten Blanchierbehandlung werden diese k\u00f6stlichen Mandeln mit einem delikaten Tr\u00fcffelaroma umh\u00fcllt und bieten ein cremiges, herzhaftes Geschmackserlebnis.<\/p>\n","protected":false},"featured_media":5924,"template":"","meta":{"_acf_changed":false,"iawp_total_views":58,"editor_notices":[]},"product_brand":[],"product_cat":[348,346,317],"product_tag":[],"class_list":{"0":"post-5923","1":"product","2":"type-product","3":"status-publish","4":"has-post-thumbnail","6":"product_cat-neu","7":"product_cat-neu-und-aktionen","8":"product_cat-nuesse-nussmischungen","10":"first","11":"instock","12":"taxable","13":"shipping-taxable","14":"purchasable","15":"product-type-simple"},"acf":[],"_links":{"self":[{"href":"https:\/\/monsieursaucisson.com\/de\/wp-json\/wp\/v2\/product\/5923","targetHints":{"allow":["GET"]}}],"collection":[{"href":"https:\/\/monsieursaucisson.com\/de\/wp-json\/wp\/v2\/product"}],"about":[{"href":"https:\/\/monsieursaucisson.com\/de\/wp-json\/wp\/v2\/types\/product"}],"wp:featuredmedia":[{"embeddable":true,"href":"https:\/\/monsieursaucisson.com\/de\/wp-json\/wp\/v2\/media\/5924"}],"wp:attachment":[{"href":"https:\/\/monsieursaucisson.com\/de\/wp-json\/wp\/v2\/media?parent=5923"}],"wp:term":[{"taxonomy":"product_brand","embeddable":true,"href":"https:\/\/monsieursaucisson.com\/de\/wp-json\/wp\/v2\/product_brand?post=5923"},{"taxonomy":"product_cat","embeddable":true,"href":"https:\/\/monsieursaucisson.com\/de\/wp-json\/wp\/v2\/product_cat?post=5923"},{"taxonomy":"product_tag","embeddable":true,"href":"https:\/\/monsieursaucisson.com\/de\/wp-json\/wp\/v2\/product_tag?post=5923"}],"curies":[{"name":"wp","href":"https:\/\/api.w.org\/{rel}","templated":true}]}}