{"id":5919,"date":"2024-11-07T10:37:26","date_gmt":"2024-11-07T09:37:26","guid":{"rendered":"https:\/\/monsieursaucisson.com\/de\/?post_type=product&#038;p=5919"},"modified":"2026-03-25T13:50:56","modified_gmt":"2026-03-25T12:50:56","slug":"valencia-mandeln-gesalzen-mit-kraeutern","status":"publish","type":"product","link":"https:\/\/monsieursaucisson.com\/de\/valencia-mandeln-gesalzen-mit-kraeutern\/","title":{"rendered":"Valencia Mandeln gesalzen mit Kr\u00e4utern"},"content":{"rendered":"<h2>Valencia Mandeln gesalzen mit Kr\u00e4utern &#8211; f\u00fcr Liebhaber einer w\u00fcrzigen Note<\/h2>\n<p>Wer einen w\u00fcrzigen Geschmack liebt, ist mit den Valencia Mandeln mit gr\u00fcnen Kr\u00e4utern bestens bedient. Nach dem Blanchieren werden die Mandeln mit einer feinen Kr\u00e4utermischung aus Rosmarin und Thymian und einer Prise Meersalz gew\u00fcrzt. Auf diese Weise erhalten die Mandeln einen frischen und mediterranen Geschmack. Die <em>Valencia Mandeln gesalzen mit Kr\u00e4utern sind ideal f\u00fcr<\/em> als Beilage zu unserer luftgetrockneten <a href=\"https:\/\/monsieursaucisson.com\/de\/curry-salami\/\">Curry-Salami<\/a> oder zusammen mit einem leckeren Toast, verfeinert mit unserem k\u00f6stlichen <a href=\"https:\/\/monsieursaucisson.com\/de\/schweinefleisch-rillette\/\">Schweinefleisch-Rillette.<\/a><\/p>\n<p>Die Valencia Mandeln gesalzen mit Kr\u00e4utern sind nicht nur der perfekte Knabberspa\u00df f\u00fcr die Liebhaber des frischen, w\u00fcrzigen Kr\u00e4utergeschmacks, sondern auch der perfekte Snack, um Ihr Vespermen\u00fc auf ein h\u00f6heres Niveau zu bringen. Vereinen Sie die vollen Aromen unserer echten franz\u00f6sischen Salamis mit diesen Delikatessen zu einem k\u00f6stlichen und vollendeten Moment!<\/p>\n<p><a href=\"https:\/\/monsieursaucisson.com\/de\/nuesse-nussmischungen\/\" target=\"_blank\" rel=\"noopener\">Snack-Attack: hier gehts zu den anderen Nussmischungen!<\/a><\/p>\n<p>&nbsp;<\/p>\n","protected":false},"excerpt":{"rendered":"<p>F\u00fcr Liebhaber einer w\u00fcrzigen Note sind die Valencia Mandeln gesalzen mit Kr\u00e4utern ein absolutes Muss. Diese Mandeln werden zun\u00e4chst leicht blanchiert und dann mit einer k\u00f6stlichen Mischung aus gr\u00fcnen Kr\u00e4utern wie Rosmarin und Thymian und etwas Meersalz aromatisiert. Dies verleiht den Mandeln eine frische, mediterrane Note.<\/p>\n","protected":false},"featured_media":5920,"template":"","meta":{"_acf_changed":false,"iawp_total_views":69,"editor_notices":[]},"product_brand":[],"product_cat":[348,346,317],"product_tag":[],"class_list":{"0":"post-5919","1":"product","2":"type-product","3":"status-publish","4":"has-post-thumbnail","6":"product_cat-neu","7":"product_cat-neu-und-aktionen","8":"product_cat-nuesse-nussmischungen","10":"first","11":"instock","12":"taxable","13":"shipping-taxable","14":"purchasable","15":"product-type-simple"},"acf":[],"_links":{"self":[{"href":"https:\/\/monsieursaucisson.com\/de\/wp-json\/wp\/v2\/product\/5919","targetHints":{"allow":["GET"]}}],"collection":[{"href":"https:\/\/monsieursaucisson.com\/de\/wp-json\/wp\/v2\/product"}],"about":[{"href":"https:\/\/monsieursaucisson.com\/de\/wp-json\/wp\/v2\/types\/product"}],"wp:featuredmedia":[{"embeddable":true,"href":"https:\/\/monsieursaucisson.com\/de\/wp-json\/wp\/v2\/media\/5920"}],"wp:attachment":[{"href":"https:\/\/monsieursaucisson.com\/de\/wp-json\/wp\/v2\/media?parent=5919"}],"wp:term":[{"taxonomy":"product_brand","embeddable":true,"href":"https:\/\/monsieursaucisson.com\/de\/wp-json\/wp\/v2\/product_brand?post=5919"},{"taxonomy":"product_cat","embeddable":true,"href":"https:\/\/monsieursaucisson.com\/de\/wp-json\/wp\/v2\/product_cat?post=5919"},{"taxonomy":"product_tag","embeddable":true,"href":"https:\/\/monsieursaucisson.com\/de\/wp-json\/wp\/v2\/product_tag?post=5919"}],"curies":[{"name":"wp","href":"https:\/\/api.w.org\/{rel}","templated":true}]}}