{"id":5324,"date":"2024-11-07T09:35:41","date_gmt":"2024-11-07T08:35:41","guid":{"rendered":"https:\/\/monsieursaucisson.com\/de\/?post_type=product&#038;p=5324"},"modified":"2026-04-15T13:40:45","modified_gmt":"2026-04-15T11:40:45","slug":"saint-emilion-terrine","status":"publish","type":"product","link":"https:\/\/monsieursaucisson.com\/de\/saint-emilion-terrine\/","title":{"rendered":"Saint Emilion Terrine (Winzerterrine)"},"content":{"rendered":"<h2>Saint Emilion Terrine &#8211; der feinste Wein als Brotaufstrich<\/h2>\n<p>Bereit f\u00fcr ein besonderes Geschmackserlebnis? Wie der Name schon sagt, ist unsere Saint Emilion Terrine (Winzerterrine) angereichert mit <em>dem ber\u00fchmten Wein Saint \u00c9milion<\/em>. Es ist ein wahrer Genuss! Legen Sie diese Terrine auf Ihr Servierbrett und lassen Sie Ihre G\u00e4ste ein St\u00fcck franz\u00f6sische Finesse genie\u00dfen. Aber Vorsicht, diese Terrine kann s\u00fcchtig machen!<\/p>\n<p>Die k\u00f6stliche Saint-Emilion-Terrine eignet sich hervorragend als raffinierte Beilage oder als Wurstaufstrich. Die Rillettes sind ideal f\u00fcr Festlichkeiten oder um sich einfach einmal selbst etwas Gutes zu tun. Diese Terrine wird aus franz\u00f6sischem Schweinefleisch hergestellt und dank der klassischen Konservierungsmethode ist diese Terrine sehr lange haltbar. Nach dem \u00d6ffnen sollte sie innerhalb weniger Tage verzehrt werden.<\/p>\n<p>Unsere Saint Emilion Terrine (Winzerterrine) ist schon etwas ganz Besonderes und bringt Ihnen ein St\u00fcckchen Frankreich nach Hause. Nat\u00fcrlich gibt es bei Monsieur Saucisson auch noch viele <a href=\"https:\/\/monsieursaucisson.com\/de\/delikatessen\/\" target=\"_blank\" rel=\"noopener\"><strong>andere k\u00f6stliche Leckereien<\/strong><\/a>.<\/p>\n","protected":false},"excerpt":{"rendered":"<p>Bereit f\u00fcr ein besonderes Geschmackserlebnis? Unsere Saint Emilion Terrine (Winzerterrine) ist schon etwas ganz Besonderes und bringt Ihnen ein St\u00fcckchen Frankreich nach Hause.<\/p>\n<p>Rillettes kann man als kleine Aperitifs oder als Aufstrich servieren &#8211; perfekt f\u00fcrs Buffet und eine k\u00f6stliche Abwechslung auf dem Tisch. Probieren Sie auch unsere <a href=\"https:\/\/monsieursaucisson.com\/de\/spanische-pasteten\/\">Pasteten<\/a> und <a href=\"https:\/\/monsieursaucisson.com\/de\/aufschnitt\/\">Wurst-Aufschnitte<\/a>!<\/p>\n","protected":false},"featured_media":5927,"template":"","meta":{"_acf_changed":false,"iawp_total_views":97,"editor_notices":[]},"product_brand":[],"product_cat":[348,346,309,310,311,15],"product_tag":[],"class_list":{"0":"post-5324","1":"product","2":"type-product","3":"status-publish","4":"has-post-thumbnail","6":"product_cat-neu","7":"product_cat-neu-und-aktionen","8":"product_cat-delikatessen","9":"product_cat-terrinen-und-pasteten","10":"product_cat-terrinen","11":"product_cat-alle-produkte","13":"first","14":"instock","15":"taxable","16":"shipping-taxable","17":"purchasable","18":"product-type-simple"},"acf":[],"_links":{"self":[{"href":"https:\/\/monsieursaucisson.com\/de\/wp-json\/wp\/v2\/product\/5324","targetHints":{"allow":["GET"]}}],"collection":[{"href":"https:\/\/monsieursaucisson.com\/de\/wp-json\/wp\/v2\/product"}],"about":[{"href":"https:\/\/monsieursaucisson.com\/de\/wp-json\/wp\/v2\/types\/product"}],"wp:featuredmedia":[{"embeddable":true,"href":"https:\/\/monsieursaucisson.com\/de\/wp-json\/wp\/v2\/media\/5927"}],"wp:attachment":[{"href":"https:\/\/monsieursaucisson.com\/de\/wp-json\/wp\/v2\/media?parent=5324"}],"wp:term":[{"taxonomy":"product_brand","embeddable":true,"href":"https:\/\/monsieursaucisson.com\/de\/wp-json\/wp\/v2\/product_brand?post=5324"},{"taxonomy":"product_cat","embeddable":true,"href":"https:\/\/monsieursaucisson.com\/de\/wp-json\/wp\/v2\/product_cat?post=5324"},{"taxonomy":"product_tag","embeddable":true,"href":"https:\/\/monsieursaucisson.com\/de\/wp-json\/wp\/v2\/product_tag?post=5324"}],"curies":[{"name":"wp","href":"https:\/\/api.w.org\/{rel}","templated":true}]}}