{"id":5322,"date":"2024-11-07T09:34:35","date_gmt":"2024-11-07T08:34:35","guid":{"rendered":"https:\/\/monsieursaucisson.com\/de\/?post_type=product&#038;p=5322"},"modified":"2026-04-16T15:40:57","modified_gmt":"2026-04-16T13:40:57","slug":"klassische-rillettes-rindfleisch","status":"publish","type":"product","link":"https:\/\/monsieursaucisson.com\/de\/klassische-rillettes-rindfleisch\/","title":{"rendered":"Klassische Rillettes &#8211; Rindfleisch"},"content":{"rendered":"<h2>Klassische Rillettes &#8211; Rindfleisch &#8211; der leckerste Brotaufstrich<\/h2>\n<p>Klassische Rillettes &#8211; Rindfleisch: Genie\u00dfen Sie diesen franz\u00f6sischen Luxus! Hergestellt aus sorgf\u00e4ltig ausgew\u00e4hltem Rinder- und H\u00fchnerfett, und gew\u00fcrzt mit den besten Zutaten wird dieser Brotaufstrich Ihren Gaumen und den Ihrer G\u00e4ste verw\u00f6hnen. Das Geheimnis des Rindfleisch-Rillettes ist die Zugabe einer kr\u00e4ftigen Kr\u00e4uterbr\u00fche.<\/p>\n<p>Das klassische Rillettes &#8211; Rindfleisch hat einen reichhaltigen, w\u00fcrzigen und tiefen Geschmack, und eignet sich perfekt als H\u00e4ppchen zu einem Getr\u00e4nk oder als pikanter Genuss auf Ihrem Brot. Der reichhaltige, volle Geschmack entf\u00fchrt Sie direkt in die authentische franz\u00f6sische K\u00fcche &#8211; ein Erlebnis, das Sie sich nicht entgehen lassen sollten.<\/p>\n<p>Dieser k\u00f6stliche Brotaufstrich eignet sich hervorragend als Vorspeise, Aperitif oder f\u00fcr ein B\u00fcfett &#8211; auf einem knusprigen St\u00fcck Baguette oder einfach direkt aus dem Glas. Das klassische Rillettes &#8211; Rindfleisch ist ein Muss! Guten Appetit!<\/p>\n<p>Unser klassisches, franz\u00f6sisches Enten-Rillettes ist ein wahres Meisterwerk und bringt den Geschmack Frankreichs direkt auf Ihren Teller. Nat\u00fcrlich bietet Monsieur Saucisson auch andere leckere <a href=\"https:\/\/monsieursaucisson.com\/de\/delikatessen\/\">Delikatessen<\/a> an.<\/p>\n<p>&nbsp;<\/p>\n<p>&nbsp;<\/p>\n","protected":false},"excerpt":{"rendered":"<p>Ach, das klassische Rillett! Das Rillette mit Rindfleisch bereichert jede Speisekarte, ob als Vorspeise oder als Brotaufstrich. Probieren Sie auch die anderen Spezialit\u00e4ten und Wurstwaren!<\/p>\n","protected":false},"featured_media":5928,"template":"","meta":{"_acf_changed":false,"iawp_total_views":246,"editor_notices":[]},"product_brand":[],"product_cat":[15,309,348,346,310],"product_tag":[],"class_list":{"0":"post-5322","1":"product","2":"type-product","3":"status-publish","4":"has-post-thumbnail","6":"product_cat-alle-produkte","7":"product_cat-delikatessen","8":"product_cat-neu","9":"product_cat-neu-und-aktionen","10":"product_cat-terrinen-und-pasteten","12":"first","13":"instock","14":"taxable","15":"shipping-taxable","16":"purchasable","17":"product-type-simple"},"acf":[],"_links":{"self":[{"href":"https:\/\/monsieursaucisson.com\/de\/wp-json\/wp\/v2\/product\/5322","targetHints":{"allow":["GET"]}}],"collection":[{"href":"https:\/\/monsieursaucisson.com\/de\/wp-json\/wp\/v2\/product"}],"about":[{"href":"https:\/\/monsieursaucisson.com\/de\/wp-json\/wp\/v2\/types\/product"}],"wp:featuredmedia":[{"embeddable":true,"href":"https:\/\/monsieursaucisson.com\/de\/wp-json\/wp\/v2\/media\/5928"}],"wp:attachment":[{"href":"https:\/\/monsieursaucisson.com\/de\/wp-json\/wp\/v2\/media?parent=5322"}],"wp:term":[{"taxonomy":"product_brand","embeddable":true,"href":"https:\/\/monsieursaucisson.com\/de\/wp-json\/wp\/v2\/product_brand?post=5322"},{"taxonomy":"product_cat","embeddable":true,"href":"https:\/\/monsieursaucisson.com\/de\/wp-json\/wp\/v2\/product_cat?post=5322"},{"taxonomy":"product_tag","embeddable":true,"href":"https:\/\/monsieursaucisson.com\/de\/wp-json\/wp\/v2\/product_tag?post=5322"}],"curies":[{"name":"wp","href":"https:\/\/api.w.org\/{rel}","templated":true}]}}