{"id":5320,"date":"2024-11-07T09:32:54","date_gmt":"2024-11-07T08:32:54","guid":{"rendered":"https:\/\/monsieursaucisson.com\/de\/?post_type=product&#038;p=5320"},"modified":"2026-03-31T20:10:34","modified_gmt":"2026-03-31T18:10:34","slug":"entenbrust-terrine","status":"publish","type":"product","link":"https:\/\/monsieursaucisson.com\/de\/entenbrust-terrine\/","title":{"rendered":"Entenbrust Terrine"},"content":{"rendered":"<h2>Entenbrust Terrine &#8211; feinste Entenbrust als Brotaufstrich<\/h2>\n<p>F\u00fcr alle, die das gewisse Etwas wollen, gibt es jetzt unser Entenbrust Terrine (Enten-Rillette). Diese Entenbrust-Terrine ist ein wahrer Genuss, und hergestellt aus der <em>feinsten Entenbrust<\/em>. Ein kr\u00e4ftiger, intensiver Geschmack, der Sie wirklich begeistern wird. Die Textur des Fleisches ist ein wenig trockener. Bevorzugen Sie einen weichen, milden Geschmack, dann empfehlen wir Ihnen das Rillette Pur Canard.<\/p>\n<p>Die herrliche Enten-Terrine eignet sich perfekt als raffiniertes H\u00e4ppchen zu einem Getr\u00e4nk oder als pikanter Brotaufstrich. Dieses Rillette eignet sich perfekt f\u00fcr festliche Anl\u00e4sse oder einfach, um sich selbst ein wenig zu verw\u00f6hnen. Schenken Sie dazu ein gutes Glas Wein ein und Sie erleben ein einzigartiges Geschmackserlebnis, das Sie so schnell nicht vergessen werden. Wahrlich etwas f\u00fcr Feinschmecker!<\/p>\n<p>Diese Terrine wird aus franz\u00f6sischem Schweinefleisch hergestellt und dank der klassischen Konservierungsmethode ist diese Terrine sehr lange haltbar. Nach dem \u00d6ffnen sollte sie innerhalb weniger Tage verzehrt werden.Unsere franz\u00f6sische Ententerrine ist ein richtiges Meisterst\u00fcck und bringt den franz\u00f6sischen Lebensstil direkt auf Ihren heimischen Teller. Nat\u00fcrlich gibt es bei Monsieur Saucisson auch noch viele <a href=\"https:\/\/monsieursaucisson.com\/de\/delikatessen\/\" target=\"_blank\" rel=\"noopener\"><strong>andere k\u00f6stliche Leckereien<\/strong><\/a>.<\/p>\n<p>&nbsp;<\/p>\n<p>&nbsp;<\/p>\n","protected":false},"excerpt":{"rendered":"<p>Ein echter Klassiker: Die original franz\u00f6sische Entenbrust Terrine! Der kr\u00e4ftige, milde Wildgeschmack macht unser Entenbrust-Rillettes zu einem unvergleichlichen Gaumenschmaus und ist optisch auch eine wahre Augenweide.<\/p>\n<p>Rillettes werden am besten als kleine Vorspeise oder als Brotaufstrich serviert &#8211; eine delikate Bereicherung f\u00fcr Ihre Mahlzeiten. Probieren Sie auch unsere <a href=\"https:\/\/monsieursaucisson.com\/de\/spanische-pasteten\/\">Pasteten<\/a> und <a href=\"https:\/\/monsieursaucisson.com\/de\/aufschnitt\/\">Wurst-Aufschnitte<\/a>!<\/p>\n","protected":false},"featured_media":5930,"template":"","meta":{"_acf_changed":false,"iawp_total_views":47,"editor_notices":[]},"product_brand":[],"product_cat":[15,309,348,346,310],"product_tag":[],"class_list":{"0":"post-5320","1":"product","2":"type-product","3":"status-publish","4":"has-post-thumbnail","6":"product_cat-alle-produkte","7":"product_cat-delikatessen","8":"product_cat-neu","9":"product_cat-neu-und-aktionen","10":"product_cat-terrinen-und-pasteten","12":"first","13":"instock","14":"taxable","15":"shipping-taxable","16":"purchasable","17":"product-type-simple"},"acf":[],"_links":{"self":[{"href":"https:\/\/monsieursaucisson.com\/de\/wp-json\/wp\/v2\/product\/5320","targetHints":{"allow":["GET"]}}],"collection":[{"href":"https:\/\/monsieursaucisson.com\/de\/wp-json\/wp\/v2\/product"}],"about":[{"href":"https:\/\/monsieursaucisson.com\/de\/wp-json\/wp\/v2\/types\/product"}],"wp:featuredmedia":[{"embeddable":true,"href":"https:\/\/monsieursaucisson.com\/de\/wp-json\/wp\/v2\/media\/5930"}],"wp:attachment":[{"href":"https:\/\/monsieursaucisson.com\/de\/wp-json\/wp\/v2\/media?parent=5320"}],"wp:term":[{"taxonomy":"product_brand","embeddable":true,"href":"https:\/\/monsieursaucisson.com\/de\/wp-json\/wp\/v2\/product_brand?post=5320"},{"taxonomy":"product_cat","embeddable":true,"href":"https:\/\/monsieursaucisson.com\/de\/wp-json\/wp\/v2\/product_cat?post=5320"},{"taxonomy":"product_tag","embeddable":true,"href":"https:\/\/monsieursaucisson.com\/de\/wp-json\/wp\/v2\/product_tag?post=5320"}],"curies":[{"name":"wp","href":"https:\/\/api.w.org\/{rel}","templated":true}]}}