{"id":5319,"date":"2024-11-07T09:30:24","date_gmt":"2024-11-07T08:30:24","guid":{"rendered":"https:\/\/monsieursaucisson.com\/de\/?post_type=product&#038;p=5319"},"modified":"2026-03-29T22:40:45","modified_gmt":"2026-03-29T20:40:45","slug":"schweinefleisch-rillette","status":"publish","type":"product","link":"https:\/\/monsieursaucisson.com\/de\/schweinefleisch-rillette\/","title":{"rendered":"Schweinefleisch-Rillette"},"content":{"rendered":"<h2>Franz\u00f6sisches Schweinefleisch-Rillette &#8211; der leckerste Brotaufstrich<\/h2>\n<p>Sie lieben &#8222;<span class=\"mw-page-title-main\">Pottsuse&#8220;? Schweinefleisch ist Ihr Heiligtum? <\/span>Dann ist unser Schweinefleisch-Rillette genau das, wonach Sie suchten &#8211; der Klassiker unter den Rillettes! Hergestellt aus saftigem Schweinefleisch und schmelzendem Fett ist dieses Rillette das gewisse Extra f\u00fcr Ihre Gaumen. Das ist alles, was Sie f\u00fcr den echten, authentischen franz\u00f6sischen Geschmack brauchen. Der Geschmack? Unwiderstehlich reichhaltig und voll, wie man es von einem Produkt erwarten kann, das seine Wurzeln in der franz\u00f6sischen K\u00fcche hat.<\/p>\n<p>Das Schweinefleisch-Rillette ist aufgrund der klassischen Konservierungsmethode sehr lange haltbar. Dieser k\u00f6stliche Brotaufstrich eignet sich hervorragend als Vorspeise, Aperitif oder f\u00fcr ein B\u00fcfett &#8211; auf einem knusprigen St\u00fcck Baguette oder einfach aus dem Glas. F\u00fcr alle, die Einfachheit und vollen Geschmack lieben, ist diese Rillette ein Muss! Guten Appetit!<\/p>\n<p>Unser klassisches, franz\u00f6sisches Enten-Rillettes ist ein wahres Meisterwerk und bringt den Geschmack Frankreichs direkt auf Ihren Teller. Nat\u00fcrlich bietet Monsieur Saucisson auch andere leckere <a href=\"https:\/\/monsieursaucisson.com\/de\/delikatessen\/\">Delikatessen<\/a> an.<\/p>\n","protected":false},"excerpt":{"rendered":"<p>Ah, der Klassiker unter den Rillettes! Ob als Vorspeise oder als Brotaufstrich zwischendurch &#8211; das Schweinefleisch-Rillette bereichert jede Speisekarte. Entdecken Sie auch unsere anderen Delikatessen und Wurstwaren!<\/p>\n","protected":false},"featured_media":5932,"template":"","meta":{"_acf_changed":false,"iawp_total_views":53,"editor_notices":[]},"product_brand":[],"product_cat":[348,346,309,310,15],"product_tag":[],"class_list":{"0":"post-5319","1":"product","2":"type-product","3":"status-publish","4":"has-post-thumbnail","6":"product_cat-neu","7":"product_cat-neu-und-aktionen","8":"product_cat-delikatessen","9":"product_cat-terrinen-und-pasteten","10":"product_cat-alle-produkte","12":"first","13":"instock","14":"taxable","15":"shipping-taxable","16":"purchasable","17":"product-type-simple"},"acf":[],"_links":{"self":[{"href":"https:\/\/monsieursaucisson.com\/de\/wp-json\/wp\/v2\/product\/5319","targetHints":{"allow":["GET"]}}],"collection":[{"href":"https:\/\/monsieursaucisson.com\/de\/wp-json\/wp\/v2\/product"}],"about":[{"href":"https:\/\/monsieursaucisson.com\/de\/wp-json\/wp\/v2\/types\/product"}],"wp:featuredmedia":[{"embeddable":true,"href":"https:\/\/monsieursaucisson.com\/de\/wp-json\/wp\/v2\/media\/5932"}],"wp:attachment":[{"href":"https:\/\/monsieursaucisson.com\/de\/wp-json\/wp\/v2\/media?parent=5319"}],"wp:term":[{"taxonomy":"product_brand","embeddable":true,"href":"https:\/\/monsieursaucisson.com\/de\/wp-json\/wp\/v2\/product_brand?post=5319"},{"taxonomy":"product_cat","embeddable":true,"href":"https:\/\/monsieursaucisson.com\/de\/wp-json\/wp\/v2\/product_cat?post=5319"},{"taxonomy":"product_tag","embeddable":true,"href":"https:\/\/monsieursaucisson.com\/de\/wp-json\/wp\/v2\/product_tag?post=5319"}],"curies":[{"name":"wp","href":"https:\/\/api.w.org\/{rel}","templated":true}]}}