{"id":5318,"date":"2024-11-07T09:31:52","date_gmt":"2024-11-07T08:31:52","guid":{"rendered":"https:\/\/monsieursaucisson.com\/de\/?post_type=product&#038;p=5318"},"modified":"2026-04-29T15:15:25","modified_gmt":"2026-04-29T13:15:25","slug":"enten-rillettes-brotaufstrich","status":"publish","type":"product","link":"https:\/\/monsieursaucisson.com\/de\/enten-rillettes-brotaufstrich\/","title":{"rendered":"Enten-Rillettes 100% Ente"},"content":{"rendered":"<h2>Franz\u00f6sische Enten-Rillettes &#8211; feinster Brotaufstrich<\/h2>\n<p>Sie lieben Ente? Dann ist unser Enten-Rillettes (Rillette pur Canard) genau das, wonach Sie suchen! Hergestellt aus zartem Entenfleisch und cremigem Fett ist dieses Rillette das gewisse Extra f\u00fcr Ihre Gaumen. Diese Delikatesse wird aus den besten St\u00fccken der Ente hergestellt, die langsam in ihrem eigenen Fett gegart werden. Der Geschmack? Unwiderstehlich reichhaltig und voll, wie man es von einem Produkt erwarten kann, das seine Wurzeln in der franz\u00f6sischen K\u00fcche hat.<\/p>\n<p>Das Enten-Rillettes wird aus Entenfleisch und Entenfett hergestellt und hat ihren Ursprung in Frankreich. Aufgrund der klassischen Konservierungsmethode ist dieses Rillette sehr lange haltbar. Die Rillettes du Canard &#8211; unsere franz\u00f6sische Enten-Rillettes &#8211; ist eine k\u00f6stliche Kombination aus Textur und Aroma, die sich hervorragend als Vorspeise, Aperitif oder f\u00fcr ein B\u00fcfett eignet.<\/p>\n<p>Unser klassisches, franz\u00f6sisches Enten-Rillettes ist ein wahres Meisterwerk und bringt den Geschmack Frankreichs direkt auf Ihren Teller. Nat\u00fcrlich bietet Monsieur Saucisson auch andere leckere <a href=\"https:\/\/monsieursaucisson.com\/de\/delikatessen\/\">Delikatessen<\/a> an.<\/p>\n<p>&nbsp;<\/p>\n","protected":false},"excerpt":{"rendered":"<p>Franz\u00f6sische Rillettes &#8211; Ente: Echte franz\u00f6sische Enten-Rillettes aus 100 % Entenfleisch &#8211; ein echter Klassiker. Der vollmundige, zarte Wildgeschmack unseres Enten-Rillettes bietet ein einzigartiges Genusserlebnis und ist auch optisch eine Augenweide.<\/p>\n<p>Das Enten-Rillettes wird am besten als Vorspeise oder zwischendurch als Brotaufstrich genossen &#8211; eine schmackhafte Bereicherung f\u00fcr jede kulinarische Kreation. Probieren Sie auch unsere <a href=\"https:\/\/monsieursaucisson.com\/de\/spanische-pasteten\/\" target=\"_blank\" rel=\"noopener\">Pasteten<\/a> und <a href=\"https:\/\/monsieursaucisson.com\/de\/aufschnitt\/\">Aufschnitte<\/a>!<\/p>\n<p>&nbsp;<\/p>\n","protected":false},"featured_media":5931,"template":"","meta":{"_acf_changed":false,"iawp_total_views":469,"editor_notices":[]},"product_brand":[],"product_cat":[15,309,348,346,310],"product_tag":[],"class_list":{"0":"post-5318","1":"product","2":"type-product","3":"status-publish","4":"has-post-thumbnail","6":"product_cat-alle-produkte","7":"product_cat-delikatessen","8":"product_cat-neu","9":"product_cat-neu-und-aktionen","10":"product_cat-terrinen-und-pasteten","12":"first","13":"instock","14":"taxable","15":"shipping-taxable","16":"purchasable","17":"product-type-simple"},"acf":[],"_links":{"self":[{"href":"https:\/\/monsieursaucisson.com\/de\/wp-json\/wp\/v2\/product\/5318","targetHints":{"allow":["GET"]}}],"collection":[{"href":"https:\/\/monsieursaucisson.com\/de\/wp-json\/wp\/v2\/product"}],"about":[{"href":"https:\/\/monsieursaucisson.com\/de\/wp-json\/wp\/v2\/types\/product"}],"wp:featuredmedia":[{"embeddable":true,"href":"https:\/\/monsieursaucisson.com\/de\/wp-json\/wp\/v2\/media\/5931"}],"wp:attachment":[{"href":"https:\/\/monsieursaucisson.com\/de\/wp-json\/wp\/v2\/media?parent=5318"}],"wp:term":[{"taxonomy":"product_brand","embeddable":true,"href":"https:\/\/monsieursaucisson.com\/de\/wp-json\/wp\/v2\/product_brand?post=5318"},{"taxonomy":"product_cat","embeddable":true,"href":"https:\/\/monsieursaucisson.com\/de\/wp-json\/wp\/v2\/product_cat?post=5318"},{"taxonomy":"product_tag","embeddable":true,"href":"https:\/\/monsieursaucisson.com\/de\/wp-json\/wp\/v2\/product_tag?post=5318"}],"curies":[{"name":"wp","href":"https:\/\/api.w.org\/{rel}","templated":true}]}}