{"id":5313,"date":"2024-08-26T09:51:02","date_gmt":"2024-08-26T07:51:02","guid":{"rendered":"https:\/\/monsieursaucisson.com\/de\/?post_type=product&#038;p=5313"},"modified":"2026-04-08T16:12:22","modified_gmt":"2026-04-08T14:12:22","slug":"canne-droit-au-marc-de-bourgogne","status":"publish","type":"product","link":"https:\/\/monsieursaucisson.com\/de\/canne-droit-au-marc-de-bourgogne\/","title":{"rendered":"Franz\u00f6sische Salami mit Marc de Bourgogne"},"content":{"rendered":"<h2>Franz\u00f6sische Salami mit Marc de Bourgogne &#8211; Canne droit au marc de bourgogne<\/h2>\n<p>Entdecken Sie die neue franz\u00f6sische Salami mit einzigartigem Geschmack. Diese traditionelle Wurstspezialit\u00e4t ist mit Marc de Bourgogne, einem erlesenen <a href=\"https:\/\/de.wikipedia.org\/wiki\/Tresterbrand\" target=\"_blank\" rel=\"noopener\">Tresterbrand<\/a>, angereichert und bietet ein beispielloses Geschmackserlebnis. Perfekt f\u00fcr echte Feinschmecker und ideal f\u00fcr jede Festtafel!<\/p>\n<p>Lernen Sie unser neuestes Produkt kennen, denn diese raffinierte, luftgetrocknete Wurst wird nach traditioneller Art aus den besten Teilst\u00fccken vom Schwein hergestellt und mit Marc de Bourgogne verfeinert &#8211; ein kr\u00e4ftiger und aromatischer Branntwein, der nach der Weinherstellung aus Traubenschalen, Kernen und Fruchtfleisch destilliert wird.<\/p>\n<p>Marc de Bourgogne ist, \u00e4hnlich wie der italienische Grappa, eine Spezialit\u00e4t aus der Region Burgund in Frankreich. Die Zugabe verleiht der luftgetrockneten Salami einen tiefen, vielschichtigen Geschmack mit subtilen, reichen Noten von Trauben und Holz. Diese einzigartige Kombination sorgt f\u00fcr ein Geschmackserlebnis, das sowohl authentisch als auch innovativ ist.<\/p>\n<p>Diese luftgetrocknete Salami ist perfekt geeignet f\u00fcr die Brotzeittafel, in Kombination mit K\u00e4se, N\u00fcssen und einem guten Glas Wein. Lassen Sie sich von seiner geschmacklichen Ausgewogenheit und seiner traditionellen Verarbeitung \u00fcberraschen.<\/p>\n","protected":false},"excerpt":{"rendered":"<p>Entdecken Sie diese neue Salami aus Frankreich: eine k\u00f6stliche, franz\u00f6sische Salami mit Marc de Bourgogne Tresterbrand. Diese traditionelle Delikatesse mit einer einzigartigen Note ist angereichert mit einem raffinierten Traubenbrand, der f\u00fcr ein unvergleichliches Geschmackserlebnis sorgt. Perfekt f\u00fcr echte Feinschmecker und ideal f\u00fcr jede Festtafel!<\/p>\n<p>Gewicht: 400 Gramm. Diese Wurst ist an der weissen Schnur zu erkennen.<\/p>\n","protected":false},"featured_media":5314,"template":"","meta":{"_acf_changed":false,"iawp_total_views":338,"editor_notices":[]},"product_brand":[],"product_cat":[15,82,86,81,348,346],"product_tag":[],"class_list":{"0":"post-5313","1":"product","2":"type-product","3":"status-publish","4":"has-post-thumbnail","6":"product_cat-alle-produkte","7":"product_cat-franzoesische-salami","8":"product_cat-franzoesische-spezialitaeten","9":"product_cat-luftgetrocknete-salami","10":"product_cat-neu","11":"product_cat-neu-und-aktionen","13":"first","14":"instock","15":"taxable","16":"shipping-taxable","17":"purchasable","18":"product-type-simple"},"acf":[],"_links":{"self":[{"href":"https:\/\/monsieursaucisson.com\/de\/wp-json\/wp\/v2\/product\/5313","targetHints":{"allow":["GET"]}}],"collection":[{"href":"https:\/\/monsieursaucisson.com\/de\/wp-json\/wp\/v2\/product"}],"about":[{"href":"https:\/\/monsieursaucisson.com\/de\/wp-json\/wp\/v2\/types\/product"}],"wp:featuredmedia":[{"embeddable":true,"href":"https:\/\/monsieursaucisson.com\/de\/wp-json\/wp\/v2\/media\/5314"}],"wp:attachment":[{"href":"https:\/\/monsieursaucisson.com\/de\/wp-json\/wp\/v2\/media?parent=5313"}],"wp:term":[{"taxonomy":"product_brand","embeddable":true,"href":"https:\/\/monsieursaucisson.com\/de\/wp-json\/wp\/v2\/product_brand?post=5313"},{"taxonomy":"product_cat","embeddable":true,"href":"https:\/\/monsieursaucisson.com\/de\/wp-json\/wp\/v2\/product_cat?post=5313"},{"taxonomy":"product_tag","embeddable":true,"href":"https:\/\/monsieursaucisson.com\/de\/wp-json\/wp\/v2\/product_tag?post=5313"}],"curies":[{"name":"wp","href":"https:\/\/api.w.org\/{rel}","templated":true}]}}