{"id":5095,"date":"2024-08-01T20:14:16","date_gmt":"2024-08-01T18:14:16","guid":{"rendered":"https:\/\/monsieursaucisson.com\/de\/?post_type=product&#038;p=5095"},"modified":"2026-04-05T14:50:55","modified_gmt":"2026-04-05T12:50:55","slug":"spanischer-tapas-aufschnitt","status":"publish","type":"product","link":"https:\/\/monsieursaucisson.com\/de\/spanischer-tapas-aufschnitt\/","title":{"rendered":"Tapas Mix &#8211; spanischer Tapas-Aufschnitt"},"content":{"rendered":"<h2>Tapas Mix &#8211; spanischer Tapas-Aufschnitt<\/h2>\n<p>G\u00f6nnen Sie sich diesen unwiderstehlichen, spanischen Genuss und probieren Sie unseren spanischen Tapas-Mix! Dieser schmackhafte Tapas-Aufschnitt enth\u00e4lt eine k\u00f6stliche Kombination der besten spanischen Wurst-Spezialit\u00e4ten, wie zum Beispiel, der klassische Jamon Serrano, saftiger Lomo, aromatischer Salchichon und w\u00fcrzige Chorizo. Unser Tapas-Aufschnitt ist abgepackt pro 120 g, so dass Sie diesen kulinarischen Genuss lange Zeit genie\u00dfen k\u00f6nnen.<\/p>\n<p>Bewahren Sie den Tapas-Mix im K\u00fchlschrank auf, um Frische und Geschmack zu bewahren. Mit jedem Bissen schmecken Sie den reichen, vollen Geschmack des Serrano-Schinkens, die zarte Textur des Lomo und den w\u00fcrzigen Kick der Chorizo. Dieser <a href=\"https:\/\/de.wikipedia.org\/wiki\/Tapa_(Gericht)#Typische_Tapas\" target=\"_blank\" rel=\"noopener\">Tapas<\/a>-Aufschnitt ist nicht nur perfekt, um Ihre Gourmet-Tafel aufzupeppen, sondern auch eine k\u00f6stliche Erg\u00e4nzung zu Brunch-Gerichten und f\u00fcr Abende mit Freunden.<\/p>\n<p><a href=\"https:\/\/monsieursaucisson.com\/de\/aufschnitt\/\" target=\"_blank\" rel=\"noopener\">Mehr Aufschnitte<\/a>!<\/p>\n","protected":false},"excerpt":{"rendered":"<p>Einen Tapas-Abend geplant? Dann ist dieser Tapas-Aufschnitt genau das Richtige f\u00fcr Sie! Entdecken Sie unseren spanischen Tapas- Mix, vollgepackt mit den leckeren K\u00f6stlichkeiten Jamon Serrano, Lomo, Salchichon und Chorizo &#8211; perfekt f\u00fcr eine leckere Partytafel oder zum Brunch. Genie\u00dfen Sie die reinen Aromen und die reichhaltige Textur, die dieser Tapas-Aufschnitt zu bieten hat!<\/p>\n","protected":false},"featured_media":5096,"template":"","meta":{"_acf_changed":false,"iawp_total_views":95,"editor_notices":[]},"product_brand":[],"product_cat":[15,348,346,333],"product_tag":[],"class_list":{"0":"post-5095","1":"product","2":"type-product","3":"status-publish","4":"has-post-thumbnail","6":"product_cat-alle-produkte","7":"product_cat-neu","8":"product_cat-neu-und-aktionen","9":"product_cat-wurstaufschnitt","11":"first","12":"instock","13":"taxable","14":"shipping-taxable","15":"purchasable","16":"product-type-simple"},"acf":[],"_links":{"self":[{"href":"https:\/\/monsieursaucisson.com\/de\/wp-json\/wp\/v2\/product\/5095","targetHints":{"allow":["GET"]}}],"collection":[{"href":"https:\/\/monsieursaucisson.com\/de\/wp-json\/wp\/v2\/product"}],"about":[{"href":"https:\/\/monsieursaucisson.com\/de\/wp-json\/wp\/v2\/types\/product"}],"wp:featuredmedia":[{"embeddable":true,"href":"https:\/\/monsieursaucisson.com\/de\/wp-json\/wp\/v2\/media\/5096"}],"wp:attachment":[{"href":"https:\/\/monsieursaucisson.com\/de\/wp-json\/wp\/v2\/media?parent=5095"}],"wp:term":[{"taxonomy":"product_brand","embeddable":true,"href":"https:\/\/monsieursaucisson.com\/de\/wp-json\/wp\/v2\/product_brand?post=5095"},{"taxonomy":"product_cat","embeddable":true,"href":"https:\/\/monsieursaucisson.com\/de\/wp-json\/wp\/v2\/product_cat?post=5095"},{"taxonomy":"product_tag","embeddable":true,"href":"https:\/\/monsieursaucisson.com\/de\/wp-json\/wp\/v2\/product_tag?post=5095"}],"curies":[{"name":"wp","href":"https:\/\/api.w.org\/{rel}","templated":true}]}}