{"id":5093,"date":"2024-08-20T10:38:12","date_gmt":"2024-08-20T08:38:12","guid":{"rendered":"https:\/\/monsieursaucisson.com\/de\/?post_type=product&#038;p=5093"},"modified":"2026-04-16T15:51:07","modified_gmt":"2026-04-16T13:51:07","slug":"franzoesische-salami-mit-brie","status":"publish","type":"product","link":"https:\/\/monsieursaucisson.com\/de\/franzoesische-salami-mit-brie\/","title":{"rendered":"Franz\u00f6sische Salami mit Brie und schwarzem Knoblauch"},"content":{"rendered":"<h2>Salami mit Brie und schwarzem Knoblauch &#8211; Saucisson brie\/ ail noir<\/h2>\n<p>Haben Sie Lust auf etwas ganz Neues? Sie lieben Salamis? Sie lieben Brie? Dann sind unsere luftgetrockneten W\u00fcrste genau das Richtige f\u00fcr Sie! Frische und Authentizit\u00e4t sind uns bei Monsieur Saucisson besonders wichtig. Mit den franz\u00f6sischen Salamis von Monsieur Saucisson entdecken Sie den unwiderstehlichen Charme von Le France. Original, lecker und immer neue Kreationen!<\/p>\n<p>Die franz\u00f6sische Salami mit Brie und schwarzem Knoblauch wird Ihre Sinne verzaubern, denn diese Kombination aus Brie und schwarzem Knoblauch sorgt f\u00fcr eine hervorragende Geschmackskombination. Die Cremigkeit des Brie mildert die erdige, s\u00fc\u00dfe Intensit\u00e4t des schwarzen Knoblauchs und der wiederum verleiht dieser Saucisson eine <a href=\"https:\/\/de.wikipedia.org\/wiki\/Umami#Geschmackliche_Wahrnehmung\" target=\"_blank\" rel=\"noopener\">Umami<\/a>-\u00e4hnliche W\u00fcrze.<\/p>\n","protected":false},"excerpt":{"rendered":"<p>Salami mit Brie und schwarzem Knoblauch &#8211; Saucisson brie\/ ail noir: Die Kombination aus dem Brie und dem schwarzen Knoblauch ergibt eine interessante Geschmackskombination! Die Cremigkeit des Brie mildert die erdige, s\u00fc\u00dfe Intensit\u00e4t des schwarzen Knoblauchs ab, und der schwarze Knoblauch wiederum verleiht dem K\u00e4se eine umami-\u00e4hnliche Note.<\/p>\n","protected":false},"featured_media":5094,"template":"","meta":{"_acf_changed":false,"iawp_total_views":255,"editor_notices":[]},"product_brand":[],"product_cat":[15,82,81,85],"product_tag":[],"class_list":{"0":"post-5093","1":"product","2":"type-product","3":"status-publish","4":"has-post-thumbnail","6":"product_cat-alle-produkte","7":"product_cat-franzoesische-salami","8":"product_cat-luftgetrocknete-salami","9":"product_cat-saucisson-sec-franzosische-salami","11":"first","12":"instock","13":"taxable","14":"shipping-taxable","15":"purchasable","16":"product-type-simple"},"acf":[],"_links":{"self":[{"href":"https:\/\/monsieursaucisson.com\/de\/wp-json\/wp\/v2\/product\/5093","targetHints":{"allow":["GET"]}}],"collection":[{"href":"https:\/\/monsieursaucisson.com\/de\/wp-json\/wp\/v2\/product"}],"about":[{"href":"https:\/\/monsieursaucisson.com\/de\/wp-json\/wp\/v2\/types\/product"}],"wp:featuredmedia":[{"embeddable":true,"href":"https:\/\/monsieursaucisson.com\/de\/wp-json\/wp\/v2\/media\/5094"}],"wp:attachment":[{"href":"https:\/\/monsieursaucisson.com\/de\/wp-json\/wp\/v2\/media?parent=5093"}],"wp:term":[{"taxonomy":"product_brand","embeddable":true,"href":"https:\/\/monsieursaucisson.com\/de\/wp-json\/wp\/v2\/product_brand?post=5093"},{"taxonomy":"product_cat","embeddable":true,"href":"https:\/\/monsieursaucisson.com\/de\/wp-json\/wp\/v2\/product_cat?post=5093"},{"taxonomy":"product_tag","embeddable":true,"href":"https:\/\/monsieursaucisson.com\/de\/wp-json\/wp\/v2\/product_tag?post=5093"}],"curies":[{"name":"wp","href":"https:\/\/api.w.org\/{rel}","templated":true}]}}