{"id":4960,"date":"2024-07-01T11:54:06","date_gmt":"2024-07-01T09:54:06","guid":{"rendered":"https:\/\/monsieursaucisson.com\/de\/?post_type=product&#038;p=4960"},"modified":"2025-11-28T23:41:06","modified_gmt":"2025-11-28T22:41:06","slug":"salami-mit-kirschen-und-kirschwasser","status":"publish","type":"product","link":"https:\/\/monsieursaucisson.com\/de\/salami-mit-kirschen-und-kirschwasser\/","title":{"rendered":"Franz\u00f6sische Salami mit Kirschen und Kirschwasser"},"content":{"rendered":"<h2>Kirschwassersalami &#8211; Salami mit Kirschen und Kirschwasser<\/h2>\n<p>Lassen Sie sich von dem unvergleichlichen Charme Frankreichs verf\u00fchren &#8211; mit dieser Saucisson sec von Monsieur Saucisson! Authentisch, lecker und traditionell zubereitet. Der frische, s\u00fc\u00dfe Geschmack dieser Rohwurst ist perfekt f\u00fcr die Sommersaison. Je mehr die Wurst trocknet, desto intensiver und reichhaltiger wird sie. Wie viele Kirschen in einer Salami sind, kann nat\u00fcrlich variieren.<\/p>\n<p>Unsere franz\u00f6sische Salami mit Kirschen und <a href=\"https:\/\/de.wikipedia.org\/wiki\/Kirschwasser\" target=\"_blank\" rel=\"noopener\">Kirschwasser<\/a> ist ein Geschmackserlebnis, das Sie sich nicht entgehen lassen sollten! Lassen Sie sich vom einzigartigen Geschmack von Monsieur Saucisson \u00fcberraschen und bestellen Sie noch heute.<\/p>\n","protected":false},"excerpt":{"rendered":"<p>Franz\u00f6sische Salami mit Kirschen und Kirschwasser &#8211; Holen Sie sich den Sommer auf den Tisch mit dieser herrlichen und frisch zubereiteten Kirschwassersalami! Der Kirschanteil kann von Scheibe zu Scheibe variieren.<\/p>\n<p>Durch die Zugabe von Kirschwasser erh\u00e4lt unsere luftgetrocknete Salami mit Kirschen und Kirschwasser einen sch\u00f6nen tiefen Geschmack. K\u00f6stlich zu genie\u00dfen bis sp\u00e4t in die Nacht!<\/p>\n<p>Diese Wurst ist an der gelb-blauen Schnur zu erkennen.<\/p>\n","protected":false},"featured_media":4961,"template":"","meta":{"_acf_changed":false,"iawp_total_views":135,"editor_notices":[]},"product_brand":[],"product_cat":[82,81,348,346,85],"product_tag":[],"class_list":{"0":"post-4960","1":"product","2":"type-product","3":"status-publish","4":"has-post-thumbnail","6":"product_cat-franzoesische-salami","7":"product_cat-luftgetrocknete-salami","8":"product_cat-neu","9":"product_cat-neu-und-aktionen","10":"product_cat-saucisson-sec-franzosische-salami","12":"first","13":"outofstock","14":"taxable","15":"shipping-taxable","16":"purchasable","17":"product-type-simple"},"acf":[],"_links":{"self":[{"href":"https:\/\/monsieursaucisson.com\/de\/wp-json\/wp\/v2\/product\/4960","targetHints":{"allow":["GET"]}}],"collection":[{"href":"https:\/\/monsieursaucisson.com\/de\/wp-json\/wp\/v2\/product"}],"about":[{"href":"https:\/\/monsieursaucisson.com\/de\/wp-json\/wp\/v2\/types\/product"}],"wp:featuredmedia":[{"embeddable":true,"href":"https:\/\/monsieursaucisson.com\/de\/wp-json\/wp\/v2\/media\/4961"}],"wp:attachment":[{"href":"https:\/\/monsieursaucisson.com\/de\/wp-json\/wp\/v2\/media?parent=4960"}],"wp:term":[{"taxonomy":"product_brand","embeddable":true,"href":"https:\/\/monsieursaucisson.com\/de\/wp-json\/wp\/v2\/product_brand?post=4960"},{"taxonomy":"product_cat","embeddable":true,"href":"https:\/\/monsieursaucisson.com\/de\/wp-json\/wp\/v2\/product_cat?post=4960"},{"taxonomy":"product_tag","embeddable":true,"href":"https:\/\/monsieursaucisson.com\/de\/wp-json\/wp\/v2\/product_tag?post=4960"}],"curies":[{"name":"wp","href":"https:\/\/api.w.org\/{rel}","templated":true}]}}