{"id":4685,"date":"2024-06-04T08:05:13","date_gmt":"2024-06-04T06:05:13","guid":{"rendered":"https:\/\/monsieursaucisson.com\/de\/?post_type=product&#038;p=4685"},"modified":"2026-01-29T16:01:05","modified_gmt":"2026-01-29T15:01:05","slug":"salami-mit-cognac-und-gruenem-pfeffer","status":"publish","type":"product","link":"https:\/\/monsieursaucisson.com\/de\/salami-mit-cognac-und-gruenem-pfeffer\/","title":{"rendered":"Franz\u00f6sische Salami mit Cognac und gr\u00fcnem Pfeffer"},"content":{"rendered":"<h2>Franz\u00f6sische Salami mit Cognac und gr\u00fcnem Pfeffer &#8211; Saucisson Cognac et Poivre Vert<\/h2>\n<p>Entdecken Sie den raffinierten Geschmack unserer neuesten Kreation: eine luftgetrocknete Wurst, Cognac und gr\u00fcner Pfeffer! Bei Monsieur Saucisson sind wir immer auf der Suche nach einzigartigen Kombinationen, die Ihre Geschmacksnerven \u00fcberraschen. Diese geschmackvolle Rohwurst ist die perfekte Verbindung von w\u00fcrzigem Cognac und dem pikanten Geschmack gr\u00fcner Pfefferk\u00f6rner.<\/p>\n<p>Unsere Salami mit Cognac und gr\u00fcnem Pfeffer wird nach traditionellen franz\u00f6sischen Methoden sorgf\u00e4ltig und fachm\u00e4nnisch zubereitet. Der Cognac verleiht der Wurst ein reichhaltiges, vielschichtiges Aroma, w\u00e4hrend der gr\u00fcne Pfeffer f\u00fcr einen subtilen, w\u00fcrzigen Kick sorgt, der die Geschmacksnerven kitzelt.<\/p>\n<p>Diese k\u00f6stliche franz\u00f6sische Salami mit Cognac und gr\u00fcnem Pfeffer ist ideal f\u00fcr jede Festtafel und passt perfekt zu einem guten Glas Rotwein oder einem gepflegten Bier. Die Kombination aus Cognac und gr\u00fcnem Pfeffer macht sie zu einer raffinierten Delikatesse, die sowohl bei intimen Abendessen als <a href=\"https:\/\/de.wikipedia.org\/wiki\/Amuse-Gueule\" target=\"_blank\" rel=\"noopener\">Amuse Bouche<\/a> als auch bei festlichen Anl\u00e4ssen beeindruckt.<\/p>\n<p>Egal, ob Sie ein echter Feinschmecker sind oder einfach mal etwas Neues ausprobieren m\u00f6chten, unsere franz\u00f6sische Salami mit Cognac und gr\u00fcnem Pfeffer ist ein Geschmackserlebnis, das Sie nicht verpassen sollten. Bestellen Sie noch heute und lassen Sie sich von den einzigartigen Aromen von Monsieur Saucisson \u00fcberraschen!<\/p>\n","protected":false},"excerpt":{"rendered":"<p>Probieren Sie die raffinierte Saucisson Cognac et Poivre Vert! Diese 160-180 g schwere, handgemachte franz\u00f6sische Rohwurst bietet ein vollmundiges Cognac-Aroma mit einem w\u00fcrzigen Kick aus gr\u00fcnem Pfeffer. Perfekt f\u00fcr Feinschmecker!<\/p>\n<p>Diese Wurst ist an der weissen Schnur zu erkennen.<\/p>\n","protected":false},"featured_media":4686,"template":"","meta":{"_acf_changed":false,"iawp_total_views":275,"editor_notices":[]},"product_brand":[],"product_cat":[348,346,81,82,85,15],"product_tag":[],"class_list":{"0":"post-4685","1":"product","2":"type-product","3":"status-publish","4":"has-post-thumbnail","6":"product_cat-neu","7":"product_cat-neu-und-aktionen","8":"product_cat-luftgetrocknete-salami","9":"product_cat-franzoesische-salami","10":"product_cat-saucisson-sec-franzosische-salami","11":"product_cat-alle-produkte","13":"first","14":"outofstock","15":"taxable","16":"shipping-taxable","17":"purchasable","18":"product-type-simple"},"acf":[],"_links":{"self":[{"href":"https:\/\/monsieursaucisson.com\/de\/wp-json\/wp\/v2\/product\/4685","targetHints":{"allow":["GET"]}}],"collection":[{"href":"https:\/\/monsieursaucisson.com\/de\/wp-json\/wp\/v2\/product"}],"about":[{"href":"https:\/\/monsieursaucisson.com\/de\/wp-json\/wp\/v2\/types\/product"}],"wp:featuredmedia":[{"embeddable":true,"href":"https:\/\/monsieursaucisson.com\/de\/wp-json\/wp\/v2\/media\/4686"}],"wp:attachment":[{"href":"https:\/\/monsieursaucisson.com\/de\/wp-json\/wp\/v2\/media?parent=4685"}],"wp:term":[{"taxonomy":"product_brand","embeddable":true,"href":"https:\/\/monsieursaucisson.com\/de\/wp-json\/wp\/v2\/product_brand?post=4685"},{"taxonomy":"product_cat","embeddable":true,"href":"https:\/\/monsieursaucisson.com\/de\/wp-json\/wp\/v2\/product_cat?post=4685"},{"taxonomy":"product_tag","embeddable":true,"href":"https:\/\/monsieursaucisson.com\/de\/wp-json\/wp\/v2\/product_tag?post=4685"}],"curies":[{"name":"wp","href":"https:\/\/api.w.org\/{rel}","templated":true}]}}