{"id":4370,"date":"2024-04-09T11:40:42","date_gmt":"2024-04-09T09:40:42","guid":{"rendered":"https:\/\/monsieursaucisson.com\/de\/?post_type=product&#038;p=4370"},"modified":"2026-03-27T15:41:08","modified_gmt":"2026-03-27T14:41:08","slug":"fuet-salami-mit-stier","status":"publish","type":"product","link":"https:\/\/monsieursaucisson.com\/de\/fuet-salami-mit-stier\/","title":{"rendered":"Fuet Salami mit Stier"},"content":{"rendered":"<h2>Fuet Salami mit Stier &#8211; eine echte Delikatesse<\/h2>\n<p>Entdecken Sie hier und jetzt den kr\u00e4ftigen Geschmack unserer neuen spanischen Fuet Salami mit Stier &#8211; eine wirklich beeindruckende Erg\u00e4nzung unseres Wurstsortiments. Stierfleisch hat einen kr\u00e4ftigeren Geschmack als Rindfleisch. Die Farbe des Fleisches ist auch dunkler und eher mager. Stierfleisch gilt als eine echte Delikatesse. Diese hausgemachte Delikatesse verbindet die spanische Spitzenqualit\u00e4t mit dem kr\u00e4ftigen Geschmack von erstklassigem Rindfleisch.<\/p>\n<p>Unser spanischer <em>Fuet Salami mit Stier ist ein wahres Prachtst\u00fcck<\/em> auf jeder Wurstplatte. Diese, von Fachleuten und mit Sorgfalt, hergestellte Dauerwurst bietet ein perfektes Gleichgewicht zwischen traditionellen Aromen und dem herzhaften Geschmack von Stierfleisch. Wenn Sie mal eine etwas andere Salami suchen und Ihr Buffet &#8222;aufpolieren&#8220; m\u00f6chten, dann kommen Sie an dieser Fuet Salami mit Stier nicht vorbei!<\/p>\n<p>Sie wollen mehr? Kein Problem! Alle unsere Fuet Salamis finden Sie <a href=\"https:\/\/monsieursaucisson.com\/de\/fuet-salami\/#:~:text=Die%20Fuet%20Salami%20ist%20eine,die%20an%20eine%20Peitsche%20erinnert.\">hier<\/a>!<\/p>\n","protected":false},"excerpt":{"rendered":"<p>Entdecken Sie den kr\u00e4ftigen Geschmack unserer neuen spanischen Fuet Salami mit Stier &#8211; eine wirklich beeindruckende Erg\u00e4nzung unseres Wurstsortiments. Diese hausgemachte Delikatesse verbindet die traditionelle spanische Qualit\u00e4t mit dem kr\u00e4ftigen Geschmack von erstklassigem Rindfleisch.<\/p>\n","protected":false},"featured_media":4371,"template":"","meta":{"_acf_changed":false,"iawp_total_views":152,"editor_notices":[]},"product_brand":[],"product_cat":[348,346,81,87,88,15],"product_tag":[],"class_list":{"0":"post-4370","1":"product","2":"type-product","3":"status-publish","4":"has-post-thumbnail","6":"product_cat-neu","7":"product_cat-neu-und-aktionen","8":"product_cat-luftgetrocknete-salami","9":"product_cat-spanische-wurst","10":"product_cat-fuet-salami","11":"product_cat-alle-produkte","12":"pa_geschmaecker-wild","14":"first","15":"outofstock","16":"taxable","17":"shipping-taxable","18":"purchasable","19":"product-type-simple"},"acf":[],"_links":{"self":[{"href":"https:\/\/monsieursaucisson.com\/de\/wp-json\/wp\/v2\/product\/4370","targetHints":{"allow":["GET"]}}],"collection":[{"href":"https:\/\/monsieursaucisson.com\/de\/wp-json\/wp\/v2\/product"}],"about":[{"href":"https:\/\/monsieursaucisson.com\/de\/wp-json\/wp\/v2\/types\/product"}],"wp:featuredmedia":[{"embeddable":true,"href":"https:\/\/monsieursaucisson.com\/de\/wp-json\/wp\/v2\/media\/4371"}],"wp:attachment":[{"href":"https:\/\/monsieursaucisson.com\/de\/wp-json\/wp\/v2\/media?parent=4370"}],"wp:term":[{"taxonomy":"product_brand","embeddable":true,"href":"https:\/\/monsieursaucisson.com\/de\/wp-json\/wp\/v2\/product_brand?post=4370"},{"taxonomy":"product_cat","embeddable":true,"href":"https:\/\/monsieursaucisson.com\/de\/wp-json\/wp\/v2\/product_cat?post=4370"},{"taxonomy":"product_tag","embeddable":true,"href":"https:\/\/monsieursaucisson.com\/de\/wp-json\/wp\/v2\/product_tag?post=4370"}],"curies":[{"name":"wp","href":"https:\/\/api.w.org\/{rel}","templated":true}]}}