{"id":3910,"date":"2024-02-13T12:23:24","date_gmt":"2024-02-13T11:23:24","guid":{"rendered":"https:\/\/monsieursaucisson.com\/de\/?post_type=product&#038;p=3910"},"modified":"2026-04-15T23:22:53","modified_gmt":"2026-04-15T21:22:53","slug":"trueffelchips","status":"publish","type":"product","link":"https:\/\/monsieursaucisson.com\/de\/trueffelchips\/","title":{"rendered":"Tr\u00fcffelchips"},"content":{"rendered":"<h2 class=\"LC20lb MBeuO DKV0Md\">Tr\u00fcffelchips &#8211; Chips mit dem Geschmack von schwarzen Tr\u00fcffel<\/h2>\n<p>Erg\u00e4nzen Sie Ihre Vespertafel oder Ihre Wurstplatte mit diesen leckeren Tr\u00fcffelchips. Oder, erweitern Sie einfach Ihr Chips-Sortiment. Der erdige Geschmack und der Geruch der schwarzen Tr\u00fcffel, kombiniert mit den knusprigen Kartoffelchips, machen die Tr\u00fcffelchips zu einem einzigartigen Snack. Die schmackhaften Chips sind in 125-Gramm-Schalen erh\u00e4ltlich.<\/p>\n<p>Unsere Kartoffelchip-Kreationen eignen sich hervorragend als Geschenk f\u00fcr gro\u00dfe Chips-Liebhaber und f\u00fcr alle, die mal etwas anderes als die \u00fcblichen Chips aus dem Supermarkt probieren m\u00f6chten.<\/p>\n<p>Lust auf mehr bekommen? Hier gehts zu unserer\u00a0<a href=\"https:\/\/monsieursaucisson.com\/de\/chips-cracker\/\">Chips &amp; Cracker<\/a>\u00a0Abteilung.<\/p>\n<p>&nbsp;<\/p>\n<p>&nbsp;<\/p>\n<p>&nbsp;<\/p>\n","protected":false},"excerpt":{"rendered":"<p class=\"LC20lb MBeuO DKV0Md\">Genie\u00dfen Sie diese k\u00f6stlichen Tr\u00fcffelchips &#8211; Chips mit dem Geschmack von schwarzen Tr\u00fcffel. Die Kartoffelchips mit dem k\u00f6stlichen Geschmack und das erdige Aroma der schwarzen Tr\u00fcffel. Liebhabern dieses Geschmacks empfehlen wir auch unsere <a href=\"https:\/\/monsieursaucisson.com\/de\/trueffelsalami\/\" target=\"_blank\" rel=\"noopener\">Tr\u00fcffelsalami<\/a> zu probieren.<\/p>\n","protected":false},"featured_media":1064,"template":"","meta":{"_acf_changed":false,"iawp_total_views":221,"editor_notices":[]},"product_brand":[],"product_cat":[15,316,309,313],"product_tag":[],"class_list":{"0":"post-3910","1":"product","2":"type-product","3":"status-publish","4":"has-post-thumbnail","6":"product_cat-alle-produkte","7":"product_cat-chips-cracker","8":"product_cat-delikatessen","9":"product_cat-tapas","11":"first","12":"instock","13":"taxable","14":"shipping-taxable","15":"purchasable","16":"product-type-simple"},"acf":[],"_links":{"self":[{"href":"https:\/\/monsieursaucisson.com\/de\/wp-json\/wp\/v2\/product\/3910","targetHints":{"allow":["GET"]}}],"collection":[{"href":"https:\/\/monsieursaucisson.com\/de\/wp-json\/wp\/v2\/product"}],"about":[{"href":"https:\/\/monsieursaucisson.com\/de\/wp-json\/wp\/v2\/types\/product"}],"wp:featuredmedia":[{"embeddable":true,"href":"https:\/\/monsieursaucisson.com\/de\/wp-json\/wp\/v2\/media\/1064"}],"wp:attachment":[{"href":"https:\/\/monsieursaucisson.com\/de\/wp-json\/wp\/v2\/media?parent=3910"}],"wp:term":[{"taxonomy":"product_brand","embeddable":true,"href":"https:\/\/monsieursaucisson.com\/de\/wp-json\/wp\/v2\/product_brand?post=3910"},{"taxonomy":"product_cat","embeddable":true,"href":"https:\/\/monsieursaucisson.com\/de\/wp-json\/wp\/v2\/product_cat?post=3910"},{"taxonomy":"product_tag","embeddable":true,"href":"https:\/\/monsieursaucisson.com\/de\/wp-json\/wp\/v2\/product_tag?post=3910"}],"curies":[{"name":"wp","href":"https:\/\/api.w.org\/{rel}","templated":true}]}}