{"id":3908,"date":"2024-02-20T09:24:58","date_gmt":"2024-02-20T08:24:58","guid":{"rendered":"https:\/\/monsieursaucisson.com\/de\/?post_type=product&#038;p=3908"},"modified":"2026-04-01T23:10:55","modified_gmt":"2026-04-01T21:10:55","slug":"brunch-toast","status":"publish","type":"product","link":"https:\/\/monsieursaucisson.com\/de\/brunch-toast\/","title":{"rendered":"Brunch-Toast mit Rosinen"},"content":{"rendered":"<h2>Brunch-Toast &#8211; ger\u00f6stete Baguettescheiben mit Rosinen<\/h2>\n<p>Probieren Sie mal diese spanischen Brunch-Toasts (Tostas con Pasas) &#8211; leckere, ger\u00f6stete Baguettescheiben mit Rosinen. Der spanische Toast vereint s\u00fc\u00df und knusprig, denn die Rosinen verleihen dem getoasteten Baguettescheiben eine nat\u00fcrliche S\u00fc\u00dfe. Das Brunch-Toast mit Rosinen wiegt 100 Gramm pro Verpackung.<\/p>\n<p>Diese kleinen <a href=\"https:\/\/de.wikipedia.org\/wiki\/Brunch\" target=\"_blank\" rel=\"noopener\">Brunch<\/a>-Toasts passen hervorragend zu unseren authentischen Terrinen und Pasteten, sowie zu K\u00e4se und Aufschnitt. Lust auf mehr bekommen? Hier gehts zu unserer\u00a0<a href=\"https:\/\/monsieursaucisson.com\/de\/chips-cracker\/\">Chips &amp; Cracker<\/a>\u00a0Abteilung.<\/p>\n","protected":false},"excerpt":{"rendered":"<p>Lassen Sie sich von unserem Brunch-Toast mit Rosinen (Tostas con Pasas) verf\u00fchren &#8211; k\u00f6stliche, ger\u00f6stete Baguettescheiben mit Rosinen. Dieses spanische Toastbrot bietet eine perfekte Balance zwischen s\u00fc\u00df und knusprig. Die Rosinen verleihen dem getoasteten Baguette eine nat\u00fcrliche S\u00fc\u00dfe.<\/p>\n<p>Die ger\u00f6steten Baguettescheiben mit Rosinen haben ein Gewicht von 100 Gramm pro Verpackung und sie sind hervorragend geeignet, um mit einer <a href=\"https:\/\/monsieursaucisson.com\/de\/enten-rillettes\/\"><u>Rilette<\/u><\/a> oder der <a href=\"https:\/\/monsieursaucisson.com\/de\/pate-vom-fasan-mit-trueffel\/\"><u>spanischen Pastete mit Fasan und Tr\u00fcffel<\/u><\/a> kombiniert zu werden.<\/p>\n","protected":false},"featured_media":3909,"template":"","meta":{"_acf_changed":false,"iawp_total_views":32,"editor_notices":[]},"product_brand":[],"product_cat":[309,313,316,15],"product_tag":[],"class_list":{"0":"post-3908","1":"product","2":"type-product","3":"status-publish","4":"has-post-thumbnail","6":"product_cat-delikatessen","7":"product_cat-tapas","8":"product_cat-chips-cracker","9":"product_cat-alle-produkte","11":"first","12":"instock","13":"taxable","14":"shipping-taxable","15":"purchasable","16":"product-type-simple"},"acf":[],"_links":{"self":[{"href":"https:\/\/monsieursaucisson.com\/de\/wp-json\/wp\/v2\/product\/3908","targetHints":{"allow":["GET"]}}],"collection":[{"href":"https:\/\/monsieursaucisson.com\/de\/wp-json\/wp\/v2\/product"}],"about":[{"href":"https:\/\/monsieursaucisson.com\/de\/wp-json\/wp\/v2\/types\/product"}],"wp:featuredmedia":[{"embeddable":true,"href":"https:\/\/monsieursaucisson.com\/de\/wp-json\/wp\/v2\/media\/3909"}],"wp:attachment":[{"href":"https:\/\/monsieursaucisson.com\/de\/wp-json\/wp\/v2\/media?parent=3908"}],"wp:term":[{"taxonomy":"product_brand","embeddable":true,"href":"https:\/\/monsieursaucisson.com\/de\/wp-json\/wp\/v2\/product_brand?post=3908"},{"taxonomy":"product_cat","embeddable":true,"href":"https:\/\/monsieursaucisson.com\/de\/wp-json\/wp\/v2\/product_cat?post=3908"},{"taxonomy":"product_tag","embeddable":true,"href":"https:\/\/monsieursaucisson.com\/de\/wp-json\/wp\/v2\/product_tag?post=3908"}],"curies":[{"name":"wp","href":"https:\/\/api.w.org\/{rel}","templated":true}]}}