{"id":3906,"date":"2024-02-13T13:58:16","date_gmt":"2024-02-13T12:58:16","guid":{"rendered":"https:\/\/monsieursaucisson.com\/de\/?post_type=product&#038;p=3906"},"modified":"2026-04-07T19:04:08","modified_gmt":"2026-04-07T17:04:08","slug":"picos-gourmet-tapas-gebaeckstangen","status":"publish","type":"product","link":"https:\/\/monsieursaucisson.com\/de\/picos-gourmet-tapas-gebaeckstangen\/","title":{"rendered":"Picos Gourmet &#8211; Tapas Geb\u00e4ckstangen"},"content":{"rendered":"<h2>Picos Gourmet &#8211; traditionelle Tapas Geb\u00e4ckstangen<\/h2>\n<p>Probieren Sie den knusprigen Geschmack von Picos Gourmet, denn wir haben den beliebten spanischen Brotstangen einen modernen Dreh verpasst. Die traditionellen\u00a0 Tapas Geb\u00e4ckstangen Picos Gourmet trumpfen mit einem purem Geschmack und einem au\u00dfergew\u00f6hnlichen Knisper-Knuspern-Erlebnis.<\/p>\n<p>Die Picos Gourmet Stangen sind ein perfekter Knabber-Begleiter f\u00fcr alle spanischen Tapas, zum Servieren mit k\u00f6stlichen Dips, w\u00fcrzigen <a href=\"https:\/\/monsieursaucisson.com\/de\/tapenade\/\">Tapenaden<\/a> oder unseren unwiderstehlichen <a href=\"https:\/\/monsieursaucisson.com\/de\/aioli-knoblauch-dip\/\" target=\"_blank\" rel=\"noopener\">Alioli-Dips<\/a>. Ein einfacher, knuspriger Genuss f\u00fcr ein perfektes Geschmackserlebnis.<\/p>\n<p><strong>TIPP:<\/strong> Mit diesen knisper-knusper Geb\u00e4ckstangen verwandeln sich auch jede Salzbutter oder Kr\u00e4uterquark in ein kulinarisches Erlebnis.<\/p>\n","protected":false},"excerpt":{"rendered":"<p>Knusper, Knusper M\u00e4uschen &#8230;. Entdecken Sie das k\u00f6stliche Knuspern von Picos Gourmet &#8211; Tapas Geb\u00e4ckstangen. Die Picos Gourmet Stangen sind eine moderne Variante der beliebten spanischen Brotstangen. Ideal zum Servieren mit k\u00f6stlichen Dips, w\u00fcrzigen Tapenaden oder unseren unwiderstehlichen Alioli-Dips. Ein einfacher, knuspriger Genuss f\u00fcr ein perfektes Geschmackserlebnis.<\/p>\n","protected":false},"featured_media":3907,"template":"","meta":{"_acf_changed":false,"iawp_total_views":72,"editor_notices":[]},"product_brand":[],"product_cat":[309,313,316],"product_tag":[],"class_list":{"0":"post-3906","1":"product","2":"type-product","3":"status-publish","4":"has-post-thumbnail","6":"product_cat-delikatessen","7":"product_cat-tapas","8":"product_cat-chips-cracker","10":"first","11":"instock","12":"taxable","13":"shipping-taxable","14":"purchasable","15":"product-type-simple"},"acf":[],"_links":{"self":[{"href":"https:\/\/monsieursaucisson.com\/de\/wp-json\/wp\/v2\/product\/3906","targetHints":{"allow":["GET"]}}],"collection":[{"href":"https:\/\/monsieursaucisson.com\/de\/wp-json\/wp\/v2\/product"}],"about":[{"href":"https:\/\/monsieursaucisson.com\/de\/wp-json\/wp\/v2\/types\/product"}],"wp:featuredmedia":[{"embeddable":true,"href":"https:\/\/monsieursaucisson.com\/de\/wp-json\/wp\/v2\/media\/3907"}],"wp:attachment":[{"href":"https:\/\/monsieursaucisson.com\/de\/wp-json\/wp\/v2\/media?parent=3906"}],"wp:term":[{"taxonomy":"product_brand","embeddable":true,"href":"https:\/\/monsieursaucisson.com\/de\/wp-json\/wp\/v2\/product_brand?post=3906"},{"taxonomy":"product_cat","embeddable":true,"href":"https:\/\/monsieursaucisson.com\/de\/wp-json\/wp\/v2\/product_cat?post=3906"},{"taxonomy":"product_tag","embeddable":true,"href":"https:\/\/monsieursaucisson.com\/de\/wp-json\/wp\/v2\/product_tag?post=3906"}],"curies":[{"name":"wp","href":"https:\/\/api.w.org\/{rel}","templated":true}]}}