{"id":3904,"date":"2024-02-15T12:53:03","date_gmt":"2024-02-15T11:53:03","guid":{"rendered":"https:\/\/monsieursaucisson.com\/de\/?post_type=product&#038;p=3904"},"modified":"2026-04-07T19:02:35","modified_gmt":"2026-04-07T17:02:35","slug":"crackers-mit-sesam","status":"publish","type":"product","link":"https:\/\/monsieursaucisson.com\/de\/crackers-mit-sesam\/","title":{"rendered":"Leichte Crackers mit Sesam"},"content":{"rendered":"<h2>Crackers mit Sesam &#8211; leckeres Fingerfood aus Spanien<\/h2>\n<p>In jeder 125-Gramm-Packung entfaltet sich eine Welt voller M\u00f6glichkeiten, die sich perfekt mit Tapas, verschiedenen K\u00e4sesorten oder Ihren Lieblingsdips kombinieren lassen. Die doppelte Fermentierung verleiht den Crackers mit Sesam einen intensiveren Geschmack und eine besonders knusprige Textur &#8211; eben ein k\u00f6stliches Fingerfood aus Spanien.<\/p>\n<p>Au\u00dferdem eignen sich die Crackers mit Sesam als eine originelle Geschenkidee f\u00fcr Gourmets und f\u00fcr alle, die mal etwas anderes als die \u00fcblichen Chips aus dem Supermarkt probieren m\u00f6chten.<\/p>\n<p><strong>TIPP:<\/strong> Mit diesen knisper-knusper Crackers mit Sesam verwandeln sich auch jede Salzbutter oder Kr\u00e4uterquark in ein kulinarisches Erlebnis. Lust auf mehr bekommen? Hier gehts zu unserer <a href=\"https:\/\/monsieursaucisson.com\/de\/chips-cracker\/\">Chips &amp; Cracker<\/a>\u00a0Abteilung.<\/p>\n","protected":false},"excerpt":{"rendered":"<p>Kr\u00e4cker-Alarm! Erleben Sie den unwiderstehlichen Geschmack unserer leichten Crackers mit Sesam (Rega\u00f1\u00e1s de Doble Fermentaci\u00f3n) &#8211; raffinierte, knusprige Crackers mit einer einzigartigen doppelten Fermentation. Aber, Achtung: einmal die 125-Gramm-Packung angefangen mit Knabbern \u2026<\/p>\n<p>Dieser Sesam-Kr\u00e4cker sind perfekt f\u00fcr jede Tapas-Party, jedes Buffet und sie tummeln sich auch gerne mal gem\u00fctlich auf der Couch.<\/p>\n","protected":false},"featured_media":3905,"template":"","meta":{"_acf_changed":false,"iawp_total_views":31,"editor_notices":[]},"product_brand":[],"product_cat":[316,15],"product_tag":[],"class_list":{"0":"post-3904","1":"product","2":"type-product","3":"status-publish","4":"has-post-thumbnail","6":"product_cat-chips-cracker","7":"product_cat-alle-produkte","9":"first","10":"instock","11":"taxable","12":"shipping-taxable","13":"purchasable","14":"product-type-simple"},"acf":[],"_links":{"self":[{"href":"https:\/\/monsieursaucisson.com\/de\/wp-json\/wp\/v2\/product\/3904","targetHints":{"allow":["GET"]}}],"collection":[{"href":"https:\/\/monsieursaucisson.com\/de\/wp-json\/wp\/v2\/product"}],"about":[{"href":"https:\/\/monsieursaucisson.com\/de\/wp-json\/wp\/v2\/types\/product"}],"wp:featuredmedia":[{"embeddable":true,"href":"https:\/\/monsieursaucisson.com\/de\/wp-json\/wp\/v2\/media\/3905"}],"wp:attachment":[{"href":"https:\/\/monsieursaucisson.com\/de\/wp-json\/wp\/v2\/media?parent=3904"}],"wp:term":[{"taxonomy":"product_brand","embeddable":true,"href":"https:\/\/monsieursaucisson.com\/de\/wp-json\/wp\/v2\/product_brand?post=3904"},{"taxonomy":"product_cat","embeddable":true,"href":"https:\/\/monsieursaucisson.com\/de\/wp-json\/wp\/v2\/product_cat?post=3904"},{"taxonomy":"product_tag","embeddable":true,"href":"https:\/\/monsieursaucisson.com\/de\/wp-json\/wp\/v2\/product_tag?post=3904"}],"curies":[{"name":"wp","href":"https:\/\/api.w.org\/{rel}","templated":true}]}}