{"id":3902,"date":"2024-02-13T09:07:21","date_gmt":"2024-02-13T08:07:21","guid":{"rendered":"https:\/\/monsieursaucisson.com\/de\/?post_type=product&#038;p=3902"},"modified":"2026-04-14T19:42:17","modified_gmt":"2026-04-14T17:42:17","slug":"italienisches-salami-paket","status":"publish","type":"product","link":"https:\/\/monsieursaucisson.com\/de\/italienisches-salami-paket\/","title":{"rendered":"Italienisches Salami Paket"},"content":{"rendered":"<h2>Italienisches Salami Paket &#8211; das Beste aus bella Italia<\/h2>\n<p>Unser italienisches Salami Paket: Entdecken Sie den unwiderstehlichen Geschmack unseres Wurstpakets aus dem Norden Italiens, das mit viel Liebe und Sorgfalt zusammengestellt wurde. Diese Auswahl an hochwertigen Salamis bringt echten italienischen Charme auf Ihre Teller. Und unser italienisches Salami Paket hat es in sich.<\/p>\n<p>Die Salami Barolo ist eine k\u00f6stliche Kombination der beliebten italienischen Salami mit den reichen Aromen des Rotweins &#8211; ein wirklich raffinierter Geschmack. Die Knoblauchliebhaber kommen bei der Salami Knoblauch auf ihre Kosten und f\u00fcr Liebhaber des reinen italienischen Geschmacks gibt es die authentische, italienische Delikatesse Salami Naturel &#8211; eine wahre Gaumenfreude. F\u00fcr einen pikanten Kick sorgen wir mit der Salami Peperonico, die mit ihrem k\u00f6stlich pikanten Geschmack jeden Bissen zu einem Festmahl macht.<\/p>\n<p>\u00dcberraschend und knackig ist die Salami mit Pistazien &#8211; eine ganz andere Dimension. Beachten Sie, dass die Menge der N\u00fcsse pro Scheibe variieren kann, was jeden Bissen zu einem einzigartigen Erlebnis macht.<\/p>\n<p>Wir raten davon ab, die Au\u00dfenhaut der Salami zu essen. Nehmen Sie die Salami aus der Verpackung und lassen Sie sie eine Weile l\u00fcften, damit Sie die Salami in vollen Z\u00fcgen genie\u00dfen k\u00f6nnen. Die schmackhaften W\u00fcrste aus Norditalien bringen die authentische italienische kulinarische Tradition auf Ihren Teller.<\/p>\n","protected":false},"excerpt":{"rendered":"<p>Tauchen Sie ein in die sonnige Welt Italiens und das, ohne daf\u00fcr einen Schritt vor die T\u00fcr zu setzen! Das italienische Salami-Paket bringt f\u00fcnf k\u00f6stliche Geschmacksrichtungen direkt zu und nach Hause. Mit den Geschmacksrichtungen Natur, Knoblauch, Peperonico, Barolo, wei\u00dfem Tr\u00fcffel und Pistazien haben Sie immer eine k\u00f6stliche Erg\u00e4nzung f\u00fcr alle Gelenheiten und Geschm\u00e4cker.<\/p>\n<p>Die Salamis in sind lange haltbar und auch perfekt zum Verschenken. Neugierig geworden? Hier finden Sie alle unsere <a href=\"https:\/\/monsieursaucisson.com\/de\/wurstpakete-und-geschenksets\/\" target=\"_blank\" rel=\"noopener\">Wurstpakete und Geschenksets<\/a>.<\/p>\n","protected":false},"featured_media":3903,"template":"","meta":{"_acf_changed":false,"iawp_total_views":431,"editor_notices":[]},"product_brand":[],"product_cat":[299,15],"product_tag":[],"class_list":{"0":"post-3902","1":"product","2":"type-product","3":"status-publish","4":"has-post-thumbnail","6":"product_cat-wurstpakete-und-geschenksets","7":"product_cat-alle-produkte","9":"first","10":"instock","11":"taxable","12":"shipping-taxable","13":"purchasable","14":"product-type-simple"},"acf":[],"_links":{"self":[{"href":"https:\/\/monsieursaucisson.com\/de\/wp-json\/wp\/v2\/product\/3902","targetHints":{"allow":["GET"]}}],"collection":[{"href":"https:\/\/monsieursaucisson.com\/de\/wp-json\/wp\/v2\/product"}],"about":[{"href":"https:\/\/monsieursaucisson.com\/de\/wp-json\/wp\/v2\/types\/product"}],"wp:featuredmedia":[{"embeddable":true,"href":"https:\/\/monsieursaucisson.com\/de\/wp-json\/wp\/v2\/media\/3903"}],"wp:attachment":[{"href":"https:\/\/monsieursaucisson.com\/de\/wp-json\/wp\/v2\/media?parent=3902"}],"wp:term":[{"taxonomy":"product_brand","embeddable":true,"href":"https:\/\/monsieursaucisson.com\/de\/wp-json\/wp\/v2\/product_brand?post=3902"},{"taxonomy":"product_cat","embeddable":true,"href":"https:\/\/monsieursaucisson.com\/de\/wp-json\/wp\/v2\/product_cat?post=3902"},{"taxonomy":"product_tag","embeddable":true,"href":"https:\/\/monsieursaucisson.com\/de\/wp-json\/wp\/v2\/product_tag?post=3902"}],"curies":[{"name":"wp","href":"https:\/\/api.w.org\/{rel}","templated":true}]}}