{"id":3784,"date":"2024-02-06T10:41:39","date_gmt":"2024-02-06T09:41:39","guid":{"rendered":"https:\/\/monsieursaucisson.com\/de\/?post_type=product&#038;p=3784"},"modified":"2025-07-17T16:17:13","modified_gmt":"2025-07-17T14:17:13","slug":"chorizo-salami-sticks","status":"publish","type":"product","link":"https:\/\/monsieursaucisson.com\/de\/chorizo-salami-sticks\/","title":{"rendered":"Chorizo Salami Sticks"},"content":{"rendered":"<h2>Chorizo Salami Sticks &#8211; die besten Fuet Wurst im Mini-Format<\/h2>\n<p>Entdecken Sie die k\u00f6stlichen Chorizo Salami Sticks von Monsieur Saucisson, authentische luftgetrocknete Mini-Salamis &#8211; frisch aus Spanien. Hergestellt aus sorgf\u00e4ltig ausgew\u00e4hltem Schweinefleisch und Gew\u00fcrzen, sind diese kleinen Mini-W\u00fcrstchen eine schmackhafte Erg\u00e4nzung f\u00fcr Ihre Vespertafel.<\/p>\n<p>Ob Sie sich im Park bei einem guten Bier entspannen oder unterwegs nach einem leckeren Snack verlangen, die Chorizo Salami Sticks passen zu jeder Gelegenheit. Sie k\u00f6nnen diese Snack-Salamis ganz einfach am St\u00fcck verzehren, und dabei eine unwiderstehliche Kombination von Aromen genie\u00dfen. Mit einem w\u00fcrzigen Geschmack, einer r\u00f6tlichen Farbe und einer kr\u00e4ftigen, groben Textur verk\u00f6rpert diese spanische Delikatesse die traditionelle spanische Chorizo.<\/p>\n<p>Unsere Mini Chorizo Salami Sticks wurden sorgf\u00e4ltig zusammengestellt, um Ihnen ein echtes Meisterwerk der spanischen K\u00fcche zu bieten. Erg\u00e4nzen Sie Ihre Vesperplatte mit dieser schmackhaften Delikatesse und genie\u00dfen Sie ein wahrhaftes Geschmackserlebnis, das Ihre Geschmacksnerven begeistern wird.<\/p>\n<p>Bestellen Sie noch heute und entdecken Sie die Welt von Monsieur Saucisson. Entdecken Sie auch unsere anderen\u00a0<a href=\"https:\/\/monsieursaucisson.com\/de\/salami-snacks\/\"><strong>Snack Salamis!<\/strong><\/a><\/p>\n","protected":false},"excerpt":{"rendered":"<p>Entdecken Sie unsere k\u00f6stlichen Mini Chorizo Salami Sticks &#8211; eine schmackhafte spanische Delikatesse, die wie geschaffen f\u00fcr Ihre Brotzeittafel ist. Die Chorizo Salami Sticks werden aus hochwertigem Schweinefleisch hergestellt und sind angereichert mit authentischen Gew\u00fcrzen &#8211; eine perfekte Kombination aus w\u00fcrzigem Geschmack und fester Textur.<\/p>\n<p>Genie\u00dfen Sie diesen herzhaften Mini-Snack jederzeit, egal ob Sie sich im Park entspannen oder unterwegs sind. Probieren Sie jetzt unsere Chorizo Salami Sticks und bringen Sie einen Hauch von spanischer Tradition auf den Tisch!<\/p>\n","protected":false},"featured_media":3785,"template":"","meta":{"_acf_changed":false,"iawp_total_views":591,"editor_notices":[]},"product_brand":[],"product_cat":[15,296,297,87],"product_tag":[],"class_list":{"0":"post-3784","1":"product","2":"type-product","3":"status-publish","4":"has-post-thumbnail","6":"product_cat-alle-produkte","7":"product_cat-chorizo-wurst","8":"product_cat-spanische-snacks","9":"product_cat-spanische-wurst","11":"first","12":"instock","13":"taxable","14":"shipping-taxable","15":"purchasable","16":"product-type-simple"},"acf":[],"_links":{"self":[{"href":"https:\/\/monsieursaucisson.com\/de\/wp-json\/wp\/v2\/product\/3784","targetHints":{"allow":["GET"]}}],"collection":[{"href":"https:\/\/monsieursaucisson.com\/de\/wp-json\/wp\/v2\/product"}],"about":[{"href":"https:\/\/monsieursaucisson.com\/de\/wp-json\/wp\/v2\/types\/product"}],"wp:featuredmedia":[{"embeddable":true,"href":"https:\/\/monsieursaucisson.com\/de\/wp-json\/wp\/v2\/media\/3785"}],"wp:attachment":[{"href":"https:\/\/monsieursaucisson.com\/de\/wp-json\/wp\/v2\/media?parent=3784"}],"wp:term":[{"taxonomy":"product_brand","embeddable":true,"href":"https:\/\/monsieursaucisson.com\/de\/wp-json\/wp\/v2\/product_brand?post=3784"},{"taxonomy":"product_cat","embeddable":true,"href":"https:\/\/monsieursaucisson.com\/de\/wp-json\/wp\/v2\/product_cat?post=3784"},{"taxonomy":"product_tag","embeddable":true,"href":"https:\/\/monsieursaucisson.com\/de\/wp-json\/wp\/v2\/product_tag?post=3784"}],"curies":[{"name":"wp","href":"https:\/\/api.w.org\/{rel}","templated":true}]}}