{"id":3782,"date":"2024-02-02T12:32:21","date_gmt":"2024-02-02T11:32:21","guid":{"rendered":"https:\/\/monsieursaucisson.com\/de\/?post_type=product&#038;p=3782"},"modified":"2026-02-23T14:30:10","modified_gmt":"2026-02-23T13:30:10","slug":"mini-fuet-natur","status":"publish","type":"product","link":"https:\/\/monsieursaucisson.com\/de\/mini-fuet-natur\/","title":{"rendered":"Mini Fuet Natur"},"content":{"rendered":"<div class=\"flex-1 overflow-hidden\">\n<div class=\"react-scroll-to-bottom--css-mftuj-79elbk h-full\">\n<div class=\"react-scroll-to-bottom--css-mftuj-1n7m0yu\">\n<div class=\"flex flex-col pb-9 text-sm\">\n<div class=\"w-full text-token-text-primary\" data-testid=\"conversation-turn-16\">\n<div class=\"px-4 py-2 justify-center text-base md:gap-6 m-auto\">\n<div class=\"flex flex-1 text-base mx-auto gap-3 md:px-5 lg:px-1 xl:px-5 md:max-w-3xl lg:max-w-[40rem] xl:max-w-[48rem] group final-completion\">\n<div class=\"relative flex w-full flex-col lg:w-[calc(100%-115px)] agent-turn\">\n<div class=\"flex-col gap-1 md:gap-3\">\n<div class=\"flex flex-grow flex-col max-w-full\">\n<div class=\"min-h-[20px] text-message flex flex-col items-start gap-3 whitespace-pre-wrap break-words [.text-message+&amp;]:mt-5 overflow-x-auto\" data-message-author-role=\"assistant\" data-message-id=\"79b09925-2855-44d9-b804-e593f12209c6\">\n<div class=\"markdown prose w-full break-words dark:prose-invert light\">\n<h2>Mini Fuet Natur &#8211; Ihr ganz pers\u00f6nliches Gourmet-Erlebnis!<\/h2>\n<p>Bereichern Sie Ihre Speisekarte mit unserer Mini Fuet Natur &#8211; eine schmackhafte getrocknete Wurst, die aus dem sch\u00f6nen Spanien. Diese Mini Salami wird aus sorgf\u00e4ltig ausgew\u00e4hltem Schweinefleisch und feinen Kr\u00e4utern zubereitet. Eine schmackhafte Erg\u00e4nzung f\u00fcr jeden Anlass.<\/p>\n<p>Die Mini Fuet Natur ist mehr als eine gew\u00f6hnliche Snackwurst, sie ist ein echtes kulinarisches Erlebnis. Mit ihrer kompakten Gr\u00f6\u00dfe eignet sich diese schmackhafte Leckerei perfekt, um im Ganzen vernascht zu werden. Bei einem erfrischenden Getr\u00e4nk im Park oder f\u00fcr unterwegs, wenn Sie Lust auf einen leckeren Snack haben, wird diese Mini-Trockenwurst all Ihre kulinarischen W\u00fcnsche erf\u00fcllen.<\/p>\n<p>Schmecken Sie die spanische Leidenschaft, erleben Sie die Authentizit\u00e4t und bereichern Sie Ihre Geschmacksnerven mit dieser exquisiten spanischen Delikatesse. Bestellen Sie noch heute und bringen Sie den kulinarischen Reichtum Spaniens auf Ihren Tisch. Entdecken Sie auch unsere anderen\u00a0<a href=\"https:\/\/monsieursaucisson.com\/de\/salami-snacks\/\"><strong>Snack Salamis!<\/strong><\/a><\/p>\n<\/div>\n<\/div>\n<\/div>\n<\/div>\n<\/div>\n<\/div>\n<\/div>\n<\/div>\n<\/div>\n<\/div>\n<\/div>\n<\/div>\n","protected":false},"excerpt":{"rendered":"<p>Natur pur! Entdecken Sie die Mini Fuet Natur: Purer Genuss in jedem kleinen Bissen. Diese authentische luftgetrocknete Wurstspezialit\u00e4t aus Spanien ist die perfekte Erg\u00e4nzung f\u00fcr jede Art von Verk\u00f6stigung. Bestellen Sie jetzt die Mini Fuet Natur Salami und bringen Sie einen Hauch von Spanien auf Ihreen Tisch &#8211; Ihr ganz pers\u00f6nliches Gourmet-Erlebnis!<\/p>\n<p>Eine leckere Abwechslung f\u00fcr jede Gelegenheit.<\/p>\n","protected":false},"featured_media":3783,"template":"","meta":{"_acf_changed":false,"iawp_total_views":55,"editor_notices":[]},"product_brand":[],"product_cat":[87,297,15],"product_tag":[],"class_list":{"0":"post-3782","1":"product","2":"type-product","3":"status-publish","4":"has-post-thumbnail","6":"product_cat-spanische-wurst","7":"product_cat-spanische-snacks","8":"product_cat-alle-produkte","10":"first","11":"instock","12":"taxable","13":"shipping-taxable","14":"purchasable","15":"product-type-simple"},"acf":[],"_links":{"self":[{"href":"https:\/\/monsieursaucisson.com\/de\/wp-json\/wp\/v2\/product\/3782","targetHints":{"allow":["GET"]}}],"collection":[{"href":"https:\/\/monsieursaucisson.com\/de\/wp-json\/wp\/v2\/product"}],"about":[{"href":"https:\/\/monsieursaucisson.com\/de\/wp-json\/wp\/v2\/types\/product"}],"wp:featuredmedia":[{"embeddable":true,"href":"https:\/\/monsieursaucisson.com\/de\/wp-json\/wp\/v2\/media\/3783"}],"wp:attachment":[{"href":"https:\/\/monsieursaucisson.com\/de\/wp-json\/wp\/v2\/media?parent=3782"}],"wp:term":[{"taxonomy":"product_brand","embeddable":true,"href":"https:\/\/monsieursaucisson.com\/de\/wp-json\/wp\/v2\/product_brand?post=3782"},{"taxonomy":"product_cat","embeddable":true,"href":"https:\/\/monsieursaucisson.com\/de\/wp-json\/wp\/v2\/product_cat?post=3782"},{"taxonomy":"product_tag","embeddable":true,"href":"https:\/\/monsieursaucisson.com\/de\/wp-json\/wp\/v2\/product_tag?post=3782"}],"curies":[{"name":"wp","href":"https:\/\/api.w.org\/{rel}","templated":true}]}}