{"id":3780,"date":"2024-02-13T09:36:45","date_gmt":"2024-02-13T08:36:45","guid":{"rendered":"https:\/\/monsieursaucisson.com\/de\/?post_type=product&#038;p=3780"},"modified":"2025-05-08T11:37:00","modified_gmt":"2025-05-08T09:37:00","slug":"salami-snack-box","status":"publish","type":"product","link":"https:\/\/monsieursaucisson.com\/de\/salami-snack-box\/","title":{"rendered":"Salami Snack Box"},"content":{"rendered":"<h2>Salami Snack Box &#8211; die Mini Salamis aus der T\u00fcte<\/h2>\n<p>Unsere Salami Snack Box ist eine T\u00fcte! Eien T\u00fcte voll mit superleckeren Mini-Salami-Snacks in\u00a0 verschiedenen Geschmacksrichtungen. Genie\u00dfen Sie unsere spezielle Salami-Snack-Mischung. Viel zu schade zum Teilen! Die Miniw\u00fcrste k\u00f6nnen im Ganzen verzehrt werden und sind die perfekten Snacks f\u00fcr unterwegs.<\/p>\n<p>Die Mini Salamis von Monsieur Saucisson gibt es\u00a0<strong>in mehreren, verschiedenen Geschmacksrichtungen, wie zum Beispiel<\/strong>:<\/p>\n<ul>\n<li><a href=\"https:\/\/monsieursaucisson.com\/de\/salami-snacks\/\" target=\"_blank\" rel=\"noopener\">Franz\u00f6sische Snack-Salami Natur<\/a><\/li>\n<li><a href=\"https:\/\/monsieursaucisson.com\/de\/salami-snacks-schwarze-trueffel\/\">Franz\u00f6siche Snack-Salami mit schwarzen Tr\u00fcffeln<\/a><\/li>\n<li><a href=\"https:\/\/monsieursaucisson.com\/de\/snack-salami-chorizo\/\" target=\"_blank\" rel=\"noopener\">Franz\u00f6sische Snack-Salami Chorizo<\/a><\/li>\n<li><a href=\"https:\/\/monsieursaucisson.com\/de\/snack-salami-walnuss\/\">Franz\u00f6sische Snack-Salami Walnuss<\/a><\/li>\n<li><a href=\"https:\/\/monsieursaucisson.com\/de\/snack-salami-parmesankaese\/\" target=\"_blank\" rel=\"noopener\">Franz\u00f6sische Snack-Salami Parmesank\u00e4se (auf der Au\u00dfenseite)<\/a><\/li>\n<li><a href=\"https:\/\/monsieursaucisson.com\/de\/snack-salami-pfeffer\/\">Franz\u00f6sische Snack-Salami Pfeffer (auf der Au\u00dfenseite)<\/a><\/li>\n<li><a href=\"https:\/\/monsieursaucisson.com\/de\/snack-salami-curry\/\">Franz\u00f6sische Snack-Salami Curry (auf der Au\u00dfenseite)<\/a><\/li>\n<li><a href=\"https:\/\/monsieursaucisson.com\/de\/salami-snacks-schwarze-oliven\/\">Franz\u00f6sische Snack-Salami schwarze Oliven<\/a><\/li>\n<\/ul>\n","protected":false},"excerpt":{"rendered":"<p>Salami Snack Box &#8211; die Mini Salamis aus der T\u00fcte! Entdecken Sie eine kulinarische Reise mit unserer besonderen Salami-Snack-Mischung. Diese herzhafte &#8222;Salami Snack Box&#8220; enth\u00e4lt eine Reihe von k\u00f6stlichen Salami-Sorten, darunter die Sorten Natural, Tr\u00fcffel, Oliven, Pfeffer, Curry und Parmesan. Viel zu Schade, um zu Teilen!<\/p>\n<p>Unsere Mini Salami-Snacks sind nicht nur erstaunlich praktisch, sondern auch ein wahrer Genuss.<\/p>\n","protected":false},"featured_media":3781,"template":"","meta":{"_acf_changed":false,"iawp_total_views":626,"editor_notices":[]},"product_brand":[],"product_cat":[15,82,81,84],"product_tag":[],"class_list":{"0":"post-3780","1":"product","2":"type-product","3":"status-publish","4":"has-post-thumbnail","6":"product_cat-alle-produkte","7":"product_cat-franzoesische-salami","8":"product_cat-luftgetrocknete-salami","9":"product_cat-salami-snacks","11":"first","12":"instock","13":"taxable","14":"shipping-taxable","15":"purchasable","16":"product-type-simple"},"acf":[],"_links":{"self":[{"href":"https:\/\/monsieursaucisson.com\/de\/wp-json\/wp\/v2\/product\/3780","targetHints":{"allow":["GET"]}}],"collection":[{"href":"https:\/\/monsieursaucisson.com\/de\/wp-json\/wp\/v2\/product"}],"about":[{"href":"https:\/\/monsieursaucisson.com\/de\/wp-json\/wp\/v2\/types\/product"}],"wp:featuredmedia":[{"embeddable":true,"href":"https:\/\/monsieursaucisson.com\/de\/wp-json\/wp\/v2\/media\/3781"}],"wp:attachment":[{"href":"https:\/\/monsieursaucisson.com\/de\/wp-json\/wp\/v2\/media?parent=3780"}],"wp:term":[{"taxonomy":"product_brand","embeddable":true,"href":"https:\/\/monsieursaucisson.com\/de\/wp-json\/wp\/v2\/product_brand?post=3780"},{"taxonomy":"product_cat","embeddable":true,"href":"https:\/\/monsieursaucisson.com\/de\/wp-json\/wp\/v2\/product_cat?post=3780"},{"taxonomy":"product_tag","embeddable":true,"href":"https:\/\/monsieursaucisson.com\/de\/wp-json\/wp\/v2\/product_tag?post=3780"}],"curies":[{"name":"wp","href":"https:\/\/api.w.org\/{rel}","templated":true}]}}