{"id":3727,"date":"2024-01-19T10:09:10","date_gmt":"2024-01-19T09:09:10","guid":{"rendered":"https:\/\/monsieursaucisson.com\/de\/?post_type=product&#038;p=3727"},"modified":"2026-04-08T16:41:16","modified_gmt":"2026-04-08T14:41:16","slug":"tandoori-salami","status":"publish","type":"product","link":"https:\/\/monsieursaucisson.com\/de\/tandoori-salami\/","title":{"rendered":"Franz\u00f6sische Tandoori Salami"},"content":{"rendered":"<h2>Franz\u00f6sische Tandoori Salami &#8211; ein faszinierender\u00a0 Geschmack<\/h2>\n<p>\u00dcberraschen Sie Ihre Geschmacksknospen mit unserer Tandoori Salami (Saucisson Tandoori), einer luftgetrockneten Wurst mit einer faszinierenden Geschmacksmischung und einem Hauch exotischer Gew\u00fcrze. Die charakteristische W\u00fcrze und die hellrote Farbe machen die Tandoori Salami zu einer einzigartigen Erg\u00e4nzung auf jedem Tisch.<\/p>\n<p>F\u00fcr unsere Saucisson Tandoori wird hochwertiges Fleisch mit erlesenen Tandoori-Gew\u00fcrzen kombiniert, die dem Fleisch einen mild-w\u00fcrzigen Geschmack verleihen. Das perfekte Gleichgewicht aus traditioneller Herstellung und exotischen Gew\u00fcrzen &#8211; jeder Bissen ist ein einzigartiges kulinarisches Erlebnis.<\/p>\n<p>Ganz gleich, ob Sie einen gem\u00fctlichen Abend veranstalten oder einfach nur einen leckeren Moment genie\u00dfen m\u00f6chten, die Tandoori Salami bietet eine \u00fcberraschende Abwechslung. Die Qualit\u00e4t des Fleisches in Kombination mit den authentischen Gew\u00fcrzen macht diese Trockenwurst zu einem besonderen Genuss f\u00fcr Feinschmecker mit einem Gesp\u00fcr f\u00fcr ungew\u00f6hnliche Aromen.<\/p>\n<p>Entdecken Sie die Welt der Aromen und schaffen Sie unvergessliche Momente mit dieser w\u00fcrzigen Delikatesse &#8211; ein Hauch von Abenteuer auf Ihre Festtafel.<\/p>\n","protected":false},"excerpt":{"rendered":"<p>G\u00f6nnen Sie sich mal etwas anderes. Experimentieren Sie mit Geschm\u00e4ckern. Diese schmackhafte Tandoori Salami ist w\u00fcrzig und hat eine hellrote Farbe. Das Fleisch ist mit Tandoori-Gew\u00fcrzen vermischt, die der franz\u00f6sischen Salami einen mild-w\u00fcrzigen Geschmack verleihen.<\/p>\n<p>Diese Wurst ist an der lilafarbenen Schnur zu erkennen.<\/p>\n","protected":false},"featured_media":978,"template":"","meta":{"_acf_changed":false,"iawp_total_views":183,"editor_notices":[]},"product_brand":[],"product_cat":[81,82,85,15],"product_tag":[],"class_list":{"0":"post-3727","1":"product","2":"type-product","3":"status-publish","4":"has-post-thumbnail","6":"product_cat-luftgetrocknete-salami","7":"product_cat-franzoesische-salami","8":"product_cat-saucisson-sec-franzosische-salami","9":"product_cat-alle-produkte","11":"first","12":"outofstock","13":"taxable","14":"shipping-taxable","15":"purchasable","16":"product-type-simple"},"acf":[],"_links":{"self":[{"href":"https:\/\/monsieursaucisson.com\/de\/wp-json\/wp\/v2\/product\/3727","targetHints":{"allow":["GET"]}}],"collection":[{"href":"https:\/\/monsieursaucisson.com\/de\/wp-json\/wp\/v2\/product"}],"about":[{"href":"https:\/\/monsieursaucisson.com\/de\/wp-json\/wp\/v2\/types\/product"}],"wp:featuredmedia":[{"embeddable":true,"href":"https:\/\/monsieursaucisson.com\/de\/wp-json\/wp\/v2\/media\/978"}],"wp:attachment":[{"href":"https:\/\/monsieursaucisson.com\/de\/wp-json\/wp\/v2\/media?parent=3727"}],"wp:term":[{"taxonomy":"product_brand","embeddable":true,"href":"https:\/\/monsieursaucisson.com\/de\/wp-json\/wp\/v2\/product_brand?post=3727"},{"taxonomy":"product_cat","embeddable":true,"href":"https:\/\/monsieursaucisson.com\/de\/wp-json\/wp\/v2\/product_cat?post=3727"},{"taxonomy":"product_tag","embeddable":true,"href":"https:\/\/monsieursaucisson.com\/de\/wp-json\/wp\/v2\/product_tag?post=3727"}],"curies":[{"name":"wp","href":"https:\/\/api.w.org\/{rel}","templated":true}]}}