{"id":3096,"date":"2024-01-05T10:33:36","date_gmt":"2024-01-05T09:33:36","guid":{"rendered":"https:\/\/monsieursaucisson.com\/de\/?post_type=product&#038;p=3096"},"modified":"2024-01-05T10:38:47","modified_gmt":"2024-01-05T09:38:47","slug":"merlot-louise-rotwein","status":"publish","type":"product","link":"https:\/\/monsieursaucisson.com\/de\/merlot-louise-rotwein\/","title":{"rendered":"Merlot Louise &#8211; Rotwein"},"content":{"rendered":"<h2 lang=\"de-DE\">Merlot Louise &#8211; Rotwein &#8211; &#8222;Wie Gott in Frankreich&#8220;<\/h2>\n<p lang=\"de-DE\">F\u00fcr viele Weinliebhaber kommt der beste Rotwein aus Frankreich und die Redewendung &#8222;Wie Gott in Frankreich&#8220; ist mit dem Merlot Louise &#8211; Rotwein gar nicht so weit hergeholt. Dieser franz\u00f6sische Rotwein ist ein k\u00f6stlicher, vollmundiger <a href=\"https:\/\/de.wikipedia.org\/wiki\/Merlot\" target=\"_blank\" rel=\"noopener\">Merlot-Wein<\/a> &#8211; f\u00fcr jeden Tag. Der Merlot Rotwein l\u00e4sst sich gut mit vielen Gerichten kombinieren.<\/p>\n<p lang=\"de-DE\">Entdecken Sie die Vielfalt franz\u00f6sischer Rotweine &#8211; perfekt als Erg\u00e4nzung f\u00fcr ein <a href=\"https:\/\/monsieursaucisson.com\/de\/wurstpakete-und-geschenksets\/\">Wurstpaket<\/a>, oder f\u00fcr einen gelungenen Abend.<\/p>\n<ul>\n<li lang=\"de-DE\">Inhalt: 75cl<\/li>\n<li lang=\"de-DE\">Jahr: 2022<\/li>\n<li lang=\"de-DE\">Alkoholgehalt: 14 %<\/li>\n<\/ul>\n","protected":false},"excerpt":{"rendered":"<p lang=\"de-DE\">F\u00fcr viele Weinliebhaber kommt der beste Rotwein aus Frankreich und die Redewendung &#8222;Wie Gott in Frankreich&#8220; ist mit dem Merlot Louise &#8211; Rotwein gar nicht so weit hergeholt. Dieser franz\u00f6sische Rotwein ist ein k\u00f6stlicher, vollmundiger Merlot-Wein &#8211; ein Weinchen f\u00fcr jeden Tag, der sich auch gut mit vielen Gerichten kombinieren l\u00e4\u00dft.<\/p>\n<p lang=\"de-DE\">Entdecken Sie die Vielfalt franz\u00f6sischer Rotweine &#8211; perfekt als Erg\u00e4nzung f\u00fcr ein Wurstpaket, oder f\u00fcr einen gelungenen Abend.<\/p>\n<p lang=\"de-DE\">\n","protected":false},"featured_media":3542,"template":"","meta":{"_acf_changed":false,"iawp_total_views":11,"editor_notices":[]},"product_brand":[],"product_cat":[15],"product_tag":[],"class_list":{"0":"post-3096","1":"product","2":"type-product","3":"status-publish","4":"has-post-thumbnail","6":"product_cat-alle-produkte","8":"first","9":"instock","10":"taxable","11":"shipping-taxable","12":"product-type-simple"},"acf":[],"_links":{"self":[{"href":"https:\/\/monsieursaucisson.com\/de\/wp-json\/wp\/v2\/product\/3096","targetHints":{"allow":["GET"]}}],"collection":[{"href":"https:\/\/monsieursaucisson.com\/de\/wp-json\/wp\/v2\/product"}],"about":[{"href":"https:\/\/monsieursaucisson.com\/de\/wp-json\/wp\/v2\/types\/product"}],"wp:featuredmedia":[{"embeddable":true,"href":"https:\/\/monsieursaucisson.com\/de\/wp-json\/wp\/v2\/media\/3542"}],"wp:attachment":[{"href":"https:\/\/monsieursaucisson.com\/de\/wp-json\/wp\/v2\/media?parent=3096"}],"wp:term":[{"taxonomy":"product_brand","embeddable":true,"href":"https:\/\/monsieursaucisson.com\/de\/wp-json\/wp\/v2\/product_brand?post=3096"},{"taxonomy":"product_cat","embeddable":true,"href":"https:\/\/monsieursaucisson.com\/de\/wp-json\/wp\/v2\/product_cat?post=3096"},{"taxonomy":"product_tag","embeddable":true,"href":"https:\/\/monsieursaucisson.com\/de\/wp-json\/wp\/v2\/product_tag?post=3096"}],"curies":[{"name":"wp","href":"https:\/\/api.w.org\/{rel}","templated":true}]}}