{"id":2843,"date":"2023-12-11T20:16:48","date_gmt":"2023-12-11T19:16:48","guid":{"rendered":"https:\/\/monsieursaucisson.com\/de\/?post_type=product&#038;p=2843"},"modified":"2026-04-07T19:01:59","modified_gmt":"2026-04-07T17:01:59","slug":"salami-snacks-schwarze-trueffel","status":"publish","type":"product","link":"https:\/\/monsieursaucisson.com\/de\/salami-snacks-schwarze-trueffel\/","title":{"rendered":"Salami Snacks schwarze Tr\u00fcffel"},"content":{"rendered":"<h2>Salami Snacks schwarze Tr\u00fcffel &#8211; ein unverwechselbarer Geschmack<\/h2>\n<p>Das sieht ja fast so aus, wie eine T\u00fcte mit Pommes frites. Aber, nein! Es ist eine T\u00fcte mit unserem franz\u00f6sischen Salami Snacks <a href=\"https:\/\/de.wikipedia.org\/wiki\/Perigord-Tr%C3%BCffel\" target=\"_blank\" rel=\"noopener\">schwarze Tr\u00fcffel<\/a>! Diese kleinen franz\u00f6sischen Salamis sind luftgetrocknet und k\u00f6nnen im Ganzen gegessen werden. Lecker und verzehrfertig sind diese kleinen Leckerbissen, die man auch unterwegs essen kann. Genie\u00dfen Sie die Salami Snacks schwarze Tr\u00fcffel im Park mit einem sch\u00f6nen Bier oder auf der Couch bei einem Filmabend.<\/p>\n<p>Die Mini Salamis von Monsieur Saucisson gibt es <strong>in verschiedenen Geschmacksrichtungen<\/strong>:<\/p>\n<ul>\n<li><em><a href=\"https:\/\/monsieursaucisson.com\/de\/salami-snacks-schwarze-trueffel\/\">Franz\u00f6siche Snack-Salami mit schwarzen Tr\u00fcffeln<\/a><\/em><\/li>\n<li><a href=\"https:\/\/monsieursaucisson.com\/de\/salami-snacks\/\" target=\"_blank\" rel=\"noopener\">Franz\u00f6sische Snack-Salami Natur<\/a><\/li>\n<li><a href=\"https:\/\/monsieursaucisson.com\/de\/snack-salami-chorizo\/\" target=\"_blank\" rel=\"noopener\">Franz\u00f6sische Snack-Salami Chorizo<\/a><\/li>\n<li><a href=\"https:\/\/monsieursaucisson.com\/de\/snack-salami-walnuss\/\">Franz\u00f6sische Snack-Salami Walnuss<\/a><\/li>\n<li><a href=\"https:\/\/monsieursaucisson.com\/de\/snack-salami-parmesankaese\/\" target=\"_blank\" rel=\"noopener\">Franz\u00f6sische Snack-Salami Parmesank\u00e4se (auf der Au\u00dfenseite)<\/a><\/li>\n<li><a href=\"https:\/\/monsieursaucisson.com\/de\/snack-salami-pfeffer\/\">Franz\u00f6sische Snack-Salami Pfeffer (auf der Au\u00dfenseite)<\/a><\/li>\n<li><a href=\"https:\/\/monsieursaucisson.com\/de\/snack-salami-curry\/\">Franz\u00f6sische Snack-Salami Curry (auf der Au\u00dfenseite)<\/a><\/li>\n<li><a href=\"https:\/\/monsieursaucisson.com\/de\/salami-snacks-schwarze-oliven\/\">Franz\u00f6sische Snack-Salami schwarze Oliven<\/a><\/li>\n<\/ul>\n","protected":false},"excerpt":{"rendered":"<p>Ist das eine T\u00fcte mit Pommes frites? Nein! das ist eine T\u00fcte mit den exklusiven Salami Snacks schwarze Tr\u00fcffel. Diese kleinen Snack-Salamis sind trocken und k\u00f6nnen im Ganzen weggefuttert werden. Sie k\u00f6nnen die Salami Snacks schwarze Tr\u00fcffel in einer T\u00fcte mit ca. 125 Gramm oder in einer T\u00fcte mit 500 Gramm bestellen.<\/p>\n<p>Wir empfehlen Ihnen gleich die Gro\u00dfverpackung, da diese Mini-Salamis sooooo lecker sind, dass man sie am liebsten alle gleich vernaschen m\u00f6chte.<\/p>\n","protected":false},"featured_media":2844,"template":"","meta":{"_acf_changed":false,"iawp_total_views":253,"editor_notices":[]},"product_brand":[],"product_cat":[15,84],"product_tag":[],"class_list":{"0":"post-2843","1":"product","2":"type-product","3":"status-publish","4":"has-post-thumbnail","6":"product_cat-alle-produkte","7":"product_cat-salami-snacks","9":"first","10":"instock","11":"sale","12":"taxable","13":"shipping-taxable","14":"purchasable","15":"product-type-variable","16":"has-default-attributes"},"acf":[],"_links":{"self":[{"href":"https:\/\/monsieursaucisson.com\/de\/wp-json\/wp\/v2\/product\/2843","targetHints":{"allow":["GET"]}}],"collection":[{"href":"https:\/\/monsieursaucisson.com\/de\/wp-json\/wp\/v2\/product"}],"about":[{"href":"https:\/\/monsieursaucisson.com\/de\/wp-json\/wp\/v2\/types\/product"}],"wp:featuredmedia":[{"embeddable":true,"href":"https:\/\/monsieursaucisson.com\/de\/wp-json\/wp\/v2\/media\/2844"}],"wp:attachment":[{"href":"https:\/\/monsieursaucisson.com\/de\/wp-json\/wp\/v2\/media?parent=2843"}],"wp:term":[{"taxonomy":"product_brand","embeddable":true,"href":"https:\/\/monsieursaucisson.com\/de\/wp-json\/wp\/v2\/product_brand?post=2843"},{"taxonomy":"product_cat","embeddable":true,"href":"https:\/\/monsieursaucisson.com\/de\/wp-json\/wp\/v2\/product_cat?post=2843"},{"taxonomy":"product_tag","embeddable":true,"href":"https:\/\/monsieursaucisson.com\/de\/wp-json\/wp\/v2\/product_tag?post=2843"}],"curies":[{"name":"wp","href":"https:\/\/api.w.org\/{rel}","templated":true}]}}