{"id":2718,"date":"2023-12-08T12:14:40","date_gmt":"2023-12-08T11:14:40","guid":{"rendered":"https:\/\/monsieursaucisson.com\/de\/?post_type=product&#038;p=2718"},"modified":"2026-04-02T05:52:34","modified_gmt":"2026-04-02T03:52:34","slug":"chips-salt-und-vinegar","status":"publish","type":"product","link":"https:\/\/monsieursaucisson.com\/de\/chips-salt-und-vinegar\/","title":{"rendered":"Chips Salt und Vinegar"},"content":{"rendered":"<h2>Chips Salt und Vinegar &#8211; viel zu lecker<\/h2>\n<p>Die Chips Salt und Vinegar sind so k\u00f6stlich, dass man kaum aufh\u00f6ren kann, wenn man einmal angefangen hat, die Kartoffelchips zu essen. Die leckeren Salt und Vinegar Chips sind in 125-Gramm-T\u00fcten erh\u00e4ltlich.<\/p>\n<p>Unsere Kartoffelchip-Kreationen eignen sich hervorragend als Geschenk f\u00fcr gro\u00dfe Chips-Liebhaber und f\u00fcr alle, die mal etwas anderes als die \u00fcblichen Chips aus dem Supermarkt probieren m\u00f6chten.<\/p>\n<p>Lust auf mehr bekommen? Hier gehts zu unserer\u00a0<a href=\"https:\/\/monsieursaucisson.com\/de\/chips-cracker\/\">Chips &amp; Cracker<\/a>\u00a0Abteilung.<\/p>\n","protected":false},"excerpt":{"rendered":"<p>G\u00f6nnen Sie sich die knusprigen Salt and Vinegar Chips. Die Kombination aus Essig und Salz in Verbindung mit einem knusprigen Biss erzeugt eine echte Geschmacksexplosion. Damit sind die Chips eine perfekte Erg\u00e4nzung f\u00fcr Ihr Sortiment.<\/p>\n","protected":false},"featured_media":2719,"template":"","meta":{"_acf_changed":false,"iawp_total_views":35,"editor_notices":[]},"product_brand":[],"product_cat":[15,316,313,310],"product_tag":[],"class_list":{"0":"post-2718","1":"product","2":"type-product","3":"status-publish","4":"has-post-thumbnail","6":"product_cat-alle-produkte","7":"product_cat-chips-cracker","8":"product_cat-tapas","9":"product_cat-terrinen-und-pasteten","11":"first","12":"outofstock","13":"taxable","14":"shipping-taxable","15":"purchasable","16":"product-type-simple"},"acf":[],"_links":{"self":[{"href":"https:\/\/monsieursaucisson.com\/de\/wp-json\/wp\/v2\/product\/2718","targetHints":{"allow":["GET"]}}],"collection":[{"href":"https:\/\/monsieursaucisson.com\/de\/wp-json\/wp\/v2\/product"}],"about":[{"href":"https:\/\/monsieursaucisson.com\/de\/wp-json\/wp\/v2\/types\/product"}],"wp:featuredmedia":[{"embeddable":true,"href":"https:\/\/monsieursaucisson.com\/de\/wp-json\/wp\/v2\/media\/2719"}],"wp:attachment":[{"href":"https:\/\/monsieursaucisson.com\/de\/wp-json\/wp\/v2\/media?parent=2718"}],"wp:term":[{"taxonomy":"product_brand","embeddable":true,"href":"https:\/\/monsieursaucisson.com\/de\/wp-json\/wp\/v2\/product_brand?post=2718"},{"taxonomy":"product_cat","embeddable":true,"href":"https:\/\/monsieursaucisson.com\/de\/wp-json\/wp\/v2\/product_cat?post=2718"},{"taxonomy":"product_tag","embeddable":true,"href":"https:\/\/monsieursaucisson.com\/de\/wp-json\/wp\/v2\/product_tag?post=2718"}],"curies":[{"name":"wp","href":"https:\/\/api.w.org\/{rel}","templated":true}]}}