{"id":2717,"date":"2023-12-14T08:19:13","date_gmt":"2023-12-14T07:19:13","guid":{"rendered":"https:\/\/monsieursaucisson.com\/de\/?post_type=product&#038;p=2717"},"modified":"2026-04-14T12:40:50","modified_gmt":"2026-04-14T10:40:50","slug":"franzoesische-paprikawurst","status":"publish","type":"product","link":"https:\/\/monsieursaucisson.com\/de\/franzoesische-paprikawurst\/","title":{"rendered":"Franz\u00f6sische Paprikawurst mit s\u00fcssem Paprikapulver"},"content":{"rendered":"<h2 class=\"LC20lb MBeuO DKV0Md\">Franz\u00f6sische Paprikawurst &#8211; Salami mal anders<\/h2>\n<p>Sie m\u00f6chten mal etwas Neues ausprobieren? Sie lieben Salamis? Sie lieben Paprika? Dann ist die genau die richtige Trockenwurst f\u00fcr Sie! Wir von Monsieur Saucisson legen gro\u00dfen Wert auf frische und authentische Produkte. Unsere Rohw\u00fcrste werden mit gr\u00f6\u00dfter Sorgfalt ausgew\u00e4hlt und kommen immer frisch vom Bauernhof.<\/p>\n<p>Jetzt wird es bunt. Oder besser gesagt: orange! Diese frische Salami wird w\u00e4hrend des Trocknungsverfahrens in s\u00fc\u00dfem Paprikapulver eingerollt und hat dadurch einen leicht scharfen Geschmack, der von einem s\u00fc\u00dflichen Fleischaroma abgerundet wird. Ein Hingucker auf jedem Tisch, Teller oder Buffet!<\/p>\n<p>Entdecken Sie den einzigartigen Geschmack der franz\u00f6sische Paprikawurst mit s\u00fcssem Paprikapulver. Bestellen Sie noch heute und genie\u00dfen Sie den Zauber franz\u00f6sischer Aromen!<\/p>\n<p>&nbsp;<\/p>\n","protected":false},"excerpt":{"rendered":"<p>Diese franz\u00f6sische Paprikawurst mit s\u00fcssem Paprikapulver ist eine etwas andere Trockenwurst. Diese naturbelassene, die w\u00e4hrend des Trocknungsprozesses in s\u00fc\u00dfem Paprika gew\u00e4lzt wird, hat einen leicht scharfen Geschmack, gefolgt von einem s\u00fc\u00dfen Fleischgeschmack. Die Paprikawurst hat ein Gewicht zwischen 160 &#8211; 180 Gramm pro St\u00fcck.<\/p>\n<p>Diese Wurst ist an der gr\u00fcn-blauen Schnur zu erkennen.<\/p>\n","protected":false},"featured_media":1004,"template":"","meta":{"_acf_changed":false,"iawp_total_views":189,"editor_notices":[]},"product_brand":[],"product_cat":[81,82,85,15],"product_tag":[],"class_list":{"0":"post-2717","1":"product","2":"type-product","3":"status-publish","4":"has-post-thumbnail","6":"product_cat-luftgetrocknete-salami","7":"product_cat-franzoesische-salami","8":"product_cat-saucisson-sec-franzosische-salami","9":"product_cat-alle-produkte","11":"first","12":"instock","13":"taxable","14":"shipping-taxable","15":"purchasable","16":"product-type-simple"},"acf":[],"_links":{"self":[{"href":"https:\/\/monsieursaucisson.com\/de\/wp-json\/wp\/v2\/product\/2717","targetHints":{"allow":["GET"]}}],"collection":[{"href":"https:\/\/monsieursaucisson.com\/de\/wp-json\/wp\/v2\/product"}],"about":[{"href":"https:\/\/monsieursaucisson.com\/de\/wp-json\/wp\/v2\/types\/product"}],"wp:featuredmedia":[{"embeddable":true,"href":"https:\/\/monsieursaucisson.com\/de\/wp-json\/wp\/v2\/media\/1004"}],"wp:attachment":[{"href":"https:\/\/monsieursaucisson.com\/de\/wp-json\/wp\/v2\/media?parent=2717"}],"wp:term":[{"taxonomy":"product_brand","embeddable":true,"href":"https:\/\/monsieursaucisson.com\/de\/wp-json\/wp\/v2\/product_brand?post=2717"},{"taxonomy":"product_cat","embeddable":true,"href":"https:\/\/monsieursaucisson.com\/de\/wp-json\/wp\/v2\/product_cat?post=2717"},{"taxonomy":"product_tag","embeddable":true,"href":"https:\/\/monsieursaucisson.com\/de\/wp-json\/wp\/v2\/product_tag?post=2717"}],"curies":[{"name":"wp","href":"https:\/\/api.w.org\/{rel}","templated":true}]}}