{"id":2715,"date":"2023-12-08T07:15:01","date_gmt":"2023-12-08T06:15:01","guid":{"rendered":"https:\/\/monsieursaucisson.com\/de\/?post_type=product&#038;p=2715"},"modified":"2026-04-14T14:50:42","modified_gmt":"2026-04-14T12:50:42","slug":"bbq-chips","status":"publish","type":"product","link":"https:\/\/monsieursaucisson.com\/de\/bbq-chips\/","title":{"rendered":"BBQ Chips"},"content":{"rendered":"<h2>BBQ Chips &#8211; Barbecue mal anders<\/h2>\n<p>Genie\u00dfen Sie den leckeren, rauchig-s\u00fc\u00dfen Geschmack der BBQ Chips mit ihrem knusprigen Biss. Ein leckerer Snack und eine tolle Beilage f\u00fcr jede Gelegenheit. Die BBQ Chips sind glutenfrei und in 125-g-Beuteln verpackt, damit Sie sie lange genie\u00dfen k\u00f6nnen, falls einmal etwas \u00fcbrig bleiben sollte!<\/p>\n<p>Lust auf mehr bekommen? Hier gehts zu unserer\u00a0<a href=\"https:\/\/monsieursaucisson.com\/de\/chips-cracker\/\">Chips &amp; Cracker<\/a> Abteilung<\/p>\n<p>&nbsp;<\/p>\n<p>&nbsp;<\/p>\n","protected":false},"excerpt":{"rendered":"<p>Genie\u00dfen Sie den k\u00f6stlichen, rauchigen und s\u00fc\u00dfen Geschmack von BBQ-Chips mit ihrem knusprigen Biss. Ein k\u00f6stlicher Snack und eine tolle Erg\u00e4nzung zu jeder Gelegenheit. Diese BBQ-Chips sind glutenfrei und in 125 g-Beuteln verpackt, damit Sie sie lange genie\u00dfen k\u00f6nnen, falls was \u00fcbrig bleibt!<\/p>\n","protected":false},"featured_media":2716,"template":"","meta":{"_acf_changed":false,"iawp_total_views":56,"editor_notices":[]},"product_brand":[],"product_cat":[309,313,316,15],"product_tag":[],"class_list":{"0":"post-2715","1":"product","2":"type-product","3":"status-publish","4":"has-post-thumbnail","6":"product_cat-delikatessen","7":"product_cat-tapas","8":"product_cat-chips-cracker","9":"product_cat-alle-produkte","11":"first","12":"instock","13":"taxable","14":"shipping-taxable","15":"purchasable","16":"product-type-simple"},"acf":[],"_links":{"self":[{"href":"https:\/\/monsieursaucisson.com\/de\/wp-json\/wp\/v2\/product\/2715","targetHints":{"allow":["GET"]}}],"collection":[{"href":"https:\/\/monsieursaucisson.com\/de\/wp-json\/wp\/v2\/product"}],"about":[{"href":"https:\/\/monsieursaucisson.com\/de\/wp-json\/wp\/v2\/types\/product"}],"wp:featuredmedia":[{"embeddable":true,"href":"https:\/\/monsieursaucisson.com\/de\/wp-json\/wp\/v2\/media\/2716"}],"wp:attachment":[{"href":"https:\/\/monsieursaucisson.com\/de\/wp-json\/wp\/v2\/media?parent=2715"}],"wp:term":[{"taxonomy":"product_brand","embeddable":true,"href":"https:\/\/monsieursaucisson.com\/de\/wp-json\/wp\/v2\/product_brand?post=2715"},{"taxonomy":"product_cat","embeddable":true,"href":"https:\/\/monsieursaucisson.com\/de\/wp-json\/wp\/v2\/product_cat?post=2715"},{"taxonomy":"product_tag","embeddable":true,"href":"https:\/\/monsieursaucisson.com\/de\/wp-json\/wp\/v2\/product_tag?post=2715"}],"curies":[{"name":"wp","href":"https:\/\/api.w.org\/{rel}","templated":true}]}}