{"id":2678,"date":"2023-12-17T19:39:04","date_gmt":"2023-12-17T18:39:04","guid":{"rendered":"https:\/\/monsieursaucisson.com\/de\/?post_type=product&#038;p=2678"},"modified":"2026-04-06T22:52:01","modified_gmt":"2026-04-06T20:52:01","slug":"italienische-salami-al-barolo","status":"publish","type":"product","link":"https:\/\/monsieursaucisson.com\/de\/italienische-salami-al-barolo\/","title":{"rendered":"Italienische Salami al Barolo"},"content":{"rendered":"<h2>Italienische Salami al Barolo &#8211; ein echter Klassiker!<\/h2>\n<p><span class=\"OYPEnA text-decoration-none text-strikethrough-none\">Italien ist nicht nur ein beliebtes Reiseziel, sondern auch ber\u00fchmt ber\u00fcchtigt f\u00fcr das Essen &#8211; insbesondere Salamis. Ist ja auch kein Wunder, denn die Salamis wurden dort &#8222;erfunden&#8220;. Und hier kommt auch gleich noch eine kleine Unterrichtslektion: Im Italienischen hei\u00dft die einzelne Wurst Salame, w\u00e4hrend Salami der Plural ist. Im Deutschen wurde der italienische Plural \u201eSalami\u201c zur Einzelform und der Plural \u201eSalamis\u201c entstand.<\/span><\/p>\n<p>Die italienische Salami al Barolo mit rotem Barolo-Wein kommt aus Norditalien. Diese schmackhafte Salami al Barolo erh\u00e4lt durch den Rotwein einen subtilen Geschmack &#8211; einmalig und diese Wurst amcht auf jedem Teller und Buffet eine gute Figur.<\/p>\n<p>Wir empfehlen, die Au\u00dfenseite der Salami nicht zu essen. Nehmen Sie die Salami aus der Verpackung und lassen Sie diese eine Weile \u201cl\u00fcften\u201d, um den Geschmack die Salami voll zu genie\u00dfen. Bella Italia l\u00e4\u00dft gr\u00fcssen.<\/p>\n<p>&nbsp;<\/p>\n","protected":false},"excerpt":{"rendered":"<p>Die Salami ist eine typische Wurstspezialit\u00e4t aus Italien. Egal ob als Belag auf der Pizza oder auf dem Brot, Salami ist nicht mehr aus unserem Alltag wegzudenken. Ein besonderer Genuss ist dabei auch unsere italienische Salami al Barolo, die mit Barolo-Wein, einem trockenen Rotwein, verfeinert wird.<\/p>\n<p>Mehr italienische Salamis gibt es <a href=\"https:\/\/monsieursaucisson.com\/de\/?s=italienische+Salami&amp;submit=\">hier<\/a>.<\/p>\n","protected":false},"featured_media":2679,"template":"","meta":{"_acf_changed":false,"iawp_total_views":448,"editor_notices":[]},"product_brand":[],"product_cat":[15,338],"product_tag":[],"class_list":{"0":"post-2678","1":"product","2":"type-product","3":"status-publish","4":"has-post-thumbnail","6":"product_cat-alle-produkte","7":"product_cat-italienische-salami","9":"first","10":"instock","11":"taxable","12":"shipping-taxable","13":"purchasable","14":"product-type-simple"},"acf":[],"_links":{"self":[{"href":"https:\/\/monsieursaucisson.com\/de\/wp-json\/wp\/v2\/product\/2678","targetHints":{"allow":["GET"]}}],"collection":[{"href":"https:\/\/monsieursaucisson.com\/de\/wp-json\/wp\/v2\/product"}],"about":[{"href":"https:\/\/monsieursaucisson.com\/de\/wp-json\/wp\/v2\/types\/product"}],"wp:featuredmedia":[{"embeddable":true,"href":"https:\/\/monsieursaucisson.com\/de\/wp-json\/wp\/v2\/media\/2679"}],"wp:attachment":[{"href":"https:\/\/monsieursaucisson.com\/de\/wp-json\/wp\/v2\/media?parent=2678"}],"wp:term":[{"taxonomy":"product_brand","embeddable":true,"href":"https:\/\/monsieursaucisson.com\/de\/wp-json\/wp\/v2\/product_brand?post=2678"},{"taxonomy":"product_cat","embeddable":true,"href":"https:\/\/monsieursaucisson.com\/de\/wp-json\/wp\/v2\/product_cat?post=2678"},{"taxonomy":"product_tag","embeddable":true,"href":"https:\/\/monsieursaucisson.com\/de\/wp-json\/wp\/v2\/product_tag?post=2678"}],"curies":[{"name":"wp","href":"https:\/\/api.w.org\/{rel}","templated":true}]}}