{"id":2676,"date":"2023-12-05T11:34:16","date_gmt":"2023-12-05T10:34:16","guid":{"rendered":"https:\/\/monsieursaucisson.com\/de\/?post_type=product&#038;p=2676"},"modified":"2026-04-14T19:42:09","modified_gmt":"2026-04-14T17:42:09","slug":"italienische-salami-mit-knoblauch","status":"publish","type":"product","link":"https:\/\/monsieursaucisson.com\/de\/italienische-salami-mit-knoblauch\/","title":{"rendered":"Italienische Salami mit Knoblauch"},"content":{"rendered":"<h2>Italienische Salami mit Knoblauch &#8211; St\u00fcck f\u00fcr St\u00fcck unwiderstehlich<\/h2>\n<p>Italien ist nicht nur ein beliebtes Reiseziel, sondern auch ber\u00fchmt ber\u00fcchtigt f\u00fcr das Essen &#8211; insbesondere Salamis. Ist ja auch kein Wunder, denn die Salamis wurden dort &#8222;erfunden&#8220;. Und hier kommt auch gleich noch eine kleine Unterrichtslektion: Im Italienischen hei\u00dft die einzelne Wurst Salame, w\u00e4hrend Salami der Plural ist. Im Deutschen wurde der italienische Plural \u201eSalami\u201c zur Einzelform und der Plural \u201eSalamis\u201c entstand.<\/p>\n<p>Knoblauch ist eines der aromatischsten Gew\u00fcrze in der K\u00fcche. Er ist geschmackvoll, wohlriechend und au\u00dferdem sehr gesund. Ein echtes Gew\u00fcrzwunder! Sie bekommen nicht genug vom Knoblauchgeschmack? Dann sollten Sie sich unbedingt unsere <a href=\"https:\/\/monsieursaucisson.com\/de\/fuet-edelsalami-knoblauch\/\">Fuet Edelsalami Knoblauch<\/a> oder unsere <a href=\"https:\/\/monsieursaucisson.com\/de\/knoblauch-salami\/\">franz\u00f6sische Knoblauchwurst<\/a>\u00a0probieren. Wir empfehlen, die Au\u00dfenseite der Salami nicht zu essen. Nehmen Sie die Salami aus der Verpackung und lassen Sie diese eine Weile \u201cl\u00fcften\u201d, um den Geschmack die Salami voll zu genie\u00dfen.<\/p>\n<p>Bella Italia l\u00e4\u00dft gr\u00fcssen.<\/p>\n<h2><\/h2>\n","protected":false},"excerpt":{"rendered":"<p>Probieren Sie diese popul\u00e4re italienische Salami mit Knoblauch &#8211; immer ein Genuss. Diese Knoblauchsalami ist k\u00f6stlich, w\u00fcrzig und aus hochwertigem Schweinefleisch hergestellt &#8211; sehr lecker auf jedem Wurstteller. Kombiniert mit einem trockenen Rotwein oder einem frisch gek\u00fchltem Blonden &#8211; unschlagbar lecker!<\/p>\n<p>Mehr italienische Salamis gibt es <a href=\"https:\/\/monsieursaucisson.com\/de\/?s=italienische+Salami&amp;submit=\">hier<\/a>.<\/p>\n","protected":false},"featured_media":2677,"template":"","meta":{"_acf_changed":false,"iawp_total_views":311,"editor_notices":[]},"product_brand":[],"product_cat":[15,338],"product_tag":[],"class_list":{"0":"post-2676","1":"product","2":"type-product","3":"status-publish","4":"has-post-thumbnail","6":"product_cat-alle-produkte","7":"product_cat-italienische-salami","9":"first","10":"instock","11":"taxable","12":"shipping-taxable","13":"purchasable","14":"product-type-simple"},"acf":[],"_links":{"self":[{"href":"https:\/\/monsieursaucisson.com\/de\/wp-json\/wp\/v2\/product\/2676","targetHints":{"allow":["GET"]}}],"collection":[{"href":"https:\/\/monsieursaucisson.com\/de\/wp-json\/wp\/v2\/product"}],"about":[{"href":"https:\/\/monsieursaucisson.com\/de\/wp-json\/wp\/v2\/types\/product"}],"wp:featuredmedia":[{"embeddable":true,"href":"https:\/\/monsieursaucisson.com\/de\/wp-json\/wp\/v2\/media\/2677"}],"wp:attachment":[{"href":"https:\/\/monsieursaucisson.com\/de\/wp-json\/wp\/v2\/media?parent=2676"}],"wp:term":[{"taxonomy":"product_brand","embeddable":true,"href":"https:\/\/monsieursaucisson.com\/de\/wp-json\/wp\/v2\/product_brand?post=2676"},{"taxonomy":"product_cat","embeddable":true,"href":"https:\/\/monsieursaucisson.com\/de\/wp-json\/wp\/v2\/product_cat?post=2676"},{"taxonomy":"product_tag","embeddable":true,"href":"https:\/\/monsieursaucisson.com\/de\/wp-json\/wp\/v2\/product_tag?post=2676"}],"curies":[{"name":"wp","href":"https:\/\/api.w.org\/{rel}","templated":true}]}}