{"id":2674,"date":"2023-12-14T09:13:02","date_gmt":"2023-12-14T08:13:02","guid":{"rendered":"https:\/\/monsieursaucisson.com\/de\/?post_type=product&#038;p=2674"},"modified":"2026-04-14T20:33:05","modified_gmt":"2026-04-14T18:33:05","slug":"salami-peperoncino","status":"publish","type":"product","link":"https:\/\/monsieursaucisson.com\/de\/salami-peperoncino\/","title":{"rendered":"Italienische Salami Peperoncino"},"content":{"rendered":"<h2>Italienische Salami Peperoncino &#8211; die n\u00f6tige Sch\u00e4rfe<\/h2>\n<p>Italien ist nicht nur ein beliebtes Reiseziel, sondern auch ber\u00fchmt ber\u00fcchtigt f\u00fcr das Essen &#8211; insbesondere Salamis. Ist ja auch kein Wunder, denn die Salamis wurden dort &#8222;erfunden&#8220;. Und hier kommt auch gleich noch eine kleine Unterrichtslektion: Im Italienischen hei\u00dft die einzelne Wurst Salame, w\u00e4hrend Salami der Plural ist. Im Deutschen wurde der italienische Plural \u201eSalami\u201c zur Einzelform und der Plural \u201eSalamis\u201c entstand.<\/p>\n<p>Die Salami Peperoncino ist eine k\u00f6stliche und authentische Salami aus Italien &#8211; sehr lecker und sehr beliebt! <a href=\"https:\/\/de.wikipedia.org\/wiki\/Chilipulver\" target=\"_blank\" rel=\"noopener\">Peperoncino<\/a> hei\u00dft auf Deutsch: kleine Paprika und ist die italienische Bezeichnung f\u00fcr Chilischoten. Sie werden &#8211; frisch oder getrocknet &#8211; h\u00e4ufig in der italienischen K\u00fcche verwendet und verleihen vielen Speisen, wie z. B. Pastaso\u00dfen und Pizzas die gew\u00fcnschte Sch\u00e4rfe.<\/p>\n<p>Die Peperoncino Salami hat einen angenehm w\u00fcrzigen Geschmack und sollte auf keinen Fall in Ihrer K\u00fcche fehlen. Wir empfehlen Ihnen, nicht die Au\u00dfenseite der Salami zu konsumieren. Nehmen Sie die Salami aus der Verpackung und lassen Sie sie eine Weile an der Luft liegen, dann k\u00f6nnen Sie Ihre italienische Salami Peperoncino voll genie\u00dfen!<\/p>\n","protected":false},"excerpt":{"rendered":"<p>Italien ruft. Probieren Sie diese beliebte italienische Salami Peperoncino! Mit der Salami Peperoncino bekommen Sie eine herrlich w\u00fcrzige Wurst nach Hause geliefert &#8211; eine perfekte Erg\u00e4nzung f\u00fcr\u00a0 jeden Tisch, Teller und Buffet.<\/p>\n<p>Mehr italienische Salamis gibt es <a href=\"https:\/\/monsieursaucisson.com\/de\/?s=italienische+Salami&amp;submit=\">hier<\/a>.<\/p>\n","protected":false},"featured_media":2675,"template":"","meta":{"_acf_changed":false,"iawp_total_views":707,"editor_notices":[]},"product_brand":[],"product_cat":[338,15],"product_tag":[],"class_list":{"0":"post-2674","1":"product","2":"type-product","3":"status-publish","4":"has-post-thumbnail","6":"product_cat-italienische-salami","7":"product_cat-alle-produkte","9":"first","10":"instock","11":"taxable","12":"shipping-taxable","13":"purchasable","14":"product-type-simple"},"acf":[],"_links":{"self":[{"href":"https:\/\/monsieursaucisson.com\/de\/wp-json\/wp\/v2\/product\/2674","targetHints":{"allow":["GET"]}}],"collection":[{"href":"https:\/\/monsieursaucisson.com\/de\/wp-json\/wp\/v2\/product"}],"about":[{"href":"https:\/\/monsieursaucisson.com\/de\/wp-json\/wp\/v2\/types\/product"}],"wp:featuredmedia":[{"embeddable":true,"href":"https:\/\/monsieursaucisson.com\/de\/wp-json\/wp\/v2\/media\/2675"}],"wp:attachment":[{"href":"https:\/\/monsieursaucisson.com\/de\/wp-json\/wp\/v2\/media?parent=2674"}],"wp:term":[{"taxonomy":"product_brand","embeddable":true,"href":"https:\/\/monsieursaucisson.com\/de\/wp-json\/wp\/v2\/product_brand?post=2674"},{"taxonomy":"product_cat","embeddable":true,"href":"https:\/\/monsieursaucisson.com\/de\/wp-json\/wp\/v2\/product_cat?post=2674"},{"taxonomy":"product_tag","embeddable":true,"href":"https:\/\/monsieursaucisson.com\/de\/wp-json\/wp\/v2\/product_tag?post=2674"}],"curies":[{"name":"wp","href":"https:\/\/api.w.org\/{rel}","templated":true}]}}