{"id":2672,"date":"2023-12-17T20:12:39","date_gmt":"2023-12-17T19:12:39","guid":{"rendered":"https:\/\/monsieursaucisson.com\/de\/?post_type=product&#038;p=2672"},"modified":"2026-04-11T15:47:02","modified_gmt":"2026-04-11T13:47:02","slug":"italienische-salami-naturbelassen","status":"publish","type":"product","link":"https:\/\/monsieursaucisson.com\/de\/italienische-salami-naturbelassen\/","title":{"rendered":"Italienische Salami naturbelassen"},"content":{"rendered":"<h2>Italienische Salami naturbelassen (Salami naturel) &#8211; ein unverf\u00e4lschter Geschmack<\/h2>\n<p><span class=\"OYPEnA text-decoration-none text-strikethrough-none\">Italien ist nicht nur ein beliebtes Reiseziel, sondern auch ber\u00fchmt ber\u00fcchtigt f\u00fcr das Essen &#8211; insbesondere Salamis. Ist ja auch kein Wunder, denn die Salamis wurden dort &#8222;erfunden&#8220;. Und hier kommt auch gleich noch eine kleine Unterrichtslektion: Im Italienischen hei\u00dft die einzelne Wurst Salame, w\u00e4hrend Salami der Plural ist. Im Deutschen wurde der italienische Plural \u201eSalami\u201c zur Einzelform und der Plural \u201eSalamis\u201c entstand.<\/span><\/p>\n<p>Die italienische Salami naturbelassen ist eine k\u00f6stliche authentische Natursalami aus Norditalien. Sehr empfehlenswert f\u00fcr Liebhaber der italienischen K\u00fcche.<\/p>\n<p>Wir empfehlen, die Au\u00dfenseite der Salami nicht zu essen. Nehmen Sie die Salami aus der Verpackung und lassen Sie diese eine Weile \u201cl\u00fcften\u201d, um den Geschmack die Salami voll zu genie\u00dfen. Bella Italia l\u00e4\u00dft gr\u00fcssen.<\/p>\n","protected":false},"excerpt":{"rendered":"<p>Die Salami ist eine typische Wurstspezialit\u00e4t aus Italien. Egal ob als Belag auf der Pizza oder auf dem Brot, Salami ist nicht mehr aus unserem Alltag wegzudenken. Und purer als unsere italienische Salami naturbelassen gehts nicht &#8211; ein unverf\u00e4lschter Salamigeschmack &#8211; Natur pur. Ein k\u00f6stlicher Zwischenmahlzeit oder als Beilage.<\/p>\n<p>Mehr italienische Salamis gibt es <a href=\"https:\/\/monsieursaucisson.com\/de\/?s=italienische+Salami&amp;submit=\">hier<\/a>.<\/p>\n","protected":false},"featured_media":2673,"template":"","meta":{"_acf_changed":false,"iawp_total_views":431,"editor_notices":[]},"product_brand":[],"product_cat":[338,15],"product_tag":[],"class_list":{"0":"post-2672","1":"product","2":"type-product","3":"status-publish","4":"has-post-thumbnail","6":"product_cat-italienische-salami","7":"product_cat-alle-produkte","9":"first","10":"instock","11":"taxable","12":"shipping-taxable","13":"purchasable","14":"product-type-simple"},"acf":[],"_links":{"self":[{"href":"https:\/\/monsieursaucisson.com\/de\/wp-json\/wp\/v2\/product\/2672","targetHints":{"allow":["GET"]}}],"collection":[{"href":"https:\/\/monsieursaucisson.com\/de\/wp-json\/wp\/v2\/product"}],"about":[{"href":"https:\/\/monsieursaucisson.com\/de\/wp-json\/wp\/v2\/types\/product"}],"wp:featuredmedia":[{"embeddable":true,"href":"https:\/\/monsieursaucisson.com\/de\/wp-json\/wp\/v2\/media\/2673"}],"wp:attachment":[{"href":"https:\/\/monsieursaucisson.com\/de\/wp-json\/wp\/v2\/media?parent=2672"}],"wp:term":[{"taxonomy":"product_brand","embeddable":true,"href":"https:\/\/monsieursaucisson.com\/de\/wp-json\/wp\/v2\/product_brand?post=2672"},{"taxonomy":"product_cat","embeddable":true,"href":"https:\/\/monsieursaucisson.com\/de\/wp-json\/wp\/v2\/product_cat?post=2672"},{"taxonomy":"product_tag","embeddable":true,"href":"https:\/\/monsieursaucisson.com\/de\/wp-json\/wp\/v2\/product_tag?post=2672"}],"curies":[{"name":"wp","href":"https:\/\/api.w.org\/{rel}","templated":true}]}}