{"id":2670,"date":"2023-12-17T19:04:57","date_gmt":"2023-12-17T18:04:57","guid":{"rendered":"https:\/\/monsieursaucisson.com\/de\/?post_type=product&#038;p=2670"},"modified":"2026-04-06T22:52:01","modified_gmt":"2026-04-06T20:52:01","slug":"italienische-trueffelsalami","status":"publish","type":"product","link":"https:\/\/monsieursaucisson.com\/de\/italienische-trueffelsalami\/","title":{"rendered":"Italienische Tr\u00fcffelsalami mit weissen Tr\u00fcffeln"},"content":{"rendered":"<h2>Italienische Tr\u00fcffelsalami mit weissen Tr\u00fcffeln &#8211; Salame al Tartufo<\/h2>\n<p>Bella Italia l\u00e4\u00dft gr\u00fcssen. Italien ist nicht nur ein beliebtes Reiseziel, sondern auch ber\u00fchmt ber\u00fcchtigt f\u00fcr das Essen \u2013 insbesondere Salamis. Ist ja auch kein Wunder, denn die Salamis wurden dort \u201cerfunden\u201d. Und es gibt gleich noch eine kleine Unterrichtslektion: Im Italienischen hei\u00dft die einzelne Wurst &#8222;Salame&#8220; und Salami ist der Plural. Im Deutschen wurde der italienische Plural \u201eSalami\u201c zur Einzelform und der Plural \u201eSalamis\u201c entstand.<\/p>\n<p>Die beliebte und hei\u00dfbegehrte, italienische Wurst: die Salami. Diese authentische, italienische Tr\u00fcffelsalami mit weissen Tr\u00fcffeln und einem Spritzer Wein ist eine der besten W\u00fcrste, die Sie je essen werden. Der weisse Tr\u00fcffel verleiht der Salami einen erdigen und kr\u00e4ftigen Geschmack.<\/p>\n<p>Sie k\u00f6nnen nicht genug von dem k\u00f6stlichen Tr\u00fcffelgeschmack bekommen? Dann sollten Sie sich unbedingt unsere <a href=\"https:\/\/monsieursaucisson.com\/de\/trueffelsalami\/\">franz\u00f6sische Tr\u00fcffelsalami<\/a> und die <a href=\"https:\/\/monsieursaucisson.com\/de\/fuet-edelsalami-trueffel\/\">Fuet Edelsalami Tr\u00fcffel<\/a> anschauen und probieren. Wir empfehlen, die Au\u00dfenseite der Salami nicht zu essen. Nehmen Sie die Salami aus der Verpackung und lassen Sie diese eine Weile &#8222;l\u00fcften&#8220;, um den Geschmack die Salami voll zu genie\u00dfen.<\/p>\n","protected":false},"excerpt":{"rendered":"<p>Die italienische K\u00fcche ruft. Probieren Sie doch einmal die beliebte italienische Tr\u00fcffelsalami mit weissen Tr\u00fcffeln Mit der Salami Peperoncino bekommen Sie eine herrlich pikante Wurst nach Hause geliefert &#8211; eine perfekte Erg\u00e4nzung f\u00fcr jeden Tisch, Teller und Buffet.<\/p>\n<p>Mehr italienische Salamis gibt es <a href=\"https:\/\/monsieursaucisson.com\/de\/?s=italienische+Salami&amp;submit=\">hier<\/a>.<\/p>\n","protected":false},"featured_media":2671,"template":"","meta":{"_acf_changed":false,"iawp_total_views":310,"editor_notices":[]},"product_brand":[],"product_cat":[338,15],"product_tag":[],"class_list":{"0":"post-2670","1":"product","2":"type-product","3":"status-publish","4":"has-post-thumbnail","6":"product_cat-italienische-salami","7":"product_cat-alle-produkte","9":"first","10":"instock","11":"taxable","12":"shipping-taxable","13":"purchasable","14":"product-type-simple"},"acf":[],"_links":{"self":[{"href":"https:\/\/monsieursaucisson.com\/de\/wp-json\/wp\/v2\/product\/2670","targetHints":{"allow":["GET"]}}],"collection":[{"href":"https:\/\/monsieursaucisson.com\/de\/wp-json\/wp\/v2\/product"}],"about":[{"href":"https:\/\/monsieursaucisson.com\/de\/wp-json\/wp\/v2\/types\/product"}],"wp:featuredmedia":[{"embeddable":true,"href":"https:\/\/monsieursaucisson.com\/de\/wp-json\/wp\/v2\/media\/2671"}],"wp:attachment":[{"href":"https:\/\/monsieursaucisson.com\/de\/wp-json\/wp\/v2\/media?parent=2670"}],"wp:term":[{"taxonomy":"product_brand","embeddable":true,"href":"https:\/\/monsieursaucisson.com\/de\/wp-json\/wp\/v2\/product_brand?post=2670"},{"taxonomy":"product_cat","embeddable":true,"href":"https:\/\/monsieursaucisson.com\/de\/wp-json\/wp\/v2\/product_cat?post=2670"},{"taxonomy":"product_tag","embeddable":true,"href":"https:\/\/monsieursaucisson.com\/de\/wp-json\/wp\/v2\/product_tag?post=2670"}],"curies":[{"name":"wp","href":"https:\/\/api.w.org\/{rel}","templated":true}]}}