{"id":2662,"date":"2023-12-13T16:59:19","date_gmt":"2023-12-13T15:59:19","guid":{"rendered":"https:\/\/monsieursaucisson.com\/de\/?post_type=product&#038;p=2662"},"modified":"2026-04-08T14:50:39","modified_gmt":"2026-04-08T12:50:39","slug":"salami-roquefort-und-walnuss","status":"publish","type":"product","link":"https:\/\/monsieursaucisson.com\/de\/salami-roquefort-und-walnuss\/","title":{"rendered":"Franz\u00f6sische Salami Roquefort und Walnuss"},"content":{"rendered":"<h2>Salami Roquefort und Walnuss &#8211; Blauschimmelk\u00e4se aus roher Schafsmilch<\/h2>\n<p>Verw\u00f6hnen Sie sich und andere mit der schmackhaften Salami Roquefort und Walnuss aus Frankreich. Diese franz\u00f6sische Wurst verf\u00fcgt \u00fcber eine einzigartige Geschmackskomposition aus <a href=\"https:\/\/de.wikipedia.org\/wiki\/Roquefort_(K%C3%A4se)\" target=\"_blank\" rel=\"noopener\">Roquefort-K\u00e4se<\/a> und Waln\u00fcssen. Diese Salami ist trocken und gleichzeitig so cremig. Dies macht die au\u00dfergew\u00f6hnliche Salami Roquefort und Walnuss perfekt f\u00fcr jeden Anlass!<\/p>\n<p>Es ist unsere Leidenschaft, Ihnen echte und au\u00dfergew\u00f6hnliche franz\u00f6sische Spezialit\u00e4ten anzubieten. Egal ob Sie ein Feinschmecker sind oder einfach nur auf der Suche nach etwas Besonderem, probieren Sie unsere\u00a0<a href=\"https:\/\/monsieursaucisson.com\/de\/franzoesische-salami\/\">franz\u00f6sischen Salamis<\/a>, um Ihren Gaumen zu verw\u00f6hnen.<\/p>\n<p>&nbsp;<\/p>\n","protected":false},"excerpt":{"rendered":"<p>Probieren Sie die schmackhafte, franz\u00f6sische Salami Roquefort und Walnuss &#8211; mit echtem Blauschimmelk\u00e4se. Yammie! Es handelt sich um eine klassische Wurst mit dem vollen Geschmack von Roquefort K\u00e4se und Waln\u00fcssen. Die Salami Roquefort und Walnuss ist eine trockene und gleichzeitig cremige Wurst. Sie werden diese k\u00f6stliche Geschmackskombination genie\u00dfen.<\/p>\n<p>Diese Wurst ist an ihrem wei\u00df-gelben Strang zu erkennen.<\/p>\n<p>&nbsp;<\/p>\n","protected":false},"featured_media":2663,"template":"","meta":{"_acf_changed":false,"iawp_total_views":418,"editor_notices":[]},"product_brand":[],"product_cat":[85,81,82,15],"product_tag":[],"class_list":{"0":"post-2662","1":"product","2":"type-product","3":"status-publish","4":"has-post-thumbnail","6":"product_cat-saucisson-sec-franzosische-salami","7":"product_cat-luftgetrocknete-salami","8":"product_cat-franzoesische-salami","9":"product_cat-alle-produkte","11":"first","12":"instock","13":"taxable","14":"shipping-taxable","15":"purchasable","16":"product-type-simple"},"acf":[],"_links":{"self":[{"href":"https:\/\/monsieursaucisson.com\/de\/wp-json\/wp\/v2\/product\/2662","targetHints":{"allow":["GET"]}}],"collection":[{"href":"https:\/\/monsieursaucisson.com\/de\/wp-json\/wp\/v2\/product"}],"about":[{"href":"https:\/\/monsieursaucisson.com\/de\/wp-json\/wp\/v2\/types\/product"}],"wp:featuredmedia":[{"embeddable":true,"href":"https:\/\/monsieursaucisson.com\/de\/wp-json\/wp\/v2\/media\/2663"}],"wp:attachment":[{"href":"https:\/\/monsieursaucisson.com\/de\/wp-json\/wp\/v2\/media?parent=2662"}],"wp:term":[{"taxonomy":"product_brand","embeddable":true,"href":"https:\/\/monsieursaucisson.com\/de\/wp-json\/wp\/v2\/product_brand?post=2662"},{"taxonomy":"product_cat","embeddable":true,"href":"https:\/\/monsieursaucisson.com\/de\/wp-json\/wp\/v2\/product_cat?post=2662"},{"taxonomy":"product_tag","embeddable":true,"href":"https:\/\/monsieursaucisson.com\/de\/wp-json\/wp\/v2\/product_tag?post=2662"}],"curies":[{"name":"wp","href":"https:\/\/api.w.org\/{rel}","templated":true}]}}