{"id":2659,"date":"2023-12-11T20:35:38","date_gmt":"2023-12-11T19:35:38","guid":{"rendered":"https:\/\/monsieursaucisson.com\/de\/?post_type=product&#038;p=2659"},"modified":"2026-04-29T15:50:46","modified_gmt":"2026-04-29T13:50:46","slug":"fuet-salami-mit-blauschimmelkaese","status":"publish","type":"product","link":"https:\/\/monsieursaucisson.com\/de\/fuet-salami-mit-blauschimmelkaese\/","title":{"rendered":"Fuet Salami mit Blauschimmelk\u00e4se"},"content":{"rendered":"<h2>Fuet Salami mit Blauschimmelk\u00e4se &#8211; typisch katalonisch<\/h2>\n<p>Erleben Sie den typischen Geschmack Kataloniens mit unserem naturbelassenen spanischen Fuet Salami mit Blauschimmelk\u00e4se &#8211; angereichert mit der saftigen Cremigkeit des Bleu d&#8217;Auvergne. Wir von Monsieur Saucisson bieten Ihnen eine ultimative, kulinarische Erfahrung direkt aus der katalanischen Region. Unser spanische Fuet Salami verbindet sich m\u00fchelos mit den weichen, cremigen Noten des Bleu d&#8217;Auvergne (Blauk\u00e4se) zu einem unvergleichlichen Geschmackserlebnis.<\/p>\n<p>Monsieur Saucisson ist der Spezialist f\u00fcr die Produkte rund um Buffets, Vespertafeln und Wurstplatten. Unsere k\u00f6stliche Fuet Salami mit Blauschimmelk\u00e4se aus Spanien ist ein perfektes Beispiel daf\u00fcr. Entdecken Sie dieses unvergleichliche Geschmackserlebnis, das Ihre G\u00e4ste verzaubern wird.<\/p>\n<p>Lassen Sie sich von Monsieur Saucisson inspirieren und genie\u00dfen Sie das Beste, was die katalanische, franz\u00f6sische und italienische K\u00fcche zu bieten hat. Entscheiden Sie sich f\u00fcr Qualit\u00e4t, entscheiden Sie sich f\u00fcr authentische Geschm\u00e4cker. Monsieur Saucisson, der Name, den Sie sich unbedingt merken sollten.<\/p>\n","protected":false},"excerpt":{"rendered":"<p>Die Fuet Salami mit Blauschimmelk\u00e4se (Saucisson Bleu D&#8217;Auvergne) ist einer unserer Bestseller! Probieren Sie diese k\u00f6stliche, spanische Salami mit Blauschimmelk\u00e4se &#8211; den reinen Geschmack von Schweinefleisch, kombiniert mit dem cremigen Geschmack des Bleu d&#8217;Auvergne. Eine k\u00f6stliche Geschmackskombination, die eine perfekte Erg\u00e4nzung f\u00fcr Ihre Vespertafel ist.<\/p>\n<p>Die k\u00f6stliche Salami ist an der blauen Schnur zu erkennen.<\/p>\n","protected":false},"featured_media":2660,"template":"","meta":{"_acf_changed":false,"iawp_total_views":128,"editor_notices":[]},"product_brand":[],"product_cat":[15,88,81,87],"product_tag":[],"class_list":{"0":"post-2659","1":"product","2":"type-product","3":"status-publish","4":"has-post-thumbnail","6":"product_cat-alle-produkte","7":"product_cat-fuet-salami","8":"product_cat-luftgetrocknete-salami","9":"product_cat-spanische-wurst","11":"first","12":"instock","13":"taxable","14":"shipping-taxable","15":"purchasable","16":"product-type-simple"},"acf":[],"_links":{"self":[{"href":"https:\/\/monsieursaucisson.com\/de\/wp-json\/wp\/v2\/product\/2659","targetHints":{"allow":["GET"]}}],"collection":[{"href":"https:\/\/monsieursaucisson.com\/de\/wp-json\/wp\/v2\/product"}],"about":[{"href":"https:\/\/monsieursaucisson.com\/de\/wp-json\/wp\/v2\/types\/product"}],"wp:featuredmedia":[{"embeddable":true,"href":"https:\/\/monsieursaucisson.com\/de\/wp-json\/wp\/v2\/media\/2660"}],"wp:attachment":[{"href":"https:\/\/monsieursaucisson.com\/de\/wp-json\/wp\/v2\/media?parent=2659"}],"wp:term":[{"taxonomy":"product_brand","embeddable":true,"href":"https:\/\/monsieursaucisson.com\/de\/wp-json\/wp\/v2\/product_brand?post=2659"},{"taxonomy":"product_cat","embeddable":true,"href":"https:\/\/monsieursaucisson.com\/de\/wp-json\/wp\/v2\/product_cat?post=2659"},{"taxonomy":"product_tag","embeddable":true,"href":"https:\/\/monsieursaucisson.com\/de\/wp-json\/wp\/v2\/product_tag?post=2659"}],"curies":[{"name":"wp","href":"https:\/\/api.w.org\/{rel}","templated":true}]}}