{"id":2655,"date":"2023-12-19T10:35:37","date_gmt":"2023-12-19T09:35:37","guid":{"rendered":"https:\/\/monsieursaucisson.com\/de\/?post_type=product&#038;p=2655"},"modified":"2026-04-19T20:07:05","modified_gmt":"2026-04-19T18:07:05","slug":"schwarze-olivenpaste-tapenade","status":"publish","type":"product","link":"https:\/\/monsieursaucisson.com\/de\/schwarze-olivenpaste-tapenade\/","title":{"rendered":"Tapenade &#8211; schwarze Olivenpaste"},"content":{"rendered":"<h2>Schwarze Olivenpaste &#8211; eine hervorragende Alternative<\/h2>\n<p>Wir von Monsieur Saucisson lieben es, Sie in die Welt der k\u00f6stlichen Delikatessen einzuf\u00fchren, und unsere authentische schwarze Olivenpaste ist da keine Ausnahme. Tapenade ist nichts anderes als eine Olivenpaste, aber mit einer besonderen Raffinesse. Anstatt die Oliven zu einem feinen Brei zu mahlen, werden diese sanft zerdr\u00fcckt, wodurch eine gr\u00f6bere und rustikalere Textur bewahrt wird. Diese kulinarische Variante sorgt f\u00fcr eine unwiderstehliche Textur und einen unwiderstehlichen Geschmack.<\/p>\n<p>Die schwarze Olivenpaste ist ein wahrer Genuss f\u00fcr Ihre Geschmacksknospen. Die Oliven werden mit sorgf\u00e4ltig ausgew\u00e4hlten Zutaten kombiniert, so dass eine harmonische Mischung aus reichem Geschmack und Aromen entsteht. Ob Sie die Tapenade als k\u00f6stlichen Aperitif auf knuspriges Toastbrot streichen oder sie in Ihr Lieblingsgericht verarbeiten, unsere Tapenade wird Sie immer wieder aufs Neue \u00fcberraschen.<\/p>\n<p>Lassen Sie Ihre Sinne von dem au\u00dfergew\u00f6hnlichen Geschmack und der Textur unserer Tapenade aus schwarzen Oliven verf\u00fchren. Verleihen Sie Ihren kulinarischen Abenteuern mit Monsieur Saucisson einen Hauch von Authentizit\u00e4t und spanischer Finesse.<\/p>\n<p>&nbsp;<\/p>\n","protected":false},"excerpt":{"rendered":"<p>Probieren Sie diese k\u00f6stliche schwarze Olivenpaste (Tapenade) aus schwarzen Oliven. Es handelt sich dabei um eine Olivenpaste, die durch Zerkleinern der Oliven hergestellt wird, anstatt sie zu mahlen. Dadurch bleibt eine gr\u00f6bere Textur erhalten &#8211; perfekt auf Toast oder in einem Gericht, und eine perfekte Erg\u00e4nzung f\u00fcr Ihren Tisch oder Buffet.<\/p>\n<p><em><a href=\"https:\/\/monsieursaucisson.com\/de\/?s=Tapenade&amp;submit=\">Tapenaden<\/a> sind<\/em> <em>eine hervorragende Alternative zu Wurst, K\u00e4se und Schinken.<\/em><\/p>\n","protected":false},"featured_media":1085,"template":"","meta":{"_acf_changed":false,"iawp_total_views":76,"editor_notices":[]},"product_brand":[],"product_cat":[15,309,313,341],"product_tag":[],"class_list":{"0":"post-2655","1":"product","2":"type-product","3":"status-publish","4":"has-post-thumbnail","6":"product_cat-alle-produkte","7":"product_cat-delikatessen","8":"product_cat-tapas","9":"product_cat-tapenade","11":"first","12":"instock","13":"taxable","14":"shipping-taxable","15":"purchasable","16":"product-type-simple"},"acf":[],"_links":{"self":[{"href":"https:\/\/monsieursaucisson.com\/de\/wp-json\/wp\/v2\/product\/2655","targetHints":{"allow":["GET"]}}],"collection":[{"href":"https:\/\/monsieursaucisson.com\/de\/wp-json\/wp\/v2\/product"}],"about":[{"href":"https:\/\/monsieursaucisson.com\/de\/wp-json\/wp\/v2\/types\/product"}],"wp:featuredmedia":[{"embeddable":true,"href":"https:\/\/monsieursaucisson.com\/de\/wp-json\/wp\/v2\/media\/1085"}],"wp:attachment":[{"href":"https:\/\/monsieursaucisson.com\/de\/wp-json\/wp\/v2\/media?parent=2655"}],"wp:term":[{"taxonomy":"product_brand","embeddable":true,"href":"https:\/\/monsieursaucisson.com\/de\/wp-json\/wp\/v2\/product_brand?post=2655"},{"taxonomy":"product_cat","embeddable":true,"href":"https:\/\/monsieursaucisson.com\/de\/wp-json\/wp\/v2\/product_cat?post=2655"},{"taxonomy":"product_tag","embeddable":true,"href":"https:\/\/monsieursaucisson.com\/de\/wp-json\/wp\/v2\/product_tag?post=2655"}],"curies":[{"name":"wp","href":"https:\/\/api.w.org\/{rel}","templated":true}]}}