{"id":2385,"date":"2024-01-05T09:56:18","date_gmt":"2024-01-05T08:56:18","guid":{"rendered":"https:\/\/monsieursaucisson.com\/de\/?post_type=product&#038;p=2385"},"modified":"2026-02-23T14:22:46","modified_gmt":"2026-02-23T13:22:46","slug":"spanische-tapas","status":"publish","type":"product","link":"https:\/\/monsieursaucisson.com\/de\/spanische-tapas\/","title":{"rendered":"Spanische Tapas &#8211; Schlemmerpaket"},"content":{"rendered":"<h2>Spanische Tapas &#8211; ein Schlemmerpaket aus dem S\u00fcden<\/h2>\n<p>Tapas eignen sich hervorragend f\u00fcr einen sch\u00f6nen Fernsehabend, eine Party oder ein Treffen mit Freunden &#8211; spanische Tapas sind das Fingerfood! Einfach und schnell zuzubereiten und sooooo lecker!<\/p>\n<p>Zu den bekanntesten Tapas z\u00e4hlen Pimientos de Padr\u00f3n, spansiche Chips, Aioli (spanische Knoblauchcreme), Alb\u00f3ndigos (Hackfleischb\u00e4llchen in Tomatensauce), sowie spanische Wurst und K\u00e4se. Und Monsieur Saucisson mag ein echter franz\u00f6sischer Feinschmecker sein, aber er liebt auch die spanischen <a href=\"https:\/\/de.wikipedia.org\/wiki\/Tapa_(Gericht)\" target=\"_blank\" rel=\"noopener\">Tapas<\/a>. W\u00e4re doch Schade, Ihnen diese vorzuenthalten.<\/p>\n<p>In diesem leckeren Schlemmerpaket finden Sie k\u00f6stliche spanische Tapas wie Fuet, Iberico-Chips, spanischen K\u00e4se und Pasteten und mehr! Genie\u00dfen Sie authentische K\u00f6stlichkeiten, die direkt zu Ihnen nach Hause geliefert werden. Dieses Schlemmerpaket eignet sich perfekt zum Verschenken, oder um sich auch mal etwas zu g\u00f6nnen. Bestellen Sie dieses kulinarische Wurstpaket oder \u00fcberraschen Sie jemanden mit einem unserer anderen <a href=\"https:\/\/monsieursaucisson.com\/de\/wurstpakete-und-geschenksets\/\">Wurstsets<\/a> oder <a href=\"https:\/\/monsieursaucisson.com\/de\/bierspezialitaeten\/\">Bierspezialit\u00e4ten<\/a>!<\/p>\n<p>&nbsp;<\/p>\n","protected":false},"excerpt":{"rendered":"<p class=\"qrShPb pXs6bb PZPZlf q8U8x aTI8gc\" data-local-attribute=\"d3bn\" data-attrid=\"title\" data-ved=\"2ahUKEwjxk57r7cWDAxW04gIHHTOGBe8Q3B0oAXoECCgQEQ\">Hola amigos! Monsieur Saucisson ist zwar ein echter franz\u00f6sischer Feinschmecker, aber das hei\u00dft nicht, dass er sich nur in seinem geliebten Frankreich aufh\u00e4lt. S\u00fcdeuropa hat so viele k\u00f6stliche Dinge zu bieten und unser Schlemmerpaket mit spanischen Tapas ist ein gutes beispiel hierf\u00fcr.<\/p>\n<p class=\"qrShPb pXs6bb PZPZlf q8U8x aTI8gc\" data-local-attribute=\"d3bn\" data-attrid=\"title\" data-ved=\"2ahUKEwjxk57r7cWDAxW04gIHHTOGBe8Q3B0oAXoECCgQEQ\">In diesem Schlemmerpaket finden Sie k\u00f6stliche spanische Tapas, wie Fuet, Iberico-Chips (die schmecken wirklich nach Schinken), spanische K\u00e4sesorten, Pasteten und vieles mehr!<\/p>\n<p>Genie\u00dfen Sie es selbst oder verschenken Sie es an Freunden und Familie! Salud!<\/p>\n","protected":false},"featured_media":3541,"template":"","meta":{"_acf_changed":false,"iawp_total_views":164,"editor_notices":[]},"product_brand":[],"product_cat":[15],"product_tag":[],"class_list":{"0":"post-2385","1":"product","2":"type-product","3":"status-publish","4":"has-post-thumbnail","6":"product_cat-alle-produkte","8":"first","9":"instock","10":"taxable","11":"shipping-taxable","12":"product-type-simple"},"acf":[],"_links":{"self":[{"href":"https:\/\/monsieursaucisson.com\/de\/wp-json\/wp\/v2\/product\/2385","targetHints":{"allow":["GET"]}}],"collection":[{"href":"https:\/\/monsieursaucisson.com\/de\/wp-json\/wp\/v2\/product"}],"about":[{"href":"https:\/\/monsieursaucisson.com\/de\/wp-json\/wp\/v2\/types\/product"}],"wp:featuredmedia":[{"embeddable":true,"href":"https:\/\/monsieursaucisson.com\/de\/wp-json\/wp\/v2\/media\/3541"}],"wp:attachment":[{"href":"https:\/\/monsieursaucisson.com\/de\/wp-json\/wp\/v2\/media?parent=2385"}],"wp:term":[{"taxonomy":"product_brand","embeddable":true,"href":"https:\/\/monsieursaucisson.com\/de\/wp-json\/wp\/v2\/product_brand?post=2385"},{"taxonomy":"product_cat","embeddable":true,"href":"https:\/\/monsieursaucisson.com\/de\/wp-json\/wp\/v2\/product_cat?post=2385"},{"taxonomy":"product_tag","embeddable":true,"href":"https:\/\/monsieursaucisson.com\/de\/wp-json\/wp\/v2\/product_tag?post=2385"}],"curies":[{"name":"wp","href":"https:\/\/api.w.org\/{rel}","templated":true}]}}