{"id":1621,"date":"2023-07-06T11:50:41","date_gmt":"2023-07-06T09:50:41","guid":{"rendered":"https:\/\/monsieursaucisson.com\/nl\/?post_type=product&#038;p=1621"},"modified":"2025-09-16T13:02:52","modified_gmt":"2025-09-16T11:02:52","slug":"das-beste","status":"publish","type":"product","link":"https:\/\/monsieursaucisson.com\/de\/das-beste\/","title":{"rendered":"Das Beste von Monsieur Saucisson"},"content":{"rendered":"<p>Jeden Monat ein Wurstpaket mit das Beste von Monsieur Saucisson &#8211; und das ganz automatisch. Das ist nicht nur lecker, sondern kann auch sehr praktisch sein und Zeit sparen! Am letzten Tag eines jeden Monats erhalten Sie von uns eine Nachricht mit dem Hinweis auf das n\u00e4chste Abonnement. Sie haben hier die Cr\u00e8me de la Cr\u00e8me! Doch Lust auf etwas anderes? <a href=\"https:\/\/monsieursaucisson.com\/de\/wurst-abonnement\/\" target=\"_blank\" rel=\"noopener\">Hier gibt es mehr<\/a>.<\/p>\n<h2>Das Beste von Monsieur Saucisson-Abo<\/h2>\n<p>Monsieur Saucisson bucht jeden Monat automatisch den f\u00e4lligen Betrag ab, einschlie\u00dflich Lieferkosten. Daf\u00fcr erhalten Sie immer verschiedene Delikatessen wie Salami, Trockenschinken, Pasteten und vieles mehr. Sie sind an nichts gebunden und das Wurst-Abo kann jeden Monat gek\u00fcndigt werden! Sch\u00f6n einfach, wenn man mal im Urlaub ist. Sie m\u00fcssen sich nur einen Moment Zeit nehmen, um Wein und Brot zu besorgen, und schon werden die W\u00fcrste zu Ihnen nach Hause geliefert.<\/p>\n<h3>Wann kann man die Wurst essen?<\/h3>\n<p>Sie k\u00f6nnen die W\u00fcrste zu verschiedenen Zeiten des Tages essen &#8211; zum Fr\u00fchst\u00fcck, Mittagessen oder Brunch. Diese luftgetrockneten W\u00fcrste sind besonders lecker in Verbindung mit Getr\u00e4nken oder einem Gl\u00e4sschen Wein, sowie als H\u00e4ppchen mit K\u00e4se und Oliven. Unser Tipp: Kombinieren Sie und genie\u00dfen Sie die verschiedenen Geschmacksnuancen. Das Das Beste von Monsieur Saucisson &#8211; Paket wird nicht nur f\u00fcr den t\u00e4glichen Gebrauch gekauft, sondern auch als Geschenk f\u00fcr Freunde\/Familie oder als Werbegeschenk.<\/p>\n<h3>Allergene<\/h3>\n<p>Alle Saucisson von Monsieur Saucisson enthalten kein Gluten. Mit 1 Ausnahme: die Zwiebelwurst. Die W\u00fcrste sind nicht laktosefrei. Dar\u00fcber hinaus k\u00f6nnen alle Wurstsorten Spuren von N\u00fcssen enthalten. Die Nussw\u00fcrste enthalten ganze N\u00fcsse, wie Haseln\u00fcsse, Waln\u00fcsse, Kastanien oder Pistazien.<\/p>\n<h3>Haltbarkeit<\/h3>\n<p>Die W\u00fcrste sind mindestens 2 Monate haltbar. Sie werden am besten au\u00dferhalb des K\u00fchlschranks an einem dunklen, trockenen Ort gelagert. Sie k\u00f6nnen die Salamis aber auch in der K\u00fcche oder im Keller aufh\u00e4ngen. Angeschnitten sind die W\u00fcrste ca. 4 bis 6 Wochen haltbar.n hat das perfekte Wurst-Abonnement, wenn Sie immer leckere Wurst zu Hause haben m\u00f6chten.<\/p>\n","protected":false},"excerpt":{"rendered":"<p>Lassen Sie sich von den 5 beliebtesten Produkten von Monsieur Saucisson \u00fcberraschen &#8211; perfekt, wenn Sie immer etwas im Haus haben wollen, dass allen schmeckt! Dieses Wurst-Abonnement enth\u00e4lt vier Geschmacksrichtungen, die fester Bestandteil unseres Sortiments sind: Naturel, Knoblauch, mit 5 Pfeffersorten und der Geschmack des Urlaubs: Bleu d\u2019Auvergne (Blauschimmelk\u00e4se). Die f\u00fcnfte Geschmacksrichtung wird jede Saison gewechselt, so dass es nie langweilig wird!<\/p>\n<p><strong>Ihre Vorteile auf einen Blick:<\/strong><\/p>\n<ul>\n<li>Jeden Monat die meistverkauften Geschmacksrichtungen &#8211; also das Beste von Monsieur Saucisson<\/li>\n<li>1 fester Betrag pro Zeitperiode (+ 3,99 \u20ac Versandkosten)<\/li>\n<\/ul>\n<p>Alles, was Sie tun m\u00fcssen, ist das Beste von Monsieur Saucisson genie\u00dfen, denn wir k\u00fcmmern uns um den Rest!<\/p>\n<p>Ihr Abo verl\u00e4ngert sich automatisch, eine K\u00fcndigung ist bis 7 Tage vorher m\u00f6glich.<\/p>\n","protected":false},"featured_media":1571,"template":"","meta":{"_acf_changed":false,"iawp_total_views":694,"editor_notices":[]},"product_brand":[],"product_cat":[303,15],"product_tag":[],"class_list":{"0":"post-1621","1":"product","2":"type-product","3":"status-publish","4":"has-post-thumbnail","6":"product_cat-abonnement","7":"product_cat-alle-produkte","9":"first","10":"instock","11":"taxable","12":"shipping-taxable","13":"purchasable","14":"product-type-variable-subscription"},"acf":[],"_links":{"self":[{"href":"https:\/\/monsieursaucisson.com\/de\/wp-json\/wp\/v2\/product\/1621","targetHints":{"allow":["GET"]}}],"collection":[{"href":"https:\/\/monsieursaucisson.com\/de\/wp-json\/wp\/v2\/product"}],"about":[{"href":"https:\/\/monsieursaucisson.com\/de\/wp-json\/wp\/v2\/types\/product"}],"wp:featuredmedia":[{"embeddable":true,"href":"https:\/\/monsieursaucisson.com\/de\/wp-json\/wp\/v2\/media\/1571"}],"wp:attachment":[{"href":"https:\/\/monsieursaucisson.com\/de\/wp-json\/wp\/v2\/media?parent=1621"}],"wp:term":[{"taxonomy":"product_brand","embeddable":true,"href":"https:\/\/monsieursaucisson.com\/de\/wp-json\/wp\/v2\/product_brand?post=1621"},{"taxonomy":"product_cat","embeddable":true,"href":"https:\/\/monsieursaucisson.com\/de\/wp-json\/wp\/v2\/product_cat?post=1621"},{"taxonomy":"product_tag","embeddable":true,"href":"https:\/\/monsieursaucisson.com\/de\/wp-json\/wp\/v2\/product_tag?post=1621"}],"curies":[{"name":"wp","href":"https:\/\/api.w.org\/{rel}","templated":true}]}}