{"id":1607,"date":"2023-06-30T17:19:35","date_gmt":"2023-06-30T15:19:35","guid":{"rendered":"https:\/\/monsieursaucisson.com\/nl\/?post_type=product&#038;p=1607"},"modified":"2026-04-07T19:05:13","modified_gmt":"2026-04-07T17:05:13","slug":"geraeucherter-schinken-luftgetrocknet","status":"publish","type":"product","link":"https:\/\/monsieursaucisson.com\/de\/geraeucherter-schinken-luftgetrocknet\/","title":{"rendered":"Ger\u00e4ucherter Schinken aus Spanien &#8211; luftgetrocknet"},"content":{"rendered":"<h2>Ger\u00e4ucherter Schinken aus Spanien &#8211; luftgetrocknet<\/h2>\n<p>Verw\u00f6hnen Sie Ihre Geschmacksnerven mit unserem ger\u00e4ucherten Schinken aus Spanien. Diese delikaten, spanischen Schinken werden in einen Darm abgef\u00fcllt und wiegen zwischen 700 und 850 Gramm. Durch das R\u00e4uchern erh\u00e4lt der ger\u00e4ucherter Schinken einen einzigartigen und intensiven Geschmack. Jede einzelne Scheibe ist von dem charakteristischen Raucharoma durchdrungen, und jeder Bissen wird zu einem wahren Geschmackserlebnis.<\/p>\n<p>Probieren Sie etwas Neues. Probieren Sie diesen ger\u00e4ucherten Schinken und genie\u00dfen Sie seinen unwiderstehlichen Geschmack. Bestellen Sie noch heute und entdecken Sie den reichen Geschmack von ger\u00e4uchertem Schinken.<\/p>\n<h3>Wann werden ger\u00e4ucherte Schinken und Saucissons gegessen?<\/h3>\n<p>Sie k\u00f6nnen die Schinken und W\u00fcrste zu verschiedenen Tageszeiten und Gelegenheiten genie\u00dfen &#8211; zum Fr\u00fchst\u00fcck, Mittagessen oder Brunch. Besonders zu empfehlen zu einem sch\u00f6nen Glas Wein, mit K\u00e4se oder Oliven &#8211; oder einfach zum Geburstag, zum n\u00e4chsten Pokerabend und nat\u00fcrlich f\u00fcr die Couch. Schinken und Salamis werden nicht nur f\u00fcr den t\u00e4glichen Gebrauch gekauft, sondern auch als Geschenk f\u00fcr Freunde, Familie oder als Mitbringsel.<\/p>\n<h3>Allergene<\/h3>\n<p>Alle Saucissons von Monsieur Saucisson sind glutenfrei. Mit einer Ausnahme: die Zwiebelbratwurst. Dar\u00fcber hinaus k\u00f6nnen alle Wurstwaren Spuren von N\u00fcssen enthalten.<\/p>\n<h3>Haltbarkeit<\/h3>\n<p>Unsere W\u00fcrste sind mindestens 2 Monate haltbar. Sie werden am besten au\u00dferhalb des K\u00fchlschranks an einem dunklen, trockenen Ort gelagert. Sie k\u00f6nnen die Salamis aber auch in der K\u00fcche oder im Keller aufh\u00e4ngen. Angeschnitten sind die W\u00fcrste ca. 4 bis 6 Wochen haltbar.<\/p>\n<p>Brauchen Sie mehr Informationen? Klicken Sie <a href=\"https:\/\/monsieursaucisson.com\/de\/faq\/\">hier<\/a> und werfen Sie einen Blick auf unsere FAQ-Seite.<\/p>\n","protected":false},"excerpt":{"rendered":"<p>Leckerer spanischer Jamon. Dieser ger\u00e4ucherte Schinken aus Spanien ist luftgetrocknet und l\u00e4\u00dft Ihre Geschmacksnerven explodieren. Durch das R\u00e4uchern erh\u00e4lt der ger\u00e4ucherter Schinken einen einzigartigen und intensiven Geschmack. Schinken und Salamis werden nicht nur f\u00fcr den t\u00e4glichen Gebrauch gekauft, sondern auch als Geschenk f\u00fcr Freunde, Familie oder als Mitbringsel.<\/p>\n<p>Mit einem Gewicht zwischen 700 und 850 Gramm haben Sie immer etwas im Haus!<\/p>\n","protected":false},"featured_media":2412,"template":"","meta":{"_acf_changed":false,"iawp_total_views":270,"editor_notices":[]},"product_brand":[],"product_cat":[340,304,327,15],"product_tag":[],"class_list":{"0":"post-1607","1":"product","2":"type-product","3":"status-publish","4":"has-post-thumbnail","6":"product_cat-aufschnitt-am-stueck","7":"product_cat-aufschnitt","8":"product_cat-luftgetrockneter-schinken","9":"product_cat-alle-produkte","11":"first","12":"instock","13":"taxable","14":"shipping-taxable","15":"purchasable","16":"product-type-simple"},"acf":[],"_links":{"self":[{"href":"https:\/\/monsieursaucisson.com\/de\/wp-json\/wp\/v2\/product\/1607","targetHints":{"allow":["GET"]}}],"collection":[{"href":"https:\/\/monsieursaucisson.com\/de\/wp-json\/wp\/v2\/product"}],"about":[{"href":"https:\/\/monsieursaucisson.com\/de\/wp-json\/wp\/v2\/types\/product"}],"wp:featuredmedia":[{"embeddable":true,"href":"https:\/\/monsieursaucisson.com\/de\/wp-json\/wp\/v2\/media\/2412"}],"wp:attachment":[{"href":"https:\/\/monsieursaucisson.com\/de\/wp-json\/wp\/v2\/media?parent=1607"}],"wp:term":[{"taxonomy":"product_brand","embeddable":true,"href":"https:\/\/monsieursaucisson.com\/de\/wp-json\/wp\/v2\/product_brand?post=1607"},{"taxonomy":"product_cat","embeddable":true,"href":"https:\/\/monsieursaucisson.com\/de\/wp-json\/wp\/v2\/product_cat?post=1607"},{"taxonomy":"product_tag","embeddable":true,"href":"https:\/\/monsieursaucisson.com\/de\/wp-json\/wp\/v2\/product_tag?post=1607"}],"curies":[{"name":"wp","href":"https:\/\/api.w.org\/{rel}","templated":true}]}}