{"id":1604,"date":"2023-06-30T17:12:12","date_gmt":"2023-06-30T15:12:12","guid":{"rendered":"https:\/\/monsieursaucisson.com\/nl\/?post_type=product&#038;p=1604"},"modified":"2026-04-11T13:30:27","modified_gmt":"2026-04-11T11:30:27","slug":"spanischer-schinken-mit-pfeffer","status":"publish","type":"product","link":"https:\/\/monsieursaucisson.com\/de\/spanischer-schinken-mit-pfeffer\/","title":{"rendered":"Spanischer Schinken mit Pfeffer"},"content":{"rendered":"<h2>Spanischer Schinken mit Pfeffer &#8211; luftgetrocknet<\/h2>\n<p>Spanischer Schinken mit Pfeffer &#8211; entdecken Sie den w\u00fcrzigen Geschmack dieses luftgetrockneten Schinkens mit Pfeffer. Diese w\u00fcrzigen Schinken aus Spanien werden in D\u00e4rmen abgef\u00fcllt und wiegen zwischen 700 und 850 Gramm. Durch die Zugabe von Pfefferk\u00f6rnern w\u00e4hrend des traditionellen Herstellungsverfahrens entsteht ein einzigartiges und w\u00fcrziges Geschmackserlebnis. Jede Schinkenscheibe ist mit einem intensiven Pfeffergeschmack durchzogen, der eine schmackhafte Erg\u00e4nzung f\u00fcr Ihre K\u00fcche darstellt. Bestellen Sie noch heute Ihren spansichen SChinken mit Pfefferrand und probieren Sie diese pikante Note.<\/p>\n<h3>Wann werden spanischer Schinken mit Pfeffer und Saucissons gegessen?<\/h3>\n<p>Sie k\u00f6nnen den Schinken mit Kr\u00e4utern (oder anderen Schinken) zu verschiedenen Tageszeiten und Gelegenheiten genie\u00dfen &#8211; zum Fr\u00fchst\u00fcck, Mittagessen oder Brunch. Besonders zu empfehlen zu einem sch\u00f6nen Glas Wein, mit K\u00e4se oder Oliven &#8211; oder einfach zum Geburstag, zum n\u00e4chsten Pokerabend und nat\u00fcrlich f\u00fcr die Couch. Schinken und Salamis werden nicht nur f\u00fcr den t\u00e4glichen Gebrauch gekauft, sondern auch als Geschenk f\u00fcr Freunde, Familie oder als Mitbringsel.<\/p>\n<h3>Allergene<\/h3>\n<p>Alle Saucissons von <a href=\"https:\/\/monsieursaucisson.com\/de\/\">Monsieur Saucisson<\/a> sind glutenfrei. Mit einer Ausnahme: die Zwiebelbratwurst. Dar\u00fcber hinaus k\u00f6nnen alle Wurstwaren Spuren von N\u00fcssen enthalten.<\/p>\n<h3>Haltbarkeit<\/h3>\n<p>Unsere W\u00fcrste sind mindestens 2 Monate haltbar. Sie werden am besten au\u00dferhalb des K\u00fchlschranks an einem dunklen, trockenen Ort gelagert. Sie k\u00f6nnen die Salamis aber auch in der K\u00fcche oder im Keller aufh\u00e4ngen. Angeschnitten sind die W\u00fcrste ca. 4 bis 6 Wochen haltbar.<\/p>\n<p>Brauchen Sie mehr Informationen? Klicken Sie <a href=\"https:\/\/monsieursaucisson.com\/de\/faq\/\">hier<\/a> und werfen Sie einen Blick auf unsere FAQ-Seite.<\/p>\n","protected":false},"excerpt":{"rendered":"<p>K\u00f6stlicher spanischer Jamon. Dieser luftgetrocknete Schinken mit Pfefferrand wird Ihren Gaumen kitzeln. Durch den Pfeffer erh\u00e4lt der luftgetrocknete Schinken einen einzigartigen Geschmack. Schinken und Salamis werden nicht nur f\u00fcr den allt\u00e4glichen Gebrauch gekauft, sondern eignen sich auch super als Geschenk f\u00fcr Freunde, Familie oder einfach als Mitbringsel.<\/p>\n<p>Mit einem Gewicht zwischen 700 und 850 Gramm haben Sie immer etwas im Haus!<\/p>\n","protected":false},"featured_media":1023,"template":"","meta":{"_acf_changed":false,"iawp_total_views":239,"editor_notices":[]},"product_brand":[],"product_cat":[15,304,340,327],"product_tag":[],"class_list":{"0":"post-1604","1":"product","2":"type-product","3":"status-publish","4":"has-post-thumbnail","6":"product_cat-alle-produkte","7":"product_cat-aufschnitt","8":"product_cat-aufschnitt-am-stueck","9":"product_cat-luftgetrockneter-schinken","11":"first","12":"instock","13":"taxable","14":"shipping-taxable","15":"purchasable","16":"product-type-variable"},"acf":[],"_links":{"self":[{"href":"https:\/\/monsieursaucisson.com\/de\/wp-json\/wp\/v2\/product\/1604","targetHints":{"allow":["GET"]}}],"collection":[{"href":"https:\/\/monsieursaucisson.com\/de\/wp-json\/wp\/v2\/product"}],"about":[{"href":"https:\/\/monsieursaucisson.com\/de\/wp-json\/wp\/v2\/types\/product"}],"wp:featuredmedia":[{"embeddable":true,"href":"https:\/\/monsieursaucisson.com\/de\/wp-json\/wp\/v2\/media\/1023"}],"wp:attachment":[{"href":"https:\/\/monsieursaucisson.com\/de\/wp-json\/wp\/v2\/media?parent=1604"}],"wp:term":[{"taxonomy":"product_brand","embeddable":true,"href":"https:\/\/monsieursaucisson.com\/de\/wp-json\/wp\/v2\/product_brand?post=1604"},{"taxonomy":"product_cat","embeddable":true,"href":"https:\/\/monsieursaucisson.com\/de\/wp-json\/wp\/v2\/product_cat?post=1604"},{"taxonomy":"product_tag","embeddable":true,"href":"https:\/\/monsieursaucisson.com\/de\/wp-json\/wp\/v2\/product_tag?post=1604"}],"curies":[{"name":"wp","href":"https:\/\/api.w.org\/{rel}","templated":true}]}}