{"id":1601,"date":"2023-06-30T17:06:00","date_gmt":"2023-06-30T15:06:00","guid":{"rendered":"https:\/\/monsieursaucisson.com\/nl\/?post_type=product&#038;p=1601"},"modified":"2026-04-08T21:20:17","modified_gmt":"2026-04-08T19:20:17","slug":"luftgetrockneter-schinken-mit-kraeutern","status":"publish","type":"product","link":"https:\/\/monsieursaucisson.com\/de\/luftgetrockneter-schinken-mit-kraeutern\/","title":{"rendered":"Luftgetrockneter Schinken mit Kr\u00e4utern"},"content":{"rendered":"<h2>Luftgetrockneter Schinken mit Kr\u00e4utern &#8211; spanischer Schinken<\/h2>\n<p>Verleihen Sie Ihrer Festtafel eine zus\u00e4tzliche Geschmacksdimension mit diesem spanischen Schinken mit Kr\u00e4utern. Der delikate und luftgetrockneter Schinken mit Kr\u00e4utern wird in einen Darm abgef\u00fcllt und wiegt zwischen 700 und 850 Gramm. Das traditionelle Herstellungsverfahren und die Zugabe von feinen Kr\u00e4utern verleihen diesem Schinken einen unvergleichlichen und besonders raffinierten Geschmack. Mit jedem Bissen erleben Sie eine perfekte Kombination aus Zartheit, Trocknung und aromatischen Kr\u00e4utern. Bestellen Sie noch heute und \u00fcberraschen Sie Ihre Geschmacksnerven.<\/p>\n<h3>Wann wird luftgetrockneter Schinken mit Kr\u00e4utern gegessen?<\/h3>\n<p>Sie k\u00f6nnen den Schinken mit Kr\u00e4utern (oder anderen Schinken) zu verschiedenen Tageszeiten und Gelegenheiten genie\u00dfen &#8211; zum Fr\u00fchst\u00fcck, Mittagessen oder Brunch. Besonders zu empfehlen zu einem sch\u00f6nen Glas Wein, mit K\u00e4se oder Oliven &#8211; oder einfach zum Geburstag, zum n\u00e4chsten Pokerabend und nat\u00fcrlich f\u00fcr die Couch. Schinken und Salamis werden nicht nur f\u00fcr den t\u00e4glichen Gebrauch gekauft, sondern auch als Geschenk f\u00fcr Freunde, Familie oder als Mitbringsel.<\/p>\n<h3>Allergene<\/h3>\n<p>Alle Saucissons von Monsieur Saucisson sind glutenfrei. Mit einer Ausnahme: die Zwiebelbratwurst. Dar\u00fcber hinaus k\u00f6nnen alle Wurstwaren Spuren von N\u00fcssen enthalten.<\/p>\n<h3>Haltbarkeit<\/h3>\n<p>Unsere W\u00fcrste sind mindestens 2 Monate haltbar. Sie werden am besten au\u00dferhalb des K\u00fchlschranks an einem dunklen, trockenen Ort gelagert. Sie k\u00f6nnen die Salamis aber auch in der K\u00fcche oder im Keller aufh\u00e4ngen. Angeschnitten sind die W\u00fcrste ca. 4 bis 6 Wochen haltbar.<\/p>\n<p>Brauchen Sie mehr Informationen? Klicken Sie <a href=\"https:\/\/monsieursaucisson.com\/de\/faq\/\">hier<\/a> und werfen Sie einen Blick auf unsere FAQ-Seite.<\/p>\n","protected":false},"excerpt":{"rendered":"<p>K\u00f6stlicher spanischer Jamon. Dieser luftgetrocknete Schinken mit Kr\u00e4utern wird Ihre Geschmacksnerven verzaubern. Durch die verschiedenen Kr\u00e4uter erh\u00e4lt der Schinken einen einzigartigen Geschmack. Schinken und Salamis werden nicht nur f\u00fcr den allt\u00e4glichen Gebrauch gekauft, sondern eignen sich auch super als Geschenk f\u00fcr Freunde, Familie oder als Mitbringsel.<\/p>\n<p>Mit einem Gewicht zwischen 700 und 850 Gramm haben Sie immer etwas im Haus!<\/p>\n","protected":false},"featured_media":2415,"template":"","meta":{"_acf_changed":false,"iawp_total_views":255,"editor_notices":[]},"product_brand":[],"product_cat":[340,304,327,15],"product_tag":[],"class_list":{"0":"post-1601","1":"product","2":"type-product","3":"status-publish","4":"has-post-thumbnail","6":"product_cat-aufschnitt-am-stueck","7":"product_cat-aufschnitt","8":"product_cat-luftgetrockneter-schinken","9":"product_cat-alle-produkte","11":"first","12":"instock","13":"taxable","14":"shipping-taxable","15":"purchasable","16":"product-type-variable"},"acf":[],"_links":{"self":[{"href":"https:\/\/monsieursaucisson.com\/de\/wp-json\/wp\/v2\/product\/1601","targetHints":{"allow":["GET"]}}],"collection":[{"href":"https:\/\/monsieursaucisson.com\/de\/wp-json\/wp\/v2\/product"}],"about":[{"href":"https:\/\/monsieursaucisson.com\/de\/wp-json\/wp\/v2\/types\/product"}],"wp:featuredmedia":[{"embeddable":true,"href":"https:\/\/monsieursaucisson.com\/de\/wp-json\/wp\/v2\/media\/2415"}],"wp:attachment":[{"href":"https:\/\/monsieursaucisson.com\/de\/wp-json\/wp\/v2\/media?parent=1601"}],"wp:term":[{"taxonomy":"product_brand","embeddable":true,"href":"https:\/\/monsieursaucisson.com\/de\/wp-json\/wp\/v2\/product_brand?post=1601"},{"taxonomy":"product_cat","embeddable":true,"href":"https:\/\/monsieursaucisson.com\/de\/wp-json\/wp\/v2\/product_cat?post=1601"},{"taxonomy":"product_tag","embeddable":true,"href":"https:\/\/monsieursaucisson.com\/de\/wp-json\/wp\/v2\/product_tag?post=1601"}],"curies":[{"name":"wp","href":"https:\/\/api.w.org\/{rel}","templated":true}]}}