{"id":1556,"date":"2023-05-30T17:05:10","date_gmt":"2023-05-30T15:05:10","guid":{"rendered":"https:\/\/monsieursaucisson.com\/nl\/?post_type=product&#038;p=1556"},"modified":"2026-04-01T05:10:40","modified_gmt":"2026-04-01T03:10:40","slug":"spanischer-ziegenkaese","status":"publish","type":"product","link":"https:\/\/monsieursaucisson.com\/de\/spanischer-ziegenkaese\/","title":{"rendered":"Spanischer Ziegenk\u00e4se"},"content":{"rendered":"<h2>Spanischer Ziegenk\u00e4se &#8211; ein unvergleichbares Geschmackserlebnis<\/h2>\n<p>Entdecken Sie den k\u00f6stlichen Geschmack unseres halbgereiften und einzigartigen Ziegenk\u00e4ses, der die reine Tradition Spaniens verk\u00f6rpert. Er wird aus sorgf\u00e4ltig ausgew\u00e4hlter, pasteurisierter Ziegenmilch hergestellt, die aus den \u00fcppigen spanischen Landschaften stammt. Dieser schmackhafte K\u00e4se zeichnet sich durch seinen milden, aber unverwechselbaren Geschmack aus.<\/p>\n<p>Mehr\u00a0<a href=\"https:\/\/monsieursaucisson.com\/de\/kaese-aus-spanien\/\" target=\"_blank\" rel=\"noopener\">K\u00e4se aus Spanien<\/a>!<\/p>\n","protected":false},"excerpt":{"rendered":"<p>Neben den bekannten Schafsk\u00e4sesorten wie dem <a href=\"https:\/\/monsieursaucisson.com\/de\/queso-manchego\/\">Manchego<\/a> gibt es auch einen exquisiten Ziegenk\u00e4se, den Queso de Cabra. Entdecken Sie den k\u00f6stlichen Geschmack unseres halbgereiften Ziegenk\u00e4ses &#8211; ein einzigartiger K\u00e4se, der die spanischen Tradition verk\u00f6rpert. Hergestellt wird der Ziegenk\u00e4se aus sorgf\u00e4ltig ausgew\u00e4hlter, pasteurisierter Ziegenmilch.<\/p>\n","protected":false},"featured_media":2526,"template":"","meta":{"_acf_changed":false,"iawp_total_views":147,"editor_notices":[]},"product_brand":[],"product_cat":[309,313,318,15],"product_tag":[],"class_list":{"0":"post-1556","1":"product","2":"type-product","3":"status-publish","4":"has-post-thumbnail","6":"product_cat-delikatessen","7":"product_cat-tapas","8":"product_cat-kaese-aus-spanien","9":"product_cat-alle-produkte","11":"first","12":"instock","13":"taxable","14":"shipping-taxable","15":"purchasable","16":"product-type-simple"},"acf":[],"_links":{"self":[{"href":"https:\/\/monsieursaucisson.com\/de\/wp-json\/wp\/v2\/product\/1556","targetHints":{"allow":["GET"]}}],"collection":[{"href":"https:\/\/monsieursaucisson.com\/de\/wp-json\/wp\/v2\/product"}],"about":[{"href":"https:\/\/monsieursaucisson.com\/de\/wp-json\/wp\/v2\/types\/product"}],"wp:featuredmedia":[{"embeddable":true,"href":"https:\/\/monsieursaucisson.com\/de\/wp-json\/wp\/v2\/media\/2526"}],"wp:attachment":[{"href":"https:\/\/monsieursaucisson.com\/de\/wp-json\/wp\/v2\/media?parent=1556"}],"wp:term":[{"taxonomy":"product_brand","embeddable":true,"href":"https:\/\/monsieursaucisson.com\/de\/wp-json\/wp\/v2\/product_brand?post=1556"},{"taxonomy":"product_cat","embeddable":true,"href":"https:\/\/monsieursaucisson.com\/de\/wp-json\/wp\/v2\/product_cat?post=1556"},{"taxonomy":"product_tag","embeddable":true,"href":"https:\/\/monsieursaucisson.com\/de\/wp-json\/wp\/v2\/product_tag?post=1556"}],"curies":[{"name":"wp","href":"https:\/\/api.w.org\/{rel}","templated":true}]}}